{"id":16737,"date":"2026-04-10T13:43:35","date_gmt":"2026-04-10T13:43:35","guid":{"rendered":"https:\/\/www.jfy-international.com\/privacy-statement-za\/"},"modified":"2026-04-10T13:43:35","modified_gmt":"2026-04-10T13:43:35","slug":"privacy-statement-za","status":"publish","type":"page","link":"https:\/\/www.jfy-international.com\/cs\/privacy-statement-za\/","title":{"rendered":"Privacy Statement (ZA)"},"content":{"rendered":"<!-- Legal document generated by Complianz | GDPR\/CCPA Cookie Consent https:\/\/wordpress.org\/plugins\/complianz-gdpr -->\n<div id=\"cmplz-document\" class=\"cmplz-document privacy-statement cmplz-document-za\"><p><i>Toto prohl\u00e1\u0161en\u00ed o ochran\u011b osobn\u00edch \u00fadaj\u016f bylo naposledy aktualizov\u00e1no Duben 10, 2026 a vztahuje se na ob\u010dany a osoby s trval\u00fdm pobytem v Ji\u017en\u00ed Africe.<\/i><br \/><br \/><\/p><p>V tomto prohl\u00e1\u0161en\u00ed o ochran\u011b osobn\u00edch \u00fadaj\u016f vysv\u011btlujeme, co d\u011bl\u00e1me s \u00fadaji, kter\u00e9 o v\u00e1s z\u00edsk\u00e1me prost\u0159ednictv\u00edm <a href=\"https:\/\/www.jfy-international.com\/cs\">https:\/\/www.jfy-international.com\/cs<\/a>. Doporu\u010dujeme, abyste si toto prohl\u00e1\u0161en\u00ed pozorn\u011b p\u0159e\u010detli. P\u0159i na\u0161em zpracov\u00e1n\u00ed dodr\u017eujeme po\u017eadavky pr\u00e1vn\u00edch p\u0159edpis\u016f na ochranu soukrom\u00ed. To mimo jin\u00e9 znamen\u00e1, \u017ee:<\/p><ul>\n                <li>jasn\u011b uv\u00e1d\u00edme \u00fa\u010dely, pro kter\u00e9 zpracov\u00e1v\u00e1me osobn\u00ed \u00fadaje. D\u011bl\u00e1me to prost\u0159ednictv\u00edm tohoto prohl\u00e1\u0161en\u00ed o ochran\u011b osobn\u00edch \u00fadaj\u016f;<\/li>\n                <li>na\u0161\u00edm c\u00edlem je omezit shroma\u017e\u010fov\u00e1n\u00ed osobn\u00edch \u00fadaj\u016f pouze na osobn\u00ed \u00fadaje nezbytn\u00e9 pro pln\u011bn\u00ed z\u00e1konn\u00fdch povinnost\u00ed;<\/li>\n                <li>nejprve vy\u017eadujeme v\u00fdslovn\u00fd souhlas se zpracov\u00e1n\u00edm osobn\u00edch \u00fadaj\u016f v p\u0159\u00edpadech, kter\u00e9 v\u00e1\u0161 souhlas vy\u017eaduj\u00ed;<\/li>\n                <li>p\u0159ij\u00edm\u00e1me p\u0159im\u011b\u0159en\u00e1 bezpe\u010dnostn\u00ed opat\u0159en\u00ed na ochranu va\u0161ich osobn\u00edch \u00fadaj\u016f a rovn\u011b\u017e to vy\u017eadujeme od t\u0159et\u00edch stran, kter\u00e9 zpracov\u00e1vaj\u00ed osobn\u00ed \u00fadaje na\u0161\u00edm jm\u00e9nem;<\/li>\n                <li>Respektujeme va\u0161e pr\u00e1vo na p\u0159\u00edstup k va\u0161im osobn\u00edm \u00fadaj\u016fm, na jejich opravu nebo v\u00fdmaz na va\u0161i \u017e\u00e1dost.<\/li>\n            <\/ul><p>M\u00e1te-li jak\u00e9koli dotazy nebo chcete v\u011bd\u011bt p\u0159esn\u011b, jak\u00fdmi \u00fadaji o v\u00e1s disponujeme, kontaktujte n\u00e1s.<\/p><h2>1. \u00da\u010del, \u00fadaje a doba uchov\u00e1v\u00e1n\u00ed<\/h2>M\u016f\u017eeme shroma\u017e\u010fovat nebo p\u0159ij\u00edmat osobn\u00ed \u00fadaje pro \u0159adu \u00fa\u010del\u016f spojen\u00fdch s na\u0161imi obchodn\u00edmi operacemi, kter\u00e9 mohou zahrnovat n\u00e1sleduj\u00edc\u00ed: (kliknut\u00edm rozbal\u00edte)<details class=\"cmplz-dropdown dropdown-privacy-statement\"><summary><div><h3>1.1 Prod\u00e1vat nebo sd\u00edlet \u00fadaje s t\u0159et\u00ed stranou<\/h3><\/div><\/summary><p class=\"cmplz-subtitle\">K tomuto \u00fa\u010delu pou\u017e\u00edv\u00e1me n\u00e1sleduj\u00edc\u00ed \u00fadaje:<\/p><p><ul><li>Jm\u00e9no a p\u0159\u00edjmen\u00ed<\/li><li>N\u00e1zev \u00fa\u010dtu nebo p\u0159ezd\u00edvka<\/li><li>Dom\u00e1c\u00ed nebo jin\u00e1 fyzick\u00e1 adresa, v\u010detn\u011b n\u00e1zvu ulice a m\u011bsta<\/li><li>E-mailov\u00e1 adresa<\/li><li>Telefonn\u00ed \u010d\u00edslo<\/li><\/ul><\/p><p class=\"cmplz-subtitle\">Doba uchov\u00e1n\u00ed:<\/p><p>Tyto \u00fadaje uchov\u00e1v\u00e1me, dokud nen\u00ed slu\u017eba ukon\u010dena.<\/p><\/details><details class=\"cmplz-dropdown dropdown-privacy-statement\"><summary><div><h3>1.2 Kontakt \u2013 telefonicky, po\u0161tou, e-mailem a\/nebo webov\u00fdmi formul\u00e1\u0159i<\/h3><\/div><\/summary><p class=\"cmplz-subtitle\">K tomuto \u00fa\u010delu pou\u017e\u00edv\u00e1me n\u00e1sleduj\u00edc\u00ed \u00fadaje:<\/p><p><ul><li>Jm\u00e9no a p\u0159\u00edjmen\u00ed<\/li><li>N\u00e1zev \u00fa\u010dtu nebo p\u0159ezd\u00edvka<\/li><li>Dom\u00e1c\u00ed nebo jin\u00e1 fyzick\u00e1 adresa, v\u010detn\u011b n\u00e1zvu ulice a m\u011bsta<\/li><li>E-mailov\u00e1 adresa<\/li><li>Telefonn\u00ed \u010d\u00edslo<\/li><li>IP adresa<\/li><li>Geoloka\u010dn\u00ed data<\/li><li>Informace o online aktivit\u00e1ch, v\u010detn\u011b historie proch\u00e1zen\u00ed, historie vyhled\u00e1v\u00e1n\u00ed a informac\u00ed t\u00fdkaj\u00edc\u00edch se interakce z\u00e1kazn\u00edka s webovou str\u00e1nkou, aplikac\u00ed nebo reklamou.<\/li><\/ul><\/p><p class=\"cmplz-subtitle\">Doba uchov\u00e1n\u00ed:<\/p><p>Tyto \u00fadaje uchov\u00e1v\u00e1me, dokud nen\u00ed slu\u017eba ukon\u010dena.<\/p><\/details><details class=\"cmplz-dropdown dropdown-privacy-statement\"><summary><div><h3>1.3 Registrace \u00fa\u010dtu<\/h3><\/div><\/summary><p class=\"cmplz-subtitle\">K tomuto \u00fa\u010delu pou\u017e\u00edv\u00e1me n\u00e1sleduj\u00edc\u00ed \u00fadaje:<\/p><p><ul><li>Jm\u00e9no a p\u0159\u00edjmen\u00ed<\/li><li>N\u00e1zev \u00fa\u010dtu nebo p\u0159ezd\u00edvka<\/li><li>E-mailov\u00e1 adresa<\/li><li>IP adresa<\/li><\/ul><\/p><p class=\"cmplz-subtitle\">Doba uchov\u00e1n\u00ed:<\/p><p>Tyto \u00fadaje uchov\u00e1v\u00e1me, dokud nen\u00ed slu\u017eba ukon\u010dena.<\/p><\/details><details class=\"cmplz-dropdown dropdown-privacy-statement\"><summary><div><h3>1.4 Zas\u00edl\u00e1n\u00ed zpravodaj\u016f<\/h3><\/div><\/summary><p class=\"cmplz-subtitle\">K tomuto \u00fa\u010delu pou\u017e\u00edv\u00e1me n\u00e1sleduj\u00edc\u00ed \u00fadaje:<\/p><p><ul><li>Jm\u00e9no a p\u0159\u00edjmen\u00ed<\/li><li>N\u00e1zev \u00fa\u010dtu nebo p\u0159ezd\u00edvka<\/li><li>E-mailov\u00e1 adresa<\/li><li>Dom\u00e1c\u00ed nebo jin\u00e1 fyzick\u00e1 adresa, v\u010detn\u011b n\u00e1zvu ulice a m\u011bsta<\/li><li>Telefonn\u00ed \u010d\u00edslo<\/li><li>IP adresa<\/li><\/ul><\/p><p class=\"cmplz-subtitle\">Doba uchov\u00e1n\u00ed:<\/p><p>Tyto \u00fadaje uchov\u00e1v\u00e1me, dokud nen\u00ed slu\u017eba ukon\u010dena.<\/p><\/details><details class=\"cmplz-dropdown dropdown-privacy-statement\"><summary><div><h3>1.5 Podpora slu\u017eeb nebo produkt\u016f, kter\u00e9 z\u00e1kazn\u00edk chce koupit nebo zakoupil<\/h3><\/div><\/summary><p class=\"cmplz-subtitle\">K tomuto \u00fa\u010delu pou\u017e\u00edv\u00e1me n\u00e1sleduj\u00edc\u00ed \u00fadaje:<\/p><p><ul><li>Jm\u00e9no a p\u0159\u00edjmen\u00ed<\/li><li>N\u00e1zev \u00fa\u010dtu nebo p\u0159ezd\u00edvka<\/li><li>Dom\u00e1c\u00ed nebo jin\u00e1 fyzick\u00e1 adresa, v\u010detn\u011b n\u00e1zvu ulice a m\u011bsta<\/li><li>E-mailov\u00e1 adresa<\/li><li>Telefonn\u00ed \u010d\u00edslo<\/li><li>Geoloka\u010dn\u00ed data<\/li><\/ul><\/p><p class=\"cmplz-subtitle\">Doba uchov\u00e1n\u00ed:<\/p><p>Tyto \u00fadaje uchov\u00e1v\u00e1me, dokud nen\u00ed slu\u017eba ukon\u010dena.<\/p><\/details><details class=\"cmplz-dropdown dropdown-privacy-statement\"><summary><div><h3>1.6 Spln\u011bn\u00ed z\u00e1konn\u00fdch povinnost\u00ed<\/h3><\/div><\/summary><p class=\"cmplz-subtitle\">Shroma\u017e\u010fov\u00e1n\u00ed je vy\u017eadov\u00e1no nebo povoleno n\u00e1sleduj\u00edc\u00edm z\u00e1konem nebo soudn\u00edm p\u0159\u00edkazem:<\/p><p class=\"legal-obligations-description\"><\/p><p class=\"cmplz-subtitle\">K tomuto \u00fa\u010delu pou\u017e\u00edv\u00e1me n\u00e1sleduj\u00edc\u00ed \u00fadaje:<\/p><p><ul><li>Jm\u00e9no a p\u0159\u00edjmen\u00ed<\/li><li>N\u00e1zev \u00fa\u010dtu nebo p\u0159ezd\u00edvka<\/li><li>Dom\u00e1c\u00ed nebo jin\u00e1 fyzick\u00e1 adresa, v\u010detn\u011b n\u00e1zvu ulice a m\u011bsta<\/li><li>E-mailov\u00e1 adresa<\/li><li>Telefonn\u00ed \u010d\u00edslo<\/li><\/ul><\/p><p class=\"cmplz-subtitle\">Doba uchov\u00e1n\u00ed:<\/p><p>Tyto \u00fadaje uchov\u00e1v\u00e1me, dokud nen\u00ed slu\u017eba ukon\u010dena.<\/p><\/details><details class=\"cmplz-dropdown dropdown-privacy-statement\"><summary><div><h3>1.7 Sestavov\u00e1n\u00ed a anal\u00fdza statistik pro zlep\u0161en\u00ed webov\u00fdch str\u00e1nek.<\/h3><\/div><\/summary><p class=\"cmplz-subtitle\">K tomuto \u00fa\u010delu pou\u017e\u00edv\u00e1me n\u00e1sleduj\u00edc\u00ed \u00fadaje:<\/p><p><ul><li>Jm\u00e9no a p\u0159\u00edjmen\u00ed<\/li><li>Dom\u00e1c\u00ed nebo jin\u00e1 fyzick\u00e1 adresa, v\u010detn\u011b n\u00e1zvu ulice a m\u011bsta<\/li><li>N\u00e1zev \u00fa\u010dtu nebo p\u0159ezd\u00edvka<\/li><li>E-mailov\u00e1 adresa<\/li><li>Telefonn\u00ed \u010d\u00edslo<\/li><\/ul><\/p><p class=\"cmplz-subtitle\">Doba uchov\u00e1n\u00ed:<\/p><p>Tyto \u00fadaje uchov\u00e1v\u00e1me, dokud nen\u00ed slu\u017eba ukon\u010dena.<\/p><\/details><details class=\"cmplz-dropdown dropdown-privacy-statement\"><summary><div><h3>1.8 Nab\u00eddka personalizovan\u00fdch produkt\u016f a slu\u017eeb.<\/h3><\/div><\/summary><p class=\"cmplz-subtitle\">K tomuto \u00fa\u010delu pou\u017e\u00edv\u00e1me n\u00e1sleduj\u00edc\u00ed \u00fadaje:<\/p><p><ul><li>Jm\u00e9no a p\u0159\u00edjmen\u00ed<\/li><li>N\u00e1zev \u00fa\u010dtu nebo p\u0159ezd\u00edvka<\/li><li>Dom\u00e1c\u00ed nebo jin\u00e1 fyzick\u00e1 adresa, v\u010detn\u011b n\u00e1zvu ulice a m\u011bsta<\/li><li>E-mailov\u00e1 adresa<\/li><li>Telefonn\u00ed \u010d\u00edslo<\/li><\/ul><\/p><p class=\"cmplz-subtitle\">Doba uchov\u00e1n\u00ed:<\/p><p>Tyto \u00fadaje uchov\u00e1v\u00e1me, dokud nen\u00ed slu\u017eba ukon\u010dena.<\/p><\/details><h2>2. Co kdy\u017e n\u00e1m neposkytnete sv\u00e9 osobn\u00ed \u00fadaje?<\/h2><p>Pokud n\u00e1m neposkytnete sv\u00e9 osobn\u00ed \u00fadaje, mo\u017en\u00e1 v\u00e1m nebudeme moci poskytnout informace, produkty nebo pomoc, kter\u00e9 hled\u00e1te.<\/p><h2>3. Sd\u00edlen\u00ed s ostatn\u00edmi stranami<\/h2><p>Tyto \u00fadaje sd\u00edl\u00edme nebo sd\u011blujeme oper\u00e1tor\u016fm pouze pro n\u00e1sleduj\u00edc\u00ed \u00fa\u010dely:<\/p><p class=\"cmplz-subtitle\">Oper\u00e1to\u0159i<\/p><p><p>\n                <b>N\u00e1zev:<\/b>&nbsp;Nov\u00fd procesor<br \/>\n                <b>Zem\u011b:<\/b>&nbsp;<br \/>\n                <b>\u00da\u010del<\/b>&nbsp;<br \/>\n            <\/p><\/p><h2>4. Cookies<\/h2>Abychom mohli poskytovat ty nejlep\u0161\u00ed slu\u017eby, my a na\u0161i partne\u0159i pou\u017e\u00edv\u00e1me k ukl\u00e1d\u00e1n\u00ed a\/nebo p\u0159\u00edstupu k informac\u00edm na va\u0161em za\u0159\u00edzen\u00ed technologie, jako jsou soubory cookies. Souhlas s t\u011bmito technologiemi n\u00e1m a na\u0161im partner\u016fm umo\u017en\u00ed zpracov\u00e1vat osobn\u00ed \u00fadaje, jako je va\u0161e chov\u00e1n\u00ed p\u0159i proch\u00e1zen\u00ed webu nebo jedine\u010dn\u00e1 ID na tomto webu. Nesouhlas nebo odvol\u00e1n\u00ed souhlasu m\u016f\u017ee nep\u0159\u00edzniv\u011b ovlivnit n\u011bkter\u00e9 funkce a vlastnosti. Dal\u0161\u00ed informace o t\u011bchto technologi\u00edch a partnerech naleznete v na\u0161ich z\u00e1sad\u00e1ch ochrany osobn\u00edch \u00fadaj\u016f. <a href=\"https:\/\/www.jfy-international.com\/cs\/cookie-policy-za\/\">Z\u00e1sady pou\u017e\u00edv\u00e1n\u00ed soubor\u016f cookie<\/a>.&nbsp;<h2>5. Zve\u0159ej\u0148ov\u00e1n\u00ed osobn\u00edch \u00fadaj\u016f<\/h2><p><p>Va\u0161e osobn\u00ed \u00fadaje m\u016f\u017eeme zve\u0159ejnit v rozsahu, v jak\u00e9m jsme povinni tak u\u010dinit ze z\u00e1kona, na z\u00e1klad\u011b p\u0159\u00edkazu org\u00e1nu \u010dinn\u00e9ho v trestn\u00edm \u0159\u00edzen\u00ed, v rozsahu povolen\u00e9m jin\u00fdmi pr\u00e1vn\u00edmi p\u0159edpisy, za \u00fa\u010delem poskytnut\u00ed informac\u00ed nebo pro vy\u0161et\u0159ov\u00e1n\u00ed z\u00e1le\u017eitosti t\u00fdkaj\u00edc\u00ed se ve\u0159ejn\u00e9 bezpe\u010dnosti.<\/p><p>V p\u0159\u00edpad\u011b akvizice, prodeje nebo f\u00faze \u010di p\u0159evzet\u00ed na\u0161ich webov\u00fdch str\u00e1nek nebo organizace mohou b\u00fdt va\u0161e \u00fadaje sd\u011bleny na\u0161im poradc\u016fm a potenci\u00e1ln\u00edm kupuj\u00edc\u00edm a budou p\u0159ed\u00e1ny nov\u00fdm vlastn\u00edk\u016fm.<\/p><\/p><p>JFY International se \u00fa\u010dastn\u00ed r\u00e1mce IAB Europe Transparency &amp; Consent Framework (TCF) a dodr\u017euje jeho specifikace a z\u00e1sady. Vyu\u017e\u00edv\u00e1 platformu pro spr\u00e1vu souhlasu s identifika\u010dn\u00edm \u010d\u00edslem 332.&nbsp;<\/p>We have entered into a data processing agreement with Google.<h2>6. Zabezpe\u010den\u00ed<\/h2>We are committed to protecting personal data. We take appropriate security measures to limit misuse and unauthorized access to personal data. This ensures that only necessary persons have access to your data, access to the data is protected, and our security measures are regularly reviewed.<h2>7. Webov\u00e9 str\u00e1nky t\u0159et\u00edch stran<\/h2>Toto prohl\u00e1\u0161en\u00ed o ochran\u011b osobn\u00edch \u00fadaj\u016f se nevztahuje na webov\u00e9 str\u00e1nky t\u0159et\u00edch stran propojen\u00e9 odkazy s na\u0161imi webov\u00fdmi str\u00e1nkami. Nem\u016f\u017eeme zaru\u010dit, \u017ee tyto t\u0159et\u00ed strany budou s va\u0161imi osobn\u00edmi \u00fadaji nakl\u00e1dat spolehliv\u011b nebo bezpe\u010dn\u011b. Doporu\u010dujeme, abyste si p\u0159ed pou\u017eit\u00edm t\u011bchto web\u016f p\u0159e\u010detli prohl\u00e1\u0161en\u00ed o ochran\u011b osobn\u00edch \u00fadaj\u016f t\u011bchto webov\u00fdch str\u00e1nek.<h2>8. Zm\u011bny tohoto prohl\u00e1\u0161en\u00ed o ochran\u011b osobn\u00edch \u00fadaj\u016f<\/h2>We reserve the right to change this privacy statement. We recommend that you regularly review this privacy statement to be aware of any changes. In addition, we will inform you whenever possible.<h2>9. P\u0159\u00edstup a \u00faprava va\u0161ich \u00fadaj\u016f<\/h2><p>M\u00e1te-li jak\u00e9koli dotazy nebo chcete v\u011bd\u011bt, jak\u00e9 osobn\u00ed \u00fadaje o v\u00e1s uchov\u00e1v\u00e1me, kontaktujte n\u00e1s. M\u016f\u017eete n\u00e1s kontaktovat pomoc\u00ed n\u00ed\u017ee uveden\u00fdch informac\u00ed. M\u00e1te n\u00e1sleduj\u00edc\u00ed pr\u00e1va:<\/p><ul>\n                <li>M\u00e1te pr\u00e1vo v\u011bd\u011bt, pro\u010d pot\u0159ebujeme va\u0161e osobn\u00ed \u00fadaje, co se s nimi stane a jak dlouho budou uchov\u00e1ny.<\/li>\n                <li>Pr\u00e1vo na p\u0159\u00edstup: m\u00e1te pr\u00e1vo na p\u0159\u00edstup k va\u0161im osobn\u00edm \u00fadaj\u016fm, kter\u00e9 jsou n\u00e1m zn\u00e1my.<\/li>\n                <li>Pr\u00e1vo na opravu: m\u00e1te pr\u00e1vo kdykoliv doplnit, opravit, odstranit nebo zablokovat va\u0161e osobn\u00ed \u00fadaje.<\/li>\n                <li>Pokud n\u00e1m ud\u011bl\u00edte souhlas se zpracov\u00e1n\u00edm va\u0161ich \u00fadaj\u016f, m\u00e1te pr\u00e1vo tento souhlas odvolat a nechat va\u0161e osobn\u00ed \u00fadaje smazat.<\/li>\n                <li>Pr\u00e1vo vzn\u00e9st n\u00e1mitku: Proti zpracov\u00e1n\u00ed va\u0161ich \u00fadaj\u016f m\u016f\u017eete vzn\u00e9st n\u00e1mitku. Dodr\u017eujeme ji, pokud neexistuj\u00ed z\u00e1va\u017en\u00e9 d\u016fvody pro zpracov\u00e1n\u00ed.<\/li>\n            <\/ul><p>Nezapome\u0148te v\u017edy jasn\u011b uv\u00e9st, kdo jste, abychom si mohli b\u00fdt jisti, \u017ee neupravujeme ani neodstra\u0148ujeme \u017e\u00e1dn\u00e9 \u00fadaje nespr\u00e1vn\u00e9 osoby.<\/p><h2>10. Odesl\u00e1n\u00ed st\u00ed\u017enosti<\/h2>Pokud nejste spokojeni se zp\u016fsobem, jak\u00fdm zpracov\u00e1v\u00e1me va\u0161i osobn\u00ed \u00fadaje (st\u00ed\u017enost ve v\u011bci), m\u00e1te pr\u00e1vo podat st\u00ed\u017enost Informa\u010dn\u00edmu regul\u00e1toru Ji\u017en\u00ed Afriky.<br \/>P.O Box 31533,\n\t\t\t\t\t\t<br \/>Braamfontein,\n\t\t\t\t\t\t<br \/>Johannesburg,\n\t\t\t\t\t\t<br \/>2017\n\t\t\t\t\t\t<br \/>E-mail pro st\u00ed\u017enost\u00ed a reklamace:complaints.IR@justice.gov.za<h2>11. D\u011bti<\/h2><p>Na\u0161e webov\u00e9 str\u00e1nky nejsou navr\u017eeny tak, aby p\u0159il\u00e1kaly d\u011bti, a na\u0161\u00edm z\u00e1m\u011brem nen\u00ed shroma\u017e\u010fovat osobn\u00ed \u00fadaje od d\u011bti ve v\u011bku kdy nemohou poskytovat souhlas v zemi jejich pobytu. \u017d\u00e1d\u00e1me proto, aby n\u00e1m d\u011bti ve v\u011bku kdy nemohou poskytovat souhlas neposkytovaly \u017e\u00e1dn\u00e9 osobn\u00ed \u00fadaje.<\/p><h2>12. Kontaktn\u00ed \u00fadaje<\/h2><p>JFY International<br \/>\n        JFY International GmbH<br \/>\nSchulze-Delitzsch-Stra\u00dfe 41<br \/>\n70565 Stuttgart<br \/>\n        N\u011bmecko<br \/>\n        Webov\u00e1 str\u00e1nka: <a href=\"https:\/\/www.jfy-international.com\/cs\">https:\/\/www.jfy-international.com\/cs<\/a> <br \/>\n        E-mail: <span class=\"cmplz-obfuscate\">prodej@<span class=\"cmplz-fmail-domain\">e&#120;&#046;&#099;om<\/span>j&#102;&#121;-i&#110;te&#114;nat&#105;&#111;n&#097;l&#046;com<\/span> <br \/>\n        Telefonn\u00ed \u010d\u00edslo: 0049 7156 303 30576<\/p><p>Pro z\u00e1sady a postupy organizace jsme ur\u010dili kontaktn\u00ed osobu, na kterou lze zas\u00edlat st\u00ed\u017enosti nebo dotazy:<br \/>Dominic Gastes<br \/>info@jfy-international.com<\/p><\/div>","protected":false},"excerpt":{"rendered":"","protected":false},"author":2,"featured_media":0,"parent":0,"menu_order":0,"comment_status":"closed","ping_status":"closed","template":"","meta":{"_acf_changed":false,"content-type":"","footnotes":""},"class_list":["post-16737","page","type-page","status-publish","hentry"],"acf":[],"yoast_head":"<!-- This site is optimized with the Yoast SEO plugin v27.4 - https:\/\/yoast.com\/product\/yoast-seo-wordpress\/ -->\n<title>Privacy Statement (ZA) - JFY International<\/title>\n<meta name=\"robots\" content=\"index, follow, max-snippet:-1, max-image-preview:large, max-video-preview:-1\" \/>\n<link rel=\"canonical\" href=\"https:\/\/www.jfy-international.com\/cs\/privacy-statement-za\/\" \/>\n<meta property=\"og:locale\" content=\"cs_CZ\" \/>\n<meta property=\"og:type\" content=\"article\" \/>\n<meta property=\"og:title\" content=\"Privacy Statement (ZA) - JFY International\" \/>\n<meta property=\"og:url\" content=\"https:\/\/www.jfy-international.com\/cs\/privacy-statement-za\/\" \/>\n<meta property=\"og:site_name\" content=\"JFY International\" \/>\n<meta name=\"twitter:card\" content=\"summary_large_image\" \/>\n<script type=\"application\/ld+json\" class=\"yoast-schema-graph\">{\"@context\":\"https:\\\/\\\/schema.org\",\"@graph\":[{\"@type\":\"WebPage\",\"@id\":\"https:\\\/\\\/www.jfy-international.com\\\/privacy-statement-za\\\/\",\"url\":\"https:\\\/\\\/www.jfy-international.com\\\/privacy-statement-za\\\/\",\"name\":\"Privacy Statement (ZA) - JFY International\",\"isPartOf\":{\"@id\":\"http:\\\/\\\/xqcxryus.elementor.cloud\\\/en\\\/#website\"},\"datePublished\":\"2026-04-10T13:43:35+00:00\",\"breadcrumb\":{\"@id\":\"https:\\\/\\\/www.jfy-international.com\\\/privacy-statement-za\\\/#breadcrumb\"},\"inLanguage\":\"cs\",\"potentialAction\":[{\"@type\":\"ReadAction\",\"target\":[\"https:\\\/\\\/www.jfy-international.com\\\/privacy-statement-za\\\/\"]}]},{\"@type\":\"BreadcrumbList\",\"@id\":\"https:\\\/\\\/www.jfy-international.com\\\/privacy-statement-za\\\/#breadcrumb\",\"itemListElement\":[{\"@type\":\"ListItem\",\"position\":1,\"name\":\"Home\",\"item\":\"https:\\\/\\\/www.jfy-international.com\\\/en\\\/\"},{\"@type\":\"ListItem\",\"position\":2,\"name\":\"Privacy Statement (ZA)\"}]},{\"@type\":\"WebSite\",\"@id\":\"http:\\\/\\\/xqcxryus.elementor.cloud\\\/en\\\/#website\",\"url\":\"http:\\\/\\\/xqcxryus.elementor.cloud\\\/en\\\/\",\"name\":\"JFY International\",\"description\":\"Machines like you\",\"publisher\":{\"@id\":\"http:\\\/\\\/xqcxryus.elementor.cloud\\\/en\\\/#organization\"},\"potentialAction\":[{\"@type\":\"SearchAction\",\"target\":{\"@type\":\"EntryPoint\",\"urlTemplate\":\"http:\\\/\\\/xqcxryus.elementor.cloud\\\/en\\\/?s={search_term_string}\"},\"query-input\":{\"@type\":\"PropertyValueSpecification\",\"valueRequired\":true,\"valueName\":\"search_term_string\"}}],\"inLanguage\":\"cs\"},{\"@type\":\"Organization\",\"@id\":\"http:\\\/\\\/xqcxryus.elementor.cloud\\\/en\\\/#organization\",\"name\":\"JFY International\",\"url\":\"http:\\\/\\\/xqcxryus.elementor.cloud\\\/en\\\/\",\"logo\":{\"@type\":\"ImageObject\",\"inLanguage\":\"cs\",\"@id\":\"http:\\\/\\\/xqcxryus.elementor.cloud\\\/en\\\/#\\\/schema\\\/logo\\\/image\\\/\",\"url\":\"https:\\\/\\\/www.jfy-international.com\\\/wp-content\\\/uploads\\\/2025\\\/01\\\/JFY.png\",\"contentUrl\":\"https:\\\/\\\/www.jfy-international.com\\\/wp-content\\\/uploads\\\/2025\\\/01\\\/JFY.png\",\"width\":1200,\"height\":450,\"caption\":\"JFY International\"},\"image\":{\"@id\":\"http:\\\/\\\/xqcxryus.elementor.cloud\\\/en\\\/#\\\/schema\\\/logo\\\/image\\\/\"},\"sameAs\":[\"https:\\\/\\\/www.linkedin.com\\\/company\\\/jfy-international\"]}]}<\/script>\n<!-- \/ Yoast SEO plugin. -->","yoast_head_json":{"title":"Privacy Statement (ZA) - JFY International","robots":{"index":"index","follow":"follow","max-snippet":"max-snippet:-1","max-image-preview":"max-image-preview:large","max-video-preview":"max-video-preview:-1"},"canonical":"https:\/\/www.jfy-international.com\/cs\/privacy-statement-za\/","og_locale":"cs_CZ","og_type":"article","og_title":"Privacy Statement (ZA) - JFY International","og_url":"https:\/\/www.jfy-international.com\/cs\/privacy-statement-za\/","og_site_name":"JFY International","twitter_card":"summary_large_image","schema":{"@context":"https:\/\/schema.org","@graph":[{"@type":"WebPage","@id":"https:\/\/www.jfy-international.com\/privacy-statement-za\/","url":"https:\/\/www.jfy-international.com\/privacy-statement-za\/","name":"Privacy Statement (ZA) - JFY International","isPartOf":{"@id":"http:\/\/xqcxryus.elementor.cloud\/en\/#website"},"datePublished":"2026-04-10T13:43:35+00:00","breadcrumb":{"@id":"https:\/\/www.jfy-international.com\/privacy-statement-za\/#breadcrumb"},"inLanguage":"cs","potentialAction":[{"@type":"ReadAction","target":["https:\/\/www.jfy-international.com\/privacy-statement-za\/"]}]},{"@type":"BreadcrumbList","@id":"https:\/\/www.jfy-international.com\/privacy-statement-za\/#breadcrumb","itemListElement":[{"@type":"ListItem","position":1,"name":"Home","item":"https:\/\/www.jfy-international.com\/en\/"},{"@type":"ListItem","position":2,"name":"Privacy Statement (ZA)"}]},{"@type":"WebSite","@id":"http:\/\/xqcxryus.elementor.cloud\/en\/#website","url":"http:\/\/xqcxryus.elementor.cloud\/en\/","name":"JFY International","description":"Stroje jako vy","publisher":{"@id":"http:\/\/xqcxryus.elementor.cloud\/en\/#organization"},"potentialAction":[{"@type":"SearchAction","target":{"@type":"EntryPoint","urlTemplate":"http:\/\/xqcxryus.elementor.cloud\/en\/?s={search_term_string}"},"query-input":{"@type":"PropertyValueSpecification","valueRequired":true,"valueName":"search_term_string"}}],"inLanguage":"cs"},{"@type":"Organization","@id":"http:\/\/xqcxryus.elementor.cloud\/en\/#organization","name":"JFY International","url":"http:\/\/xqcxryus.elementor.cloud\/en\/","logo":{"@type":"ImageObject","inLanguage":"cs","@id":"http:\/\/xqcxryus.elementor.cloud\/en\/#\/schema\/logo\/image\/","url":"https:\/\/www.jfy-international.com\/wp-content\/uploads\/2025\/01\/JFY.png","contentUrl":"https:\/\/www.jfy-international.com\/wp-content\/uploads\/2025\/01\/JFY.png","width":1200,"height":450,"caption":"JFY International"},"image":{"@id":"http:\/\/xqcxryus.elementor.cloud\/en\/#\/schema\/logo\/image\/"},"sameAs":["https:\/\/www.linkedin.com\/company\/jfy-international"]}]}},"_links":{"self":[{"href":"https:\/\/www.jfy-international.com\/cs\/wp-json\/wp\/v2\/pages\/16737","targetHints":{"allow":["GET"]}}],"collection":[{"href":"https:\/\/www.jfy-international.com\/cs\/wp-json\/wp\/v2\/pages"}],"about":[{"href":"https:\/\/www.jfy-international.com\/cs\/wp-json\/wp\/v2\/types\/page"}],"author":[{"embeddable":true,"href":"https:\/\/www.jfy-international.com\/cs\/wp-json\/wp\/v2\/users\/2"}],"replies":[{"embeddable":true,"href":"https:\/\/www.jfy-international.com\/cs\/wp-json\/wp\/v2\/comments?post=16737"}],"version-history":[{"count":0,"href":"https:\/\/www.jfy-international.com\/cs\/wp-json\/wp\/v2\/pages\/16737\/revisions"}],"wp:attachment":[{"href":"https:\/\/www.jfy-international.com\/cs\/wp-json\/wp\/v2\/media?parent=16737"}],"curies":[{"name":"wp","href":"https:\/\/api.w.org\/{rel}","templated":true}]}}