{"id":16737,"date":"2026-04-10T13:43:35","date_gmt":"2026-04-10T13:43:35","guid":{"rendered":"https:\/\/www.jfy-international.com\/privacy-statement-za\/"},"modified":"2026-04-10T13:43:35","modified_gmt":"2026-04-10T13:43:35","slug":"privacy-statement-za","status":"publish","type":"page","link":"https:\/\/www.jfy-international.com\/de\/privacy-statement-za\/","title":{"rendered":"Privacy Statement (ZA)"},"content":{"rendered":"<!-- Legal document generated by Complianz | GDPR\/CCPA Cookie Consent https:\/\/wordpress.org\/plugins\/complianz-gdpr -->\n<div id=\"cmplz-document\" class=\"cmplz-document privacy-statement cmplz-document-za\"><p><i>Diese Datenschutzerkl\u00e4rung wurde zuletzt am April 10, 2026 aktualisiert und gilt f\u00fcr B\u00fcrger und Einwohner von S\u00fcdafrika.<\/i><br \/><br \/><\/p><p>In dieser Datenschutzerkl\u00e4rung erkl\u00e4ren wir, was wir mit den Daten, die wir \u00fcber dich via <a href=\"https:\/\/www.jfy-international.com\/de\">https:\/\/www.jfy-international.com\/de<\/a> gesammelt haben, tun. Wir empfehlen dir, dieses Dokument sorgf\u00e4ltig zu lesen. W\u00e4hrend unserer Verarbeitung entsprechen wir den gesetzlichen Anforderungen. Dies bedeutet unter anderem:<\/p><ul>\n                <li>Wir geben klar die Zwecke, f\u00fcr die wir pers\u00f6nliche Daten verarbeiten, an. Dies geschieht durch diese Datenschutzerkl\u00e4rung.<\/li>\n                <li>Wir beabsichtigen, die Sammlung personenbezogener Daten auf diejenigen zu beschr\u00e4nken, die aus legitimen Gr\u00fcnden erforderlich sind.<\/li>\n                <li>Wir werden zun\u00e4chst dein explizites Einverst\u00e4ndnis einholen, falls dies f\u00fcr die Verarbeitung deiner pers\u00f6nlichen Daten erforderlich sein sollte.<\/li>\n                <li>Wir ergreifen angemessene Sicherheitsma\u00dfnahmen zum Schutz Ihrer pers\u00f6nlichen Daten und fordern dies auch von Dritten, die pers\u00f6nliche Daten in unserem Auftrag verarbeiten.<\/li>\n                <li>Wir respektieren Ihr Recht auf Einsichtnahme, Berichtigung oder L\u00f6schung Ihrer personenbezogenen Daten.<\/li>\n            <\/ul><p>Wenn Sie Fragen haben oder wissen m\u00f6chten, welche pers\u00f6nlichen Daten wir \u00fcber Sie haben, kontaktieren Sie uns bitte.<\/p><h2>1. Zweck, Daten und Aufbewahrungsfrist<\/h2>Wir k\u00f6nnen personenbezogene Daten f\u00fcr eine Reihe von Zwecken im Zusammenhang mit unserer Gesch\u00e4ftst\u00e4tigkeit sammeln oder erhalten, darunter die folgenden: (Zum Vergr\u00f6\u00dfern anklicken)<details class=\"cmplz-dropdown dropdown-privacy-statement\"><summary><div><h3>1.1 Verkauf oder Weitergabe von Daten an Dritte<\/h3><\/div><\/summary><p class=\"cmplz-subtitle\">Zu diesem Zweck verwenden wir die folgenden Daten:<\/p><p><ul><li>Ein Vorname und ein Nachname<\/li><li>Name oder Pseudonym des Kontos<\/li><li>A home or other physical address, including street name and city\/town name<\/li><li>Eine E-Mail-Adresse<\/li><li>Eine Telefonnummer<\/li><\/ul><\/p><p class=\"cmplz-subtitle\">Geltungsdauer<\/p><p>Wir speichern diese Daten bis zur Beendigung des Dienstes.<\/p><\/details><details class=\"cmplz-dropdown dropdown-privacy-statement\"><summary><div><h3>1.2 Kontakt \u2013 per Telefon, Post, E-Mail und\/oder Webformulare<\/h3><\/div><\/summary><p class=\"cmplz-subtitle\">Zu diesem Zweck verwenden wir die folgenden Daten:<\/p><p><ul><li>Ein Vorname und ein Nachname<\/li><li>Name oder Pseudonym des Kontos<\/li><li>A home or other physical address, including street name and city\/town name<\/li><li>Eine E-Mail-Adresse<\/li><li>Eine Telefonnummer<\/li><li>IP-Adresse<\/li><li>Geolokalisierungsdaten<\/li><li>Informationen \u00fcber Internetaktivit\u00e4ten, einschlie\u00dflich, aber nicht beschr\u00e4nkt auf, Browserverlauf, Suchverlauf und Informationen \u00fcber die Interaktionen des Kunden mit einer Webseite, einem Programm oder einer Anzeige<\/li><\/ul><\/p><p class=\"cmplz-subtitle\">Geltungsdauer<\/p><p>Wir speichern diese Daten bis zur Beendigung des Dienstes.<\/p><\/details><details class=\"cmplz-dropdown dropdown-privacy-statement\"><summary><div><h3>1.3 Registrierung eines Kontos<\/h3><\/div><\/summary><p class=\"cmplz-subtitle\">Zu diesem Zweck verwenden wir die folgenden Daten:<\/p><p><ul><li>Ein Vorname und ein Nachname<\/li><li>Name oder Pseudonym des Kontos<\/li><li>Eine E-Mail-Adresse<\/li><li>IP-Adresse<\/li><\/ul><\/p><p class=\"cmplz-subtitle\">Geltungsdauer<\/p><p>Wir speichern diese Daten bis zur Beendigung des Dienstes.<\/p><\/details><details class=\"cmplz-dropdown dropdown-privacy-statement\"><summary><div><h3>1.4 Rundschreiben<\/h3><\/div><\/summary><p class=\"cmplz-subtitle\">Zu diesem Zweck verwenden wir die folgenden Daten:<\/p><p><ul><li>Ein Vorname und ein Nachname<\/li><li>Name oder Pseudonym des Kontos<\/li><li>Eine E-Mail-Adresse<\/li><li>A home or other physical address, including street name and city\/town name<\/li><li>Eine Telefonnummer<\/li><li>IP-Adresse<\/li><\/ul><\/p><p class=\"cmplz-subtitle\">Geltungsdauer<\/p><p>Wir speichern diese Daten bis zur Beendigung des Dienstes.<\/p><\/details><details class=\"cmplz-dropdown dropdown-privacy-statement\"><summary><div><h3>1.5 Zur Unterst\u00fctzung von Dienstleistungen oder Produkten, die ein Kunde kaufen m\u00f6chte oder bereits gekauft hat<\/h3><\/div><\/summary><p class=\"cmplz-subtitle\">Zu diesem Zweck verwenden wir die folgenden Daten:<\/p><p><ul><li>Ein Vorname und ein Nachname<\/li><li>Name oder Pseudonym des Kontos<\/li><li>A home or other physical address, including street name and city\/town name<\/li><li>Eine E-Mail-Adresse<\/li><li>Eine Telefonnummer<\/li><li>Geolokalisierungsdaten<\/li><\/ul><\/p><p class=\"cmplz-subtitle\">Geltungsdauer<\/p><p>Wir speichern diese Daten bis zur Beendigung des Dienstes.<\/p><\/details><details class=\"cmplz-dropdown dropdown-privacy-statement\"><summary><div><h3>1.6 To be able to comply with legal obligations<\/h3><\/div><\/summary><p class=\"cmplz-subtitle\">Die Sammlung wird durch das folgende Gesetz oder die folgende gerichtliche Anordnung verlangt oder genehmigt:<\/p><p class=\"legal-obligations-description\"><\/p><p class=\"cmplz-subtitle\">Zu diesem Zweck verwenden wir die folgenden Daten:<\/p><p><ul><li>Ein Vorname und ein Nachname<\/li><li>Name oder Pseudonym des Kontos<\/li><li>A home or other physical address, including street name and city\/town name<\/li><li>Eine E-Mail-Adresse<\/li><li>Eine Telefonnummer<\/li><\/ul><\/p><p class=\"cmplz-subtitle\">Geltungsdauer<\/p><p>Wir speichern diese Daten bis zur Beendigung des Dienstes.<\/p><\/details><details class=\"cmplz-dropdown dropdown-privacy-statement\"><summary><div><h3>1.7 Erstellung und Analyse von Statistiken zur Verbesserung der Website.<\/h3><\/div><\/summary><p class=\"cmplz-subtitle\">Zu diesem Zweck verwenden wir die folgenden Daten:<\/p><p><ul><li>Ein Vorname und ein Nachname<\/li><li>A home or other physical address, including street name and city\/town name<\/li><li>Name oder Pseudonym des Kontos<\/li><li>Eine E-Mail-Adresse<\/li><li>Eine Telefonnummer<\/li><\/ul><\/p><p class=\"cmplz-subtitle\">Geltungsdauer<\/p><p>Wir speichern diese Daten bis zur Beendigung des Dienstes.<\/p><\/details><details class=\"cmplz-dropdown dropdown-privacy-statement\"><summary><div><h3>1.8 Um personalisierte Produkte und Dienstleistungen anbieten zu k\u00f6nnen<\/h3><\/div><\/summary><p class=\"cmplz-subtitle\">Zu diesem Zweck verwenden wir die folgenden Daten:<\/p><p><ul><li>Ein Vorname und ein Nachname<\/li><li>Name oder Pseudonym des Kontos<\/li><li>A home or other physical address, including street name and city\/town name<\/li><li>Eine E-Mail-Adresse<\/li><li>Eine Telefonnummer<\/li><\/ul><\/p><p class=\"cmplz-subtitle\">Geltungsdauer<\/p><p>Wir speichern diese Daten bis zur Beendigung des Dienstes.<\/p><\/details><h2>2. Was ist, wenn du uns deine personenbezogenen Daten nicht zur Verf\u00fcgung stellst?<\/h2><p>Wenn du uns deine personenbezogenen Daten nicht zur Verf\u00fcgung stellst, k\u00f6nnen wir dir m\u00f6glicherweise nicht die Informationen, Produkte oder Unterst\u00fctzung bereitstellen, die du suchst.<\/p><h2>3. Weitergabe an andere Parteien<\/h2><p>Wir geben diese Daten nur zu folgenden Zwecken an Betreiber weiter:<\/p><p class=\"cmplz-subtitle\">Betreiber<\/p><p><p>\n                <b>Name:<\/b>&nbsp;Neuer Prozessor<br \/>\n                <b>Land<\/b>&nbsp;<br \/>\n                <b>Zweck<\/b>&nbsp;<br \/>\n            <\/p><\/p><h2>4. Cookies<\/h2>Um die bestm\u00f6glichen Erfahrungen zu bieten, verwenden wir und unsere Partner Technologien wie Cookies, um Ger\u00e4teinformationen zu speichern und\/oder darauf zuzugreifen. Durch die Zustimmung zu diesen Technologien k\u00f6nnen wir und unsere Partner personenbezogene Daten wie das Surfverhalten oder eindeutige IDs auf dieser Website verarbeiten. Wenn du nicht zustimmst oder die Zustimmung widerrufst, kann dies bestimmte Merkmale und Funktionen beeintr\u00e4chtigen. Weitere Informationen zu diesen Technologien und Partnern findest du in unserer <a href=\"https:\/\/www.jfy-international.com\/de\/cookie-policy-za\/\">Cookie-Richtlinie<\/a>.&nbsp;<h2>5. Offenlegungspraktiken<\/h2><p><p>We disclose personal data when required to do so by law or court order, for example, at the request of a law enforcement agency, to the extent permitted by law to provide information, or in an investigation into a matter concerning public safety.<\/p><p>Wenn unsere Website oder unser Unternehmen im Rahmen einer Fusion oder \u00dcbernahme \u00fcbernommen oder verkauft wird, k\u00f6nnen deine Daten unseren Beratern und potenziellen K\u00e4ufern offengelegt und an die neuen Eigent\u00fcmer \u00fcbermittelt werden.<\/p><\/p><p>JFY International nimmt am IAB Europe Transparency &amp; Consent Framework teil und entspricht dessen Spezifikationen und Richtlinien. Es verwendet die Consent Management Plattform mit der Identifikationsnummer 332.&nbsp;<\/p>Wir haben mit Google einen Vertrag zur Auftragsdatenverarbeitung abgeschlossen.<h2>6. Sicherheit<\/h2>Wir sind der Sicherheit personenbezogener Daten verpflichtet. Wir ergreifen geeignete Sicherheitsma\u00dfnahmen, um den Missbrauch und den unbefugten Zugriff auf personenbezogene Daten zu begrenzen. Dadurch wird sichergestellt, dass nur die erforderlichen Personen Zugriff auf Ihre Daten haben, der Zugriff auf die Daten gesch\u00fctzt ist und unsere Sicherheitsma\u00dfnahmen regelm\u00e4\u00dfig \u00fcberpr\u00fcft werden.<h2>7. Websites von Drittanbietern<\/h2>Diese Datenschutzerkl\u00e4rung gilt nicht f\u00fcr Websites von Drittanbietern, die durch Links auf unserer Website verbunden sind. Wir k\u00f6nnen nicht garantieren, dass diese Drittanbieter deine pers\u00f6nlichen Daten auf verl\u00e4ssliche oder sichere Weise behandeln. Wir empfehlen dir, die Datenschutzerkl\u00e4rungen dieser Websites vor deren Nutzung zu lesen.<h2>8. Erg\u00e4nzungen zu dieser Datenschutzerkl\u00e4rung<\/h2>Wir behalten uns das Recht vor, diese Datenschutzerkl\u00e4rung zu \u00e4ndern. Es wird empfohlen, diese Datenschutzerkl\u00e4rung regelm\u00e4\u00dfig zu lesen, um \u00fcber \u00c4nderungen auf dem Laufenden zu bleiben. Wir werden Sie jedoch auch nach M\u00f6glichkeit informieren.<h2>9. Zugriff und Bearbeitung deiner Daten<\/h2><p>Wenn Sie Fragen haben oder wissen m\u00f6chten, welche pers\u00f6nlichen Daten wir \u00fcber Sie haben, kontaktieren Sie uns bitte. Sie k\u00f6nnen uns \u00fcber die unten stehenden Informationen erreichen. Sie haben die folgenden Rechte:<\/p><ul>\n                <li>Du hast das Recht zu wissen, warum deine pers\u00f6nlichen Daten gebraucht werden, was mit ihnen passiert und wie lange diese verwahrt werden.<\/li>\n                <li>Zugriffsrecht: Du hast das Recht deine uns bekannten pers\u00f6nlichen Daten einzusehen.<\/li>\n                <li>Recht auf Berichtigung: Du hast das Recht wann immer du w\u00fcnscht, deine pers\u00f6nlichen Daten zu erg\u00e4nzen, zu korrigieren sowie gel\u00f6scht oder blockiert zu bekommen.<\/li>\n                <li>Wenn du uns dein Einverst\u00e4ndnis zur Verarbeitung deiner Daten gegeben hast, hast du das Recht dieses Einverst\u00e4ndnis zu widerrufen und deine pers\u00f6nlichen Daten l\u00f6schen zu lassen.<\/li>\n                <li>Widerspruchsrecht: Du kannst der Verarbeitung deiner Daten widersprechen. Wir entsprechen dem, es sei denn, es gibt berechtigte Gr\u00fcnde f\u00fcr die Verarbeitung.<\/li>\n            <\/ul><p>Bitte stellen Sie sicher, dass Sie immer klar angeben, wer Sie sind, damit wir sicher sein k\u00f6nnen, nicht die Daten der falschen Person zu bearbeiten oder zu l\u00f6schen.<\/p><h2>10. Eine Beschwerde \u00fcbermitteln<\/h2>Wenn du mit der Art und Weise, wie wir mit der Verarbeitung deiner personenbezogenen Daten umgehen (eine Beschwerde \u00fcber) nicht zufrieden bist, hast du das Recht, eine Beschwerde bei der Informationsbeh\u00f6rde S\u00fcdafrika einzureichen:<br \/>P.O Box 31533,\n\t\t\t\t\t\t<br \/>Braamfontein,\n\t\t\t\t\t\t<br \/>Johannesburg,\n\t\t\t\t\t\t<br \/>2017\n\t\t\t\t\t\t<br \/>Beschwerde-E-Mail:complaints.IR@justice.gov.za<h2>11. Kinder<\/h2><p>Unsere Website ist nicht darauf ausgerichtet Kinder anzulocken, und es ist nicht unsere Absicht, pers\u00f6nliche Daten von Kindern zu sammeln, die in ihrem Wohnsitzland noch nicht vollj\u00e4hrig sind. Wir bitten daher darum, dass Kinder unter der Vollj\u00e4hrigkeit keine personenbezogenen Daten an uns \u00fcbermitteln.<\/p><h2>12. Kontaktdaten<\/h2><p>JFY International<br \/>\n        JFY Internationale GmbH<br \/>\nSchulze-Delitzsch-Stra\u00dfe 41<br \/>\n70565 Stuttgart<br \/>\n        Deutschland<br \/>\n        Website: <a href=\"https:\/\/www.jfy-international.com\/de\">https:\/\/www.jfy-international.com\/de<\/a> <br \/>\n        E-Mail: <span class=\"cmplz-obfuscate\">Verk\u00e4ufe@<span class=\"cmplz-fmail-domain\">ex.com<\/span>j&#102;y-&#105;&#110;&#116;e&#114;na&#116;&#105;onal&#046;&#099;&#111;m<\/span> <br \/>\n        Telefonnummer: 0049 7156 303 30576<\/p><p>Wir haben eine Kontaktperson f\u00fcr die Richtlinien und Praktiken der Organisation ernannt, an die Beschwerden oder Anfragen weitergeleitet werden k\u00f6nnen:<br \/>Dominic Gastes<br \/>info@jfy-international.com<\/p><\/div>","protected":false},"excerpt":{"rendered":"","protected":false},"author":2,"featured_media":0,"parent":0,"menu_order":0,"comment_status":"closed","ping_status":"closed","template":"","meta":{"_acf_changed":false,"content-type":"","footnotes":""},"class_list":["post-16737","page","type-page","status-publish","hentry"],"acf":[],"yoast_head":"<!-- This site is optimized with the Yoast SEO plugin v27.4 - https:\/\/yoast.com\/product\/yoast-seo-wordpress\/ -->\n<title>Privacy Statement (ZA) - JFY International<\/title>\n<meta name=\"robots\" content=\"index, follow, max-snippet:-1, max-image-preview:large, max-video-preview:-1\" \/>\n<link rel=\"canonical\" href=\"https:\/\/www.jfy-international.com\/de\/privacy-statement-za\/\" \/>\n<meta property=\"og:locale\" content=\"de_DE\" \/>\n<meta property=\"og:type\" content=\"article\" \/>\n<meta property=\"og:title\" content=\"Privacy Statement (ZA) - JFY International\" \/>\n<meta property=\"og:url\" content=\"https:\/\/www.jfy-international.com\/de\/privacy-statement-za\/\" \/>\n<meta property=\"og:site_name\" content=\"JFY International\" \/>\n<meta name=\"twitter:card\" content=\"summary_large_image\" \/>\n<script type=\"application\/ld+json\" class=\"yoast-schema-graph\">{\"@context\":\"https:\\\/\\\/schema.org\",\"@graph\":[{\"@type\":\"WebPage\",\"@id\":\"https:\\\/\\\/www.jfy-international.com\\\/privacy-statement-za\\\/\",\"url\":\"https:\\\/\\\/www.jfy-international.com\\\/privacy-statement-za\\\/\",\"name\":\"Privacy Statement (ZA) - JFY International\",\"isPartOf\":{\"@id\":\"http:\\\/\\\/xqcxryus.elementor.cloud\\\/en\\\/#website\"},\"datePublished\":\"2026-04-10T13:43:35+00:00\",\"breadcrumb\":{\"@id\":\"https:\\\/\\\/www.jfy-international.com\\\/privacy-statement-za\\\/#breadcrumb\"},\"inLanguage\":\"de\",\"potentialAction\":[{\"@type\":\"ReadAction\",\"target\":[\"https:\\\/\\\/www.jfy-international.com\\\/privacy-statement-za\\\/\"]}]},{\"@type\":\"BreadcrumbList\",\"@id\":\"https:\\\/\\\/www.jfy-international.com\\\/privacy-statement-za\\\/#breadcrumb\",\"itemListElement\":[{\"@type\":\"ListItem\",\"position\":1,\"name\":\"Home\",\"item\":\"https:\\\/\\\/www.jfy-international.com\\\/en\\\/\"},{\"@type\":\"ListItem\",\"position\":2,\"name\":\"Privacy Statement (ZA)\"}]},{\"@type\":\"WebSite\",\"@id\":\"http:\\\/\\\/xqcxryus.elementor.cloud\\\/en\\\/#website\",\"url\":\"http:\\\/\\\/xqcxryus.elementor.cloud\\\/en\\\/\",\"name\":\"JFY International\",\"description\":\"Machines like you\",\"publisher\":{\"@id\":\"http:\\\/\\\/xqcxryus.elementor.cloud\\\/en\\\/#organization\"},\"potentialAction\":[{\"@type\":\"SearchAction\",\"target\":{\"@type\":\"EntryPoint\",\"urlTemplate\":\"http:\\\/\\\/xqcxryus.elementor.cloud\\\/en\\\/?s={search_term_string}\"},\"query-input\":{\"@type\":\"PropertyValueSpecification\",\"valueRequired\":true,\"valueName\":\"search_term_string\"}}],\"inLanguage\":\"de\"},{\"@type\":\"Organization\",\"@id\":\"http:\\\/\\\/xqcxryus.elementor.cloud\\\/en\\\/#organization\",\"name\":\"JFY International\",\"url\":\"http:\\\/\\\/xqcxryus.elementor.cloud\\\/en\\\/\",\"logo\":{\"@type\":\"ImageObject\",\"inLanguage\":\"de\",\"@id\":\"http:\\\/\\\/xqcxryus.elementor.cloud\\\/en\\\/#\\\/schema\\\/logo\\\/image\\\/\",\"url\":\"https:\\\/\\\/www.jfy-international.com\\\/wp-content\\\/uploads\\\/2025\\\/01\\\/JFY.png\",\"contentUrl\":\"https:\\\/\\\/www.jfy-international.com\\\/wp-content\\\/uploads\\\/2025\\\/01\\\/JFY.png\",\"width\":1200,\"height\":450,\"caption\":\"JFY International\"},\"image\":{\"@id\":\"http:\\\/\\\/xqcxryus.elementor.cloud\\\/en\\\/#\\\/schema\\\/logo\\\/image\\\/\"},\"sameAs\":[\"https:\\\/\\\/www.linkedin.com\\\/company\\\/jfy-international\"]}]}<\/script>\n<!-- \/ Yoast SEO plugin. -->","yoast_head_json":{"title":"Privacy Statement (ZA) - JFY International","robots":{"index":"index","follow":"follow","max-snippet":"max-snippet:-1","max-image-preview":"max-image-preview:large","max-video-preview":"max-video-preview:-1"},"canonical":"https:\/\/www.jfy-international.com\/de\/privacy-statement-za\/","og_locale":"de_DE","og_type":"article","og_title":"Privacy Statement (ZA) - JFY International","og_url":"https:\/\/www.jfy-international.com\/de\/privacy-statement-za\/","og_site_name":"JFY International","twitter_card":"summary_large_image","schema":{"@context":"https:\/\/schema.org","@graph":[{"@type":"WebPage","@id":"https:\/\/www.jfy-international.com\/privacy-statement-za\/","url":"https:\/\/www.jfy-international.com\/privacy-statement-za\/","name":"Privacy Statement (ZA) - JFY International","isPartOf":{"@id":"http:\/\/xqcxryus.elementor.cloud\/en\/#website"},"datePublished":"2026-04-10T13:43:35+00:00","breadcrumb":{"@id":"https:\/\/www.jfy-international.com\/privacy-statement-za\/#breadcrumb"},"inLanguage":"de","potentialAction":[{"@type":"ReadAction","target":["https:\/\/www.jfy-international.com\/privacy-statement-za\/"]}]},{"@type":"BreadcrumbList","@id":"https:\/\/www.jfy-international.com\/privacy-statement-za\/#breadcrumb","itemListElement":[{"@type":"ListItem","position":1,"name":"Home","item":"https:\/\/www.jfy-international.com\/en\/"},{"@type":"ListItem","position":2,"name":"Privacy Statement (ZA)"}]},{"@type":"WebSite","@id":"http:\/\/xqcxryus.elementor.cloud\/en\/#website","url":"http:\/\/xqcxryus.elementor.cloud\/en\/","name":"JFY International","description":"Maschinen wie du","publisher":{"@id":"http:\/\/xqcxryus.elementor.cloud\/en\/#organization"},"potentialAction":[{"@type":"SearchAction","target":{"@type":"EntryPoint","urlTemplate":"http:\/\/xqcxryus.elementor.cloud\/en\/?s={search_term_string}"},"query-input":{"@type":"PropertyValueSpecification","valueRequired":true,"valueName":"search_term_string"}}],"inLanguage":"de"},{"@type":"Organization","@id":"http:\/\/xqcxryus.elementor.cloud\/en\/#organization","name":"JFY International","url":"http:\/\/xqcxryus.elementor.cloud\/en\/","logo":{"@type":"ImageObject","inLanguage":"de","@id":"http:\/\/xqcxryus.elementor.cloud\/en\/#\/schema\/logo\/image\/","url":"https:\/\/www.jfy-international.com\/wp-content\/uploads\/2025\/01\/JFY.png","contentUrl":"https:\/\/www.jfy-international.com\/wp-content\/uploads\/2025\/01\/JFY.png","width":1200,"height":450,"caption":"JFY International"},"image":{"@id":"http:\/\/xqcxryus.elementor.cloud\/en\/#\/schema\/logo\/image\/"},"sameAs":["https:\/\/www.linkedin.com\/company\/jfy-international"]}]}},"_links":{"self":[{"href":"https:\/\/www.jfy-international.com\/de\/wp-json\/wp\/v2\/pages\/16737","targetHints":{"allow":["GET"]}}],"collection":[{"href":"https:\/\/www.jfy-international.com\/de\/wp-json\/wp\/v2\/pages"}],"about":[{"href":"https:\/\/www.jfy-international.com\/de\/wp-json\/wp\/v2\/types\/page"}],"author":[{"embeddable":true,"href":"https:\/\/www.jfy-international.com\/de\/wp-json\/wp\/v2\/users\/2"}],"replies":[{"embeddable":true,"href":"https:\/\/www.jfy-international.com\/de\/wp-json\/wp\/v2\/comments?post=16737"}],"version-history":[{"count":0,"href":"https:\/\/www.jfy-international.com\/de\/wp-json\/wp\/v2\/pages\/16737\/revisions"}],"wp:attachment":[{"href":"https:\/\/www.jfy-international.com\/de\/wp-json\/wp\/v2\/media?parent=16737"}],"curies":[{"name":"wp","href":"https:\/\/api.w.org\/{rel}","templated":true}]}}