{"id":16737,"date":"2026-04-10T13:43:35","date_gmt":"2026-04-10T13:43:35","guid":{"rendered":"https:\/\/www.jfy-international.com\/privacy-statement-za\/"},"modified":"2026-04-10T13:43:35","modified_gmt":"2026-04-10T13:43:35","slug":"privacy-statement-za","status":"publish","type":"page","link":"https:\/\/www.jfy-international.com\/fr\/privacy-statement-za\/","title":{"rendered":"Privacy Statement (ZA)"},"content":{"rendered":"<!-- Legal document generated by Complianz | GDPR\/CCPA Cookie Consent https:\/\/wordpress.org\/plugins\/complianz-gdpr -->\n<div id=\"cmplz-document\" class=\"cmplz-document privacy-statement cmplz-document-za\"><p><i>Cette d\u00e9claration de confidentialit\u00e9 a \u00e9t\u00e9 mise \u00e0 jour le avril 10, 2026 et s\u2019applique aux citoyens et aux r\u00e9sidents permanents l\u00e9gaux d\u2019Afrique du Sud.<\/i><br \/><br \/><\/p><p>Dans cette d\u00e9claration de confidentialit\u00e9, nous expliquons ce que nous faisons des donn\u00e9es que nous obtenons \u00e0 votre sujet via <a href=\"https:\/\/www.jfy-international.com\/fr\">https:\/\/www.jfy-international.com\/fr<\/a>. Nous vous recommandons de lire attentivement cette d\u00e9claration. Lors de notre traitement, nous nous conformons aux exigences de la l\u00e9gislation sur la confidentialit\u00e9. Cela signifie, entre autres, que\u00a0:<\/p><ul>\n                <li>nous indiquons clairement dans quelles finalit\u00e9s nous traitons les donn\u00e9es personnelles. Nous faisons cela au moyen de cette d\u00e9claration de confidentialit\u00e9 ;<\/li>\n                <li>nous visons \u00e0 ne collecter que les donn\u00e9es personnelles n\u00e9cessaires \u00e0 des fins l\u00e9gitimes ;<\/li>\n                <li>nous demandons d\u2019abord votre consentement explicite pour traiter vos donn\u00e9es personnelles dans les cas n\u00e9cessitant votre consentement;<\/li>\n                <li>nous prenons des mesures de s\u00e9curit\u00e9 appropri\u00e9es afin de prot\u00e9ger vos donn\u00e9es personnelles, et nous en demandons autant des parties traitant des donn\u00e9es personnelles pour nous;<\/li>\n                <li>Nous respectons votre droit de consulter, corriger ou supprimer vos donn\u00e9es personnelles si vous en formulez la demande.<\/li>\n            <\/ul><p>Si vous avez des questions ou souhaitez savoir exactement quelles donn\u00e9es nous conservons, veuillez nous contacter.<\/p><h2>1. Finalit\u00e9, donn\u00e9es et dur\u00e9e de conservation<\/h2>Nous pouvons recueillir ou recevoir des informations personnelles pour un certain nombre de raisons li\u00e9es \u00e0 nos activit\u00e9s commerciales, notamment les suivantes : (cliquez pour d\u00e9plier)<details class=\"cmplz-dropdown dropdown-privacy-statement\"><summary><div><h3>1.1 Vendre ou partager des donn\u00e9es avec des tiers<\/h3><\/div><\/summary><p class=\"cmplz-subtitle\">Dans cette finalit\u00e9, nous utilisons les donn\u00e9es suivantes :<\/p><p><ul><li>Un pr\u00e9nom et un nom de famille<\/li><li>Nom de compte ou pseudonyme<\/li><li>Une adresse physique, incluant le nom d'une rue et le nom d'une ville ou d'un village<\/li><li>Une adresse e-mail<\/li><li>Un num\u00e9ro de t\u00e9l\u00e9phone<\/li><\/ul><\/p><p class=\"cmplz-subtitle\">Dur\u00e9e de conservation<\/p><p>We keep this data until the end of service.<\/p><\/details><details class=\"cmplz-dropdown dropdown-privacy-statement\"><summary><div><h3>1.2 Contact - Par t\u00e9l\u00e9phone, courrier, e-mail et\/ou formulaires web<\/h3><\/div><\/summary><p class=\"cmplz-subtitle\">Dans cette finalit\u00e9, nous utilisons les donn\u00e9es suivantes :<\/p><p><ul><li>Un pr\u00e9nom et un nom de famille<\/li><li>Nom de compte ou pseudonyme<\/li><li>Une adresse physique, incluant le nom d'une rue et le nom d'une ville ou d'un village<\/li><li>Une adresse e-mail<\/li><li>Un num\u00e9ro de t\u00e9l\u00e9phone<\/li><li>Adresse IP<\/li><li>Donn\u00e9es de localisation<\/li><li>Informations sur l'activit\u00e9 sur Internet, y compris, mais sans s'y limiter, l'historique de navigation, l'historique de recherche et les informations concernant l'interaction d'un consommateur avec un site Web, une application ou une publicit\u00e9 sur Internet<\/li><\/ul><\/p><p class=\"cmplz-subtitle\">Dur\u00e9e de conservation<\/p><p>We keep this data until the end of service.<\/p><\/details><details class=\"cmplz-dropdown dropdown-privacy-statement\"><summary><div><h3>1.3 Enregistrement d\u2019un compte<\/h3><\/div><\/summary><p class=\"cmplz-subtitle\">Dans cette finalit\u00e9, nous utilisons les donn\u00e9es suivantes :<\/p><p><ul><li>Un pr\u00e9nom et un nom de famille<\/li><li>Nom de compte ou pseudonyme<\/li><li>Une adresse e-mail<\/li><li>Adresse IP<\/li><\/ul><\/p><p class=\"cmplz-subtitle\">Dur\u00e9e de conservation<\/p><p>We keep this data until the end of service.<\/p><\/details><details class=\"cmplz-dropdown dropdown-privacy-statement\"><summary><div><h3>1.4 Infolettres<\/h3><\/div><\/summary><p class=\"cmplz-subtitle\">Dans cette finalit\u00e9, nous utilisons les donn\u00e9es suivantes :<\/p><p><ul><li>Un pr\u00e9nom et un nom de famille<\/li><li>Nom de compte ou pseudonyme<\/li><li>Une adresse e-mail<\/li><li>Une adresse physique, incluant le nom d'une rue et le nom d'une ville ou d'un village<\/li><li>Un num\u00e9ro de t\u00e9l\u00e9phone<\/li><li>Adresse IP<\/li><\/ul><\/p><p class=\"cmplz-subtitle\">Dur\u00e9e de conservation<\/p><p>We keep this data until the end of service.<\/p><\/details><details class=\"cmplz-dropdown dropdown-privacy-statement\"><summary><div><h3>1.5 Pour prendre en charge les services ou produits que votre client souhaite acheter ou a achet\u00e9s<\/h3><\/div><\/summary><p class=\"cmplz-subtitle\">Dans cette finalit\u00e9, nous utilisons les donn\u00e9es suivantes :<\/p><p><ul><li>Un pr\u00e9nom et un nom de famille<\/li><li>Nom de compte ou pseudonyme<\/li><li>Une adresse physique, incluant le nom d'une rue et le nom d'une ville ou d'un village<\/li><li>Une adresse e-mail<\/li><li>Un num\u00e9ro de t\u00e9l\u00e9phone<\/li><li>Donn\u00e9es de localisation<\/li><\/ul><\/p><p class=\"cmplz-subtitle\">Dur\u00e9e de conservation<\/p><p>We keep this data until the end of service.<\/p><\/details><details class=\"cmplz-dropdown dropdown-privacy-statement\"><summary><div><h3>1.6 Pour pouvoir se conformer aux obligations l\u00e9gales<\/h3><\/div><\/summary><p class=\"cmplz-subtitle\">La collecte est obligatoire ou autoris\u00e9e par la loi suivante ou la d\u00e9cision d\u2019un tribunal\u00a0:<\/p><p class=\"legal-obligations-description\"><\/p><p class=\"cmplz-subtitle\">Dans cette finalit\u00e9, nous utilisons les donn\u00e9es suivantes :<\/p><p><ul><li>Un pr\u00e9nom et un nom de famille<\/li><li>Nom de compte ou pseudonyme<\/li><li>Une adresse physique, incluant le nom d'une rue et le nom d'une ville ou d'un village<\/li><li>Une adresse e-mail<\/li><li>Un num\u00e9ro de t\u00e9l\u00e9phone<\/li><\/ul><\/p><p class=\"cmplz-subtitle\">Dur\u00e9e de conservation<\/p><p>We keep this data until the end of service.<\/p><\/details><details class=\"cmplz-dropdown dropdown-privacy-statement\"><summary><div><h3>1.7 Compiler et analyser des statistiques pour l'am\u00e9lioration du site web.<\/h3><\/div><\/summary><p class=\"cmplz-subtitle\">Dans cette finalit\u00e9, nous utilisons les donn\u00e9es suivantes :<\/p><p><ul><li>Un pr\u00e9nom et un nom de famille<\/li><li>Une adresse physique, incluant le nom d'une rue et le nom d'une ville ou d'un village<\/li><li>Nom de compte ou pseudonyme<\/li><li>Une adresse e-mail<\/li><li>Un num\u00e9ro de t\u00e9l\u00e9phone<\/li><\/ul><\/p><p class=\"cmplz-subtitle\">Dur\u00e9e de conservation<\/p><p>We keep this data until the end of service.<\/p><\/details><details class=\"cmplz-dropdown dropdown-privacy-statement\"><summary><div><h3>1.8 Afin de pouvoir proposer des produits et services personnalis\u00e9s<\/h3><\/div><\/summary><p class=\"cmplz-subtitle\">Dans cette finalit\u00e9, nous utilisons les donn\u00e9es suivantes :<\/p><p><ul><li>Un pr\u00e9nom et un nom de famille<\/li><li>Nom de compte ou pseudonyme<\/li><li>Une adresse physique, incluant le nom d'une rue et le nom d'une ville ou d'un village<\/li><li>Une adresse e-mail<\/li><li>Un num\u00e9ro de t\u00e9l\u00e9phone<\/li><\/ul><\/p><p class=\"cmplz-subtitle\">Dur\u00e9e de conservation<\/p><p>We keep this data until the end of service.<\/p><\/details><h2>2. Que se passe-t-il si vous ne nous fournissez pas vos informations personnelles\u00a0?<\/h2><p>Si vous ne nous fournissez pas vos informations personnelles, nous pourrions ne pas \u00eatre en mesure de vous fournir les informations, les produits ou l\u2019assistance que vous recherchez.<\/p><h2>3. Partage avec d\u2019autres parties<\/h2><p>Nous partageons ou divulguons ces donn\u00e9es aux sous-traitants uniquement dans les finalit\u00e9s suivantes\u00a0:<\/p><p class=\"cmplz-subtitle\">Sous-traitants<\/p><p><p>\n                <b>Nom :<\/b>&nbsp;Nouveau processeur<br \/>\n                <b>Pays :<\/b>&nbsp;<br \/>\n                <b>Objectif :<\/b>&nbsp;<br \/>\n            <\/p><\/p><h2>4. Cookies<\/h2>Pour offrir les meilleures exp\u00e9riences, nous et nos partenaires utilisons des technologies telles que les cookies pour stocker et\/ou acc\u00e9der aux informations de l\u2019appareil. Le consentement \u00e0 ces technologies nous permettra, ainsi qu\u2019\u00e0 nos partenaires, de traiter des donn\u00e9es personnelles telles que le comportement de navigation ou des identifiants uniques sur ce site. Ne pas consentir ou retirer son consentement peut nuire \u00e0 certaines fonctionnalit\u00e9s et fonctions. Pour plus d\u2019informations sur ces technologies et partenaires, veuillez consulter notre <a href=\"https:\/\/www.jfy-international.com\/fr\/cookie-policy-za\/\">Politique de cookie<\/a>.&nbsp;<h2>5. Pratiques de divulgation<\/h2><p><p>Nous divulguons des informations personnelles si nous y sommes tenus par la loi ou par une ordonnance du tribunal, en r\u00e9ponse \u00e0 un organisme d\u2019application de la loi, dans la mesure permise par d\u2019autres dispositions de la loi, pour fournir des informations, ou pour une enqu\u00eate sur une question li\u00e9e \u00e0 la s\u00e9curit\u00e9 publique.<\/p><p>Si notre site web ou notre organisation fait l'objet d'une reprise, d'une vente ou d'une fusion ou acquisition, vos donn\u00e9es peuvent \u00eatre divulgu\u00e9es \u00e0 nos conseillers et \u00e0 tout acheteur potentiel et seront transmises aux nouveaux propri\u00e9taires.<\/p><\/p><p>JFY International participe au Cadre de Transparence et de Consentement de l\u2019IAB Europe et se conforme \u00e0 ses sp\u00e9cifications et politiques. Il utilise la plateforme de gestion du consentement sous le num\u00e9ro d\u2019identification 332.&nbsp;<\/p>Nous avons conclu un accord de traitement des donn\u00e9es avec Google.<h2>6. S\u00e9curit\u00e9<\/h2>Nous nous engageons \u00e0 assurer la s\u00e9curit\u00e9 des donn\u00e9es personnelles. Nous prenons des mesures de s\u00e9curit\u00e9 appropri\u00e9es pour limiter les abus et les acc\u00e8s non autoris\u00e9s aux donn\u00e9es personnelles. Nous veillons ainsi \u00e0 ce que seules les personnes n\u00e9cessaires aient acc\u00e8s \u00e0 vos donn\u00e9es, \u00e0 ce que l\u2019acc\u00e8s aux donn\u00e9es soit prot\u00e9g\u00e9 et \u00e0 ce que nos mesures de s\u00e9curit\u00e9 soient r\u00e9guli\u00e8rement v\u00e9rifi\u00e9es.<h2>7. Sites web tierces parties<\/h2>Cette d\u00e9claration de confidentialit\u00e9 ne s'applique pas aux sites web de tiers auxquels notre site web est li\u00e9. Nous ne pouvons garantir que ces tiers traitent vos donn\u00e9es personnelles de mani\u00e8re fiable ou s\u00e9curis\u00e9e. Nous vous recommandons de lire les d\u00e9clarations de confidentialit\u00e9 de ces sites web avant de les utiliser.<h2>8. Modifications apport\u00e9es \u00e0 cette d\u00e9claration de confidentialit\u00e9<\/h2>Nous nous r\u00e9servons le droit de modifier la pr\u00e9sente politique de confidentialit\u00e9. Il est conseill\u00e9 de consulter r\u00e9guli\u00e8rement cette politique de confidentialit\u00e9 pour prendre connaissance de toute modification \u00e9ventuelle. De plus, nous vous informerons activement dans la mesure du possible.<h2>9. Acc\u00e9der \u00e0 vos donn\u00e9es et les modifier<\/h2><p>Si vous avez des questions ou souhaitez savoir quelles sont les donn\u00e9es personnelles que nous d\u00e9tenons \u00e0 votre sujet, veuillez nous contacter. Vous pouvez nous contacter en utilisant les informations ci-dessous. Vous avez les droits suivants :<\/p><ul>\n                <li>Vous avez le droit de savoir pourquoi vos donn\u00e9es personnelles sont n\u00e9cessaires, ce qui leur arrivera et combien de temps elles seront conserv\u00e9es.<\/li>\n                <li>Droit d'acc\u00e8s : vous avez le droit d'acc\u00e9der \u00e0 vos donn\u00e9es personnelles que nous connaissons.<\/li>\n                <li>Droit de rectification : vous avez le droit \u00e0 tout moment de compl\u00e9ter, corriger, faire supprimer ou bloquer vos donn\u00e9es personnelles.<\/li>\n                <li>Si vous nous donnez votre consentement pour le traitement de vos donn\u00e9es, vous avez le droit de r\u00e9voquer ce consentement et de faire supprimer vos donn\u00e9es personnelles.<\/li>\n                <li>Droit d'opposition : vous pouvez vous opposer au traitement de vos donn\u00e9es. Nous obtemp\u00e9rerons, \u00e0 moins que certaines raisons ne justifient ce traitement.<\/li>\n            <\/ul><p>Assurez-vous de toujours indiquer clairement qui vous \u00eates, afin que nous puissions \u00eatre certains de ne pas modifier ni supprimer les donn\u00e9es de la mauvaise personne.<\/p><h2>10. D\u00e9poser une plainte<\/h2>Si vous n\u2019\u00eates pas satisfait de la mani\u00e8re dont nous proc\u00e9dons (concernant une plainte) au traitement de vos donn\u00e9es personnelles, vous avez le droit de d\u00e9poser une plainte aupr\u00e8s de l\u2019Information Regulator South Africa\u00a0:<br \/>P.O Box 31533,\n\t\t\t\t\t\t<br \/>Braamfontein,\n\t\t\t\t\t\t<br \/>Johannesburg,\n\t\t\t\t\t\t<br \/>2017\n\t\t\t\t\t\t<br \/>E-mail des plaintes\u00a0:complaints.IR@justice.gov.za<h2>11. Enfants<\/h2><p>Notre site web n\u2019est pas con\u00e7u pour les enfants et il n\u2019est pas dans notre intention de recueillir des donn\u00e9es personnelles aupr\u00e8s d\u2019enfants sous l\u2019\u00e2ge de consentement de leur pays de r\u00e9sidence. Nous demandons par cons\u00e9quent aux enfants sous l\u2019\u00e2ge de consentement de ne nous envoyer aucune donn\u00e9e personnelle.<\/p><h2>12. Coordonn\u00e9es<\/h2><p>JFY International<br \/>\n        JFY International GmbH<br \/>\nSchulze-Delitzsch-Stra\u00dfe 41<br \/>\n70565 Stuttgart<br \/>\n        Allemagne<br \/>\n        Site web : <a href=\"https:\/\/www.jfy-international.com\/fr\">https:\/\/www.jfy-international.com\/fr<\/a> <br \/>\n        E-mail : <span class=\"cmplz-obfuscate\">ventes@<span class=\"cmplz-fmail-domain\">ex.com<\/span>&#106;&#102;&#121;-inte&#114;na&#116;&#105;o&#110;&#097;l.&#099;o&#109;<\/span> <br \/>\n        Num\u00e9ro de t\u00e9l\u00e9phone : 0049 7156 303 30576<\/p><p>Nous avons nomm\u00e9 une personne \u00e0 contacter \u00e0 propos des politiques et pratiques de l\u2019organisation, et \u00e0 qui toute plainte ou demande de renseignement peut \u00eatre transmise\u00a0:<br \/>Dominic Gastes<br \/>info@jfy-international.com<\/p><\/div>","protected":false},"excerpt":{"rendered":"","protected":false},"author":2,"featured_media":0,"parent":0,"menu_order":0,"comment_status":"closed","ping_status":"closed","template":"","meta":{"_acf_changed":false,"content-type":"","footnotes":""},"class_list":["post-16737","page","type-page","status-publish","hentry"],"acf":[],"yoast_head":"<!-- This site is optimized with the Yoast SEO plugin v27.4 - https:\/\/yoast.com\/product\/yoast-seo-wordpress\/ -->\n<title>Privacy Statement (ZA) - JFY International<\/title>\n<meta name=\"robots\" content=\"index, follow, max-snippet:-1, max-image-preview:large, max-video-preview:-1\" \/>\n<link rel=\"canonical\" href=\"https:\/\/www.jfy-international.com\/fr\/privacy-statement-za\/\" \/>\n<meta property=\"og:locale\" content=\"fr_FR\" \/>\n<meta property=\"og:type\" content=\"article\" \/>\n<meta property=\"og:title\" content=\"Privacy Statement (ZA) - JFY International\" \/>\n<meta property=\"og:url\" content=\"https:\/\/www.jfy-international.com\/fr\/privacy-statement-za\/\" \/>\n<meta property=\"og:site_name\" content=\"JFY International\" \/>\n<meta name=\"twitter:card\" content=\"summary_large_image\" \/>\n<script type=\"application\/ld+json\" class=\"yoast-schema-graph\">{\"@context\":\"https:\\\/\\\/schema.org\",\"@graph\":[{\"@type\":\"WebPage\",\"@id\":\"https:\\\/\\\/www.jfy-international.com\\\/privacy-statement-za\\\/\",\"url\":\"https:\\\/\\\/www.jfy-international.com\\\/privacy-statement-za\\\/\",\"name\":\"Privacy Statement (ZA) - JFY International\",\"isPartOf\":{\"@id\":\"http:\\\/\\\/xqcxryus.elementor.cloud\\\/en\\\/#website\"},\"datePublished\":\"2026-04-10T13:43:35+00:00\",\"breadcrumb\":{\"@id\":\"https:\\\/\\\/www.jfy-international.com\\\/privacy-statement-za\\\/#breadcrumb\"},\"inLanguage\":\"fr-FR\",\"potentialAction\":[{\"@type\":\"ReadAction\",\"target\":[\"https:\\\/\\\/www.jfy-international.com\\\/privacy-statement-za\\\/\"]}]},{\"@type\":\"BreadcrumbList\",\"@id\":\"https:\\\/\\\/www.jfy-international.com\\\/privacy-statement-za\\\/#breadcrumb\",\"itemListElement\":[{\"@type\":\"ListItem\",\"position\":1,\"name\":\"Home\",\"item\":\"https:\\\/\\\/www.jfy-international.com\\\/en\\\/\"},{\"@type\":\"ListItem\",\"position\":2,\"name\":\"Privacy Statement (ZA)\"}]},{\"@type\":\"WebSite\",\"@id\":\"http:\\\/\\\/xqcxryus.elementor.cloud\\\/en\\\/#website\",\"url\":\"http:\\\/\\\/xqcxryus.elementor.cloud\\\/en\\\/\",\"name\":\"JFY International\",\"description\":\"Machines like you\",\"publisher\":{\"@id\":\"http:\\\/\\\/xqcxryus.elementor.cloud\\\/en\\\/#organization\"},\"potentialAction\":[{\"@type\":\"SearchAction\",\"target\":{\"@type\":\"EntryPoint\",\"urlTemplate\":\"http:\\\/\\\/xqcxryus.elementor.cloud\\\/en\\\/?s={search_term_string}\"},\"query-input\":{\"@type\":\"PropertyValueSpecification\",\"valueRequired\":true,\"valueName\":\"search_term_string\"}}],\"inLanguage\":\"fr-FR\"},{\"@type\":\"Organization\",\"@id\":\"http:\\\/\\\/xqcxryus.elementor.cloud\\\/en\\\/#organization\",\"name\":\"JFY International\",\"url\":\"http:\\\/\\\/xqcxryus.elementor.cloud\\\/en\\\/\",\"logo\":{\"@type\":\"ImageObject\",\"inLanguage\":\"fr-FR\",\"@id\":\"http:\\\/\\\/xqcxryus.elementor.cloud\\\/en\\\/#\\\/schema\\\/logo\\\/image\\\/\",\"url\":\"https:\\\/\\\/www.jfy-international.com\\\/wp-content\\\/uploads\\\/2025\\\/01\\\/JFY.png\",\"contentUrl\":\"https:\\\/\\\/www.jfy-international.com\\\/wp-content\\\/uploads\\\/2025\\\/01\\\/JFY.png\",\"width\":1200,\"height\":450,\"caption\":\"JFY International\"},\"image\":{\"@id\":\"http:\\\/\\\/xqcxryus.elementor.cloud\\\/en\\\/#\\\/schema\\\/logo\\\/image\\\/\"},\"sameAs\":[\"https:\\\/\\\/www.linkedin.com\\\/company\\\/jfy-international\"]}]}<\/script>\n<!-- \/ Yoast SEO plugin. -->","yoast_head_json":{"title":"Privacy Statement (ZA) - JFY International","robots":{"index":"index","follow":"follow","max-snippet":"max-snippet:-1","max-image-preview":"max-image-preview:large","max-video-preview":"max-video-preview:-1"},"canonical":"https:\/\/www.jfy-international.com\/fr\/privacy-statement-za\/","og_locale":"fr_FR","og_type":"article","og_title":"Privacy Statement (ZA) - JFY International","og_url":"https:\/\/www.jfy-international.com\/fr\/privacy-statement-za\/","og_site_name":"JFY International","twitter_card":"summary_large_image","schema":{"@context":"https:\/\/schema.org","@graph":[{"@type":"WebPage","@id":"https:\/\/www.jfy-international.com\/privacy-statement-za\/","url":"https:\/\/www.jfy-international.com\/privacy-statement-za\/","name":"Privacy Statement (ZA) - JFY International","isPartOf":{"@id":"http:\/\/xqcxryus.elementor.cloud\/en\/#website"},"datePublished":"2026-04-10T13:43:35+00:00","breadcrumb":{"@id":"https:\/\/www.jfy-international.com\/privacy-statement-za\/#breadcrumb"},"inLanguage":"fr-FR","potentialAction":[{"@type":"ReadAction","target":["https:\/\/www.jfy-international.com\/privacy-statement-za\/"]}]},{"@type":"BreadcrumbList","@id":"https:\/\/www.jfy-international.com\/privacy-statement-za\/#breadcrumb","itemListElement":[{"@type":"ListItem","position":1,"name":"Home","item":"https:\/\/www.jfy-international.com\/en\/"},{"@type":"ListItem","position":2,"name":"Privacy Statement (ZA)"}]},{"@type":"WebSite","@id":"http:\/\/xqcxryus.elementor.cloud\/en\/#website","url":"http:\/\/xqcxryus.elementor.cloud\/en\/","name":"JFY International","description":"Des machines comme vous","publisher":{"@id":"http:\/\/xqcxryus.elementor.cloud\/en\/#organization"},"potentialAction":[{"@type":"SearchAction","target":{"@type":"EntryPoint","urlTemplate":"http:\/\/xqcxryus.elementor.cloud\/en\/?s={search_term_string}"},"query-input":{"@type":"PropertyValueSpecification","valueRequired":true,"valueName":"search_term_string"}}],"inLanguage":"fr-FR"},{"@type":"Organization","@id":"http:\/\/xqcxryus.elementor.cloud\/en\/#organization","name":"JFY International","url":"http:\/\/xqcxryus.elementor.cloud\/en\/","logo":{"@type":"ImageObject","inLanguage":"fr-FR","@id":"http:\/\/xqcxryus.elementor.cloud\/en\/#\/schema\/logo\/image\/","url":"https:\/\/www.jfy-international.com\/wp-content\/uploads\/2025\/01\/JFY.png","contentUrl":"https:\/\/www.jfy-international.com\/wp-content\/uploads\/2025\/01\/JFY.png","width":1200,"height":450,"caption":"JFY International"},"image":{"@id":"http:\/\/xqcxryus.elementor.cloud\/en\/#\/schema\/logo\/image\/"},"sameAs":["https:\/\/www.linkedin.com\/company\/jfy-international"]}]}},"_links":{"self":[{"href":"https:\/\/www.jfy-international.com\/fr\/wp-json\/wp\/v2\/pages\/16737","targetHints":{"allow":["GET"]}}],"collection":[{"href":"https:\/\/www.jfy-international.com\/fr\/wp-json\/wp\/v2\/pages"}],"about":[{"href":"https:\/\/www.jfy-international.com\/fr\/wp-json\/wp\/v2\/types\/page"}],"author":[{"embeddable":true,"href":"https:\/\/www.jfy-international.com\/fr\/wp-json\/wp\/v2\/users\/2"}],"replies":[{"embeddable":true,"href":"https:\/\/www.jfy-international.com\/fr\/wp-json\/wp\/v2\/comments?post=16737"}],"version-history":[{"count":0,"href":"https:\/\/www.jfy-international.com\/fr\/wp-json\/wp\/v2\/pages\/16737\/revisions"}],"wp:attachment":[{"href":"https:\/\/www.jfy-international.com\/fr\/wp-json\/wp\/v2\/media?parent=16737"}],"curies":[{"name":"wp","href":"https:\/\/api.w.org\/{rel}","templated":true}]}}