{"id":16729,"date":"2026-04-10T13:43:33","date_gmt":"2026-04-10T13:43:33","guid":{"rendered":"https:\/\/www.jfy-international.com\/privacy-statement-uk\/"},"modified":"2026-04-10T13:43:33","modified_gmt":"2026-04-10T13:43:33","slug":"privacy-statement-uk","status":"publish","type":"page","link":"https:\/\/www.jfy-international.com\/hu\/privacy-statement-uk\/","title":{"rendered":"Privacy Statement (UK)"},"content":{"rendered":"<!-- Legal document generated by Complianz | GDPR\/CCPA Cookie Consent https:\/\/wordpress.org\/plugins\/complianz-gdpr -->\n<div id=\"cmplz-document\" class=\"cmplz-document privacy-statement cmplz-document-uk\"><p><i>This privacy statement was last updated on \u00e1prilis 10, 2026 and applies to citizens and legal permanent residents of the United Kingdom.<\/i><br><br><\/p><p>In this privacy statement, we explain what we do with the data we obtain about you via <a href=\"https:\/\/www.jfy-international.com\/hu\">https:\/\/www.jfy-international.com\/hu<\/a>. We recommend you carefully read this statement. In our processing we comply with the requirements of privacy legislation. That means, among other things, that:<\/p><ul>\n                <li>we clearly state the purposes for which we process personal data. We do this by means of this privacy statement;<\/li>\n                <li>we aim to limit our collection of personal data to only the personal data required for legitimate purposes;<\/li>\n                <li>we first request your explicit consent to process your personal data in cases requiring your consent;<\/li>\n                <li>we take appropriate security measures to protect your personal data and also require this from parties that process personal data on our behalf;<\/li>\n                <li>we respect your right to access your personal data or have it corrected or deleted, at your request.<\/li>\n            <\/ul><p>If you have any questions, or want to know exactly what data we keep of you, please contact us.<\/p><h2>1. Purpose, data and retention period<\/h2>We may collect or receive personal information for a number of purposes connected with our business operations which may include the following: (click to expand)<details class=\"cmplz-dropdown dropdown-privacy-statement\"><summary><div><h3>1.1 To sell or share data with a third party<\/h3><\/div><\/summary><p class=\"cmplz-subtitle\">For this purpose we use the following data:<\/p><p><ul><li>A first and last name<\/li><li>Account name or alias<\/li><li>A home or other physical address, including street name and name of a city or town<\/li><li>An email address<\/li><li>A telephone number<\/li><\/ul><\/p><p class=\"cmplz-subtitle\">The basis on which we may process these data is:<\/p><p class=\"cmplz-subtitle\">Retention period<\/p><p>We retain this data until the service is terminated.<\/p><\/details><details class=\"cmplz-dropdown dropdown-privacy-statement\"><summary><div><h3>1.2 Contact - Through phone, mail, email and\/or webforms<\/h3><\/div><\/summary><p class=\"cmplz-subtitle\">For this purpose we use the following data:<\/p><p><ul><li>A first and last name<\/li><li>Account name or alias<\/li><li>A home or other physical address, including street name and name of a city or town<\/li><li>An email address<\/li><li>A telephone number<\/li><li>IP Address<\/li><li>Geolocation data<\/li><li>Internet activity information, including, but not limited to, browsing history, search history, and information regarding a consumer&#039;s interaction with an Internet Web site, application, or advertisement<\/li><\/ul><\/p><p class=\"cmplz-subtitle\">The basis on which we may process these data is:<\/p><p class=\"cmplz-subtitle\">Retention period<\/p><p>We retain this data until the service is terminated.<\/p><\/details><details class=\"cmplz-dropdown dropdown-privacy-statement\"><summary><div><h3>1.3 Registering an account<\/h3><\/div><\/summary><p class=\"cmplz-subtitle\">For this purpose we use the following data:<\/p><p><ul><li>A first and last name<\/li><li>Account name or alias<\/li><li>An email address<\/li><li>IP Address<\/li><\/ul><\/p><p class=\"cmplz-subtitle\">The basis on which we may process these data is:<\/p><p class=\"cmplz-subtitle\">Retention period<\/p><p>We retain this data until the service is terminated.<\/p><\/details><details class=\"cmplz-dropdown dropdown-privacy-statement\"><summary><div><h3>1.4 Newsletters<\/h3><\/div><\/summary><p class=\"cmplz-subtitle\">For this purpose we use the following data:<\/p><p><ul><li>A first and last name<\/li><li>Account name or alias<\/li><li>An email address<\/li><li>A home or other physical address, including street name and name of a city or town<\/li><li>A telephone number<\/li><li>IP Address<\/li><\/ul><\/p><p class=\"cmplz-subtitle\">The basis on which we may process these data is:<\/p><p class=\"cmplz-subtitle\">Retention period<\/p><p>We retain this data until the service is terminated.<\/p><\/details><details class=\"cmplz-dropdown dropdown-privacy-statement\"><summary><div><h3>1.5 To support services or products that a customer wants to buy or has purchased<\/h3><\/div><\/summary><p class=\"cmplz-subtitle\">For this purpose we use the following data:<\/p><p><ul><li>A first and last name<\/li><li>Account name or alias<\/li><li>A home or other physical address, including street name and name of a city or town<\/li><li>An email address<\/li><li>A telephone number<\/li><li>Geolocation data<\/li><\/ul><\/p><p class=\"cmplz-subtitle\">The basis on which we may process these data is:<\/p><p class=\"cmplz-subtitle\">Retention period<\/p><p>We retain this data until the service is terminated.<\/p><\/details><details class=\"cmplz-dropdown dropdown-privacy-statement\"><summary><div><h3>1.6 To be able to comply with legal obligations<\/h3><\/div><\/summary><p class=\"cmplz-subtitle\">For this purpose we use the following data:<\/p><p><ul><li>A first and last name<\/li><li>Account name or alias<\/li><li>A home or other physical address, including street name and name of a city or town<\/li><li>An email address<\/li><li>A telephone number<\/li><\/ul><\/p><p class=\"cmplz-subtitle\">The basis on which we may process these data is:<\/p><p class=\"cmplz-subtitle\">Retention period<\/p><p>We retain this data until the service is terminated.<\/p><\/details><details class=\"cmplz-dropdown dropdown-privacy-statement\"><summary><div><h3>1.7 Compiling and analyzing statistics for website improvement.<\/h3><\/div><\/summary><p class=\"cmplz-subtitle\">For this purpose we use the following data:<\/p><p><ul><li>A first and last name<\/li><li>A home or other physical address, including street name and name of a city or town<\/li><li>Account name or alias<\/li><li>An email address<\/li><li>A telephone number<\/li><\/ul><\/p><p class=\"cmplz-subtitle\">The basis on which we may process these data is:<\/p><p class=\"cmplz-subtitle\">Retention period<\/p><p>We retain this data until the service is terminated.<\/p><\/details><details class=\"cmplz-dropdown dropdown-privacy-statement\"><summary><div><h3>1.8 To be able to offer personalized products and services<\/h3><\/div><\/summary><p class=\"cmplz-subtitle\">For this purpose we use the following data:<\/p><p><ul><li>A first and last name<\/li><li>Account name or alias<\/li><li>A home or other physical address, including street name and name of a city or town<\/li><li>An email address<\/li><li>A telephone number<\/li><\/ul><\/p><p class=\"cmplz-subtitle\">The basis on which we may process these data is:<\/p><p class=\"cmplz-subtitle\">Retention period<\/p><p>We retain this data until the service is terminated.<\/p><\/details><h2>2. Sharing with other parties<\/h2><p>We only share or disclose this data to processors for the following purposes:<\/p><p class=\"cmplz-subtitle\">Processors<\/p><p><b>Name:<\/b>&nbsp;New processor<br>\n                <b>Country:<\/b>&nbsp;<br>\n                <b>Purpose:<\/b>&nbsp;<br><\/p><h2>3. Cookies<\/h2><p>To provide the best experiences, we and our partners use technologies like cookies to store and\/or access device information. Consenting to these technologies will allow us and our partners to process personal data such as browsing behaviour or unique IDs on this site. Not consenting or withdrawing consent, may adversely affect certain features and functions. For more information about these technologies and partners, please refer to our <a href=\"https:\/\/www.jfy-international.com\/hu\/cookie-policy-uk\/\">Cookie Policy<\/a>.&nbsp;<\/p><h2>4. Disclosure practices<\/h2><p><p>We disclose personal information if we are required by law or by a court order, in response to a law enforcement agency, to the extent permitted under other provisions of law, to provide information, or for an investigation on a matter related to public safety.<\/p><p>If our website or organisation is taken over, sold, or involved in a merger or acquisition, your details may be disclosed to our advisers and any prospective purchasers and will be passed on to the new owners.<\/p><\/p><p>JFY International participates in the IAB Europe Transparency &amp; Consent Framework and complies with its Specifications and Policies. It uses the Consent Management Platform with the identification number 332.&nbsp;<\/p><p>We have concluded a data processing agreement with Google.<\/p><h2>5. Security<\/h2><p>We are committed to the security of personal data. We take appropriate security measures to limit abuse of and unauthorised access to personal data. This ensures that only the necessary persons have access to your data, that access to the data is protected, and that our security measures are regularly reviewed.<\/p><h2>6. Third-party websites<\/h2><p>This privacy statement does not apply to third-party websites connected by links on our website. We cannot guarantee that these third parties handle your personal data in a reliable or secure manner. We recommend you read the privacy statements of these websites prior to making use of these websites.<\/p><h2>7. Amendments to this privacy statement<\/h2><p>We reserve the right to make amendments to this privacy statement. It is recommended that you consult this privacy statement regularly in order to be aware of any changes. In addition, we will actively inform you wherever possible.<\/p><h2>8. Accessing and modifying your data<\/h2><p>If you have any questions or want to know which personal data we have about you, please contact us. You can contact us by using the information below. You have the following rights:<\/p><ul>\n                <li>\u00d6nnek joga van tudni, hogy mi\u00e9rt van sz\u00fcks\u00e9g az \u00d6n szem\u00e9lyes adataira, mi t\u00f6rt\u00e9nik azokkal, \u00e9s mennyi ideig t\u00e1rolj\u00e1k azokat.<\/li>\n                <li>Hozz\u00e1f\u00e9r\u00e9si jog: \u00d6nnek joga van hozz\u00e1f\u00e9rni az \u00d6n \u00e1ltalunk ismert szem\u00e9lyes adataihoz.<\/li>\n                <li>Helyesb\u00edt\u00e9shez val\u00f3 jog: \u00d6n b\u00e1rmikor jogosult szem\u00e9lyes adatait kieg\u00e9sz\u00edteni, helyesb\u00edteni, t\u00f6r\u00f6lni vagy z\u00e1rolni.<\/li>\n                <li>Ha \u00d6n hozz\u00e1j\u00e1rul\u00e1s\u00e1t adta az adatai feldolgoz\u00e1s\u00e1hoz, joga van a hozz\u00e1j\u00e1rul\u00e1s visszavon\u00e1s\u00e1hoz \u00e9s szem\u00e9lyes adatainak t\u00f6rl\u00e9s\u00e9hez.<\/li>\n                <li>Az adattov\u00e1bb\u00edt\u00e1shoz val\u00f3 jog: \u00d6n jogosult arra, hogy az adatkezel\u0151t\u0151l k\u00e9rje az \u00f6sszes szem\u00e9lyes adat\u00e1t, \u00e9s azokat teljes eg\u00e9sz\u00e9ben tov\u00e1bb\u00edtsa egy m\u00e1sik adatkezel\u0151nek.<\/li>\n                <li>Tiltakoz\u00e1shoz val\u00f3 jog: \u00d6n tiltakozhat adatai feldolgoz\u00e1sa ellen. Ennek eleget tesz\u00fcnk, kiv\u00e9ve, ha az adatkezel\u00e9snek indokolt okai vannak.<\/li>\n            <\/ul><p>Please make sure to always clearly state who you are, so that we can be certain that we do not modify or delete any data of the wrong person.<\/p><h2>9. Submitting a complaint<\/h2><p>If you are not satisfied with the way in which we handle (a complaint about) the processing of your personal data, you have the right to submit a complaint to the Information Commissioner's Office:<\/p><p><br>Wycliffe House<br>\n                        Water Lane<br>\n                        Wilmslow<br>\n                        Cheshire<br>\n                        SK9 5AF<\/p><h2>10. Children<\/h2><p>Our website is not designed to attract children and it is not our intent to collect personal data from children under the age of consent in their country of residence. We therefore request that children under the age of consent do not submit any personal data to us.<\/p><h2>11. Contact details<\/h2><p>JFY International<br>\n        JFY International GmbH<br \/>\nSchulze-Delitzsch-Stra\u00dfe 41<br \/>\n70565 Stuttgart<br>\n        N\u00e9metorsz\u00e1g<br>\n        Weboldal: <a href=\"https:\/\/www.jfy-international.com\/hu\">https:\/\/www.jfy-international.com\/hu<\/a> <br>\n        E-mail: <span class=\"cmplz-obfuscate\">sales@<span class=\"cmplz-fmail-domain\">&#101;x.&#099;om<\/span>&#106;&#102;y-in&#116;&#101;r&#110;&#097;t&#105;&#111;&#110;&#097;l&#046;&#099;&#111;m<\/span> <br>\n        Telefonsz\u00e1m: 0049 7156 303 30576<\/p><\/div>","protected":false},"excerpt":{"rendered":"","protected":false},"author":2,"featured_media":0,"parent":0,"menu_order":0,"comment_status":"closed","ping_status":"closed","template":"","meta":{"_acf_changed":false,"footnotes":""},"class_list":["post-16729","page","type-page","status-publish","hentry"],"acf":[],"yoast_head":"<!-- This site is optimized with the Yoast SEO plugin v27.3 - https:\/\/yoast.com\/product\/yoast-seo-wordpress\/ -->\n<title>Privacy Statement (UK) - JFY International<\/title>\n<meta name=\"robots\" content=\"index, follow, max-snippet:-1, max-image-preview:large, max-video-preview:-1\" \/>\n<link rel=\"canonical\" href=\"https:\/\/www.jfy-international.com\/hu\/privacy-statement-uk\/\" \/>\n<meta property=\"og:locale\" content=\"hu_HU\" \/>\n<meta property=\"og:type\" content=\"article\" \/>\n<meta property=\"og:title\" content=\"Privacy Statement (UK) - JFY International\" \/>\n<meta property=\"og:url\" content=\"https:\/\/www.jfy-international.com\/hu\/privacy-statement-uk\/\" \/>\n<meta property=\"og:site_name\" content=\"JFY International\" \/>\n<meta name=\"twitter:card\" content=\"summary_large_image\" \/>\n<script type=\"application\/ld+json\" class=\"yoast-schema-graph\">{\"@context\":\"https:\\\/\\\/schema.org\",\"@graph\":[{\"@type\":\"WebPage\",\"@id\":\"https:\\\/\\\/www.jfy-international.com\\\/privacy-statement-uk\\\/\",\"url\":\"https:\\\/\\\/www.jfy-international.com\\\/privacy-statement-uk\\\/\",\"name\":\"Privacy Statement (UK) - JFY International\",\"isPartOf\":{\"@id\":\"http:\\\/\\\/xqcxryus.elementor.cloud\\\/en\\\/#website\"},\"datePublished\":\"2026-04-10T13:43:33+00:00\",\"breadcrumb\":{\"@id\":\"https:\\\/\\\/www.jfy-international.com\\\/privacy-statement-uk\\\/#breadcrumb\"},\"inLanguage\":\"hu\",\"potentialAction\":[{\"@type\":\"ReadAction\",\"target\":[\"https:\\\/\\\/www.jfy-international.com\\\/privacy-statement-uk\\\/\"]}]},{\"@type\":\"BreadcrumbList\",\"@id\":\"https:\\\/\\\/www.jfy-international.com\\\/privacy-statement-uk\\\/#breadcrumb\",\"itemListElement\":[{\"@type\":\"ListItem\",\"position\":1,\"name\":\"Home\",\"item\":\"https:\\\/\\\/www.jfy-international.com\\\/en\\\/\"},{\"@type\":\"ListItem\",\"position\":2,\"name\":\"Privacy Statement (UK)\"}]},{\"@type\":\"WebSite\",\"@id\":\"http:\\\/\\\/xqcxryus.elementor.cloud\\\/en\\\/#website\",\"url\":\"http:\\\/\\\/xqcxryus.elementor.cloud\\\/en\\\/\",\"name\":\"JFY International\",\"description\":\"Machines like you\",\"publisher\":{\"@id\":\"http:\\\/\\\/xqcxryus.elementor.cloud\\\/en\\\/#organization\"},\"potentialAction\":[{\"@type\":\"SearchAction\",\"target\":{\"@type\":\"EntryPoint\",\"urlTemplate\":\"http:\\\/\\\/xqcxryus.elementor.cloud\\\/en\\\/?s={search_term_string}\"},\"query-input\":{\"@type\":\"PropertyValueSpecification\",\"valueRequired\":true,\"valueName\":\"search_term_string\"}}],\"inLanguage\":\"hu\"},{\"@type\":\"Organization\",\"@id\":\"http:\\\/\\\/xqcxryus.elementor.cloud\\\/en\\\/#organization\",\"name\":\"JFY International\",\"url\":\"http:\\\/\\\/xqcxryus.elementor.cloud\\\/en\\\/\",\"logo\":{\"@type\":\"ImageObject\",\"inLanguage\":\"hu\",\"@id\":\"http:\\\/\\\/xqcxryus.elementor.cloud\\\/en\\\/#\\\/schema\\\/logo\\\/image\\\/\",\"url\":\"https:\\\/\\\/www.jfy-international.com\\\/wp-content\\\/uploads\\\/2025\\\/01\\\/JFY.png\",\"contentUrl\":\"https:\\\/\\\/www.jfy-international.com\\\/wp-content\\\/uploads\\\/2025\\\/01\\\/JFY.png\",\"width\":1200,\"height\":450,\"caption\":\"JFY International\"},\"image\":{\"@id\":\"http:\\\/\\\/xqcxryus.elementor.cloud\\\/en\\\/#\\\/schema\\\/logo\\\/image\\\/\"},\"sameAs\":[\"https:\\\/\\\/www.linkedin.com\\\/company\\\/jfy-international\"]}]}<\/script>\n<!-- \/ Yoast SEO plugin. -->","yoast_head_json":{"title":"Privacy Statement (UK) - JFY International","robots":{"index":"index","follow":"follow","max-snippet":"max-snippet:-1","max-image-preview":"max-image-preview:large","max-video-preview":"max-video-preview:-1"},"canonical":"https:\/\/www.jfy-international.com\/hu\/privacy-statement-uk\/","og_locale":"hu_HU","og_type":"article","og_title":"Privacy Statement (UK) - JFY International","og_url":"https:\/\/www.jfy-international.com\/hu\/privacy-statement-uk\/","og_site_name":"JFY International","twitter_card":"summary_large_image","schema":{"@context":"https:\/\/schema.org","@graph":[{"@type":"WebPage","@id":"https:\/\/www.jfy-international.com\/privacy-statement-uk\/","url":"https:\/\/www.jfy-international.com\/privacy-statement-uk\/","name":"Privacy Statement (UK) - JFY International","isPartOf":{"@id":"http:\/\/xqcxryus.elementor.cloud\/en\/#website"},"datePublished":"2026-04-10T13:43:33+00:00","breadcrumb":{"@id":"https:\/\/www.jfy-international.com\/privacy-statement-uk\/#breadcrumb"},"inLanguage":"hu","potentialAction":[{"@type":"ReadAction","target":["https:\/\/www.jfy-international.com\/privacy-statement-uk\/"]}]},{"@type":"BreadcrumbList","@id":"https:\/\/www.jfy-international.com\/privacy-statement-uk\/#breadcrumb","itemListElement":[{"@type":"ListItem","position":1,"name":"Home","item":"https:\/\/www.jfy-international.com\/en\/"},{"@type":"ListItem","position":2,"name":"Privacy Statement (UK)"}]},{"@type":"WebSite","@id":"http:\/\/xqcxryus.elementor.cloud\/en\/#website","url":"http:\/\/xqcxryus.elementor.cloud\/en\/","name":"JFY International","description":"G\u00e9pek, mint te","publisher":{"@id":"http:\/\/xqcxryus.elementor.cloud\/en\/#organization"},"potentialAction":[{"@type":"SearchAction","target":{"@type":"EntryPoint","urlTemplate":"http:\/\/xqcxryus.elementor.cloud\/en\/?s={search_term_string}"},"query-input":{"@type":"PropertyValueSpecification","valueRequired":true,"valueName":"search_term_string"}}],"inLanguage":"hu"},{"@type":"Organization","@id":"http:\/\/xqcxryus.elementor.cloud\/en\/#organization","name":"JFY International","url":"http:\/\/xqcxryus.elementor.cloud\/en\/","logo":{"@type":"ImageObject","inLanguage":"hu","@id":"http:\/\/xqcxryus.elementor.cloud\/en\/#\/schema\/logo\/image\/","url":"https:\/\/www.jfy-international.com\/wp-content\/uploads\/2025\/01\/JFY.png","contentUrl":"https:\/\/www.jfy-international.com\/wp-content\/uploads\/2025\/01\/JFY.png","width":1200,"height":450,"caption":"JFY International"},"image":{"@id":"http:\/\/xqcxryus.elementor.cloud\/en\/#\/schema\/logo\/image\/"},"sameAs":["https:\/\/www.linkedin.com\/company\/jfy-international"]}]}},"_links":{"self":[{"href":"https:\/\/www.jfy-international.com\/hu\/wp-json\/wp\/v2\/pages\/16729","targetHints":{"allow":["GET"]}}],"collection":[{"href":"https:\/\/www.jfy-international.com\/hu\/wp-json\/wp\/v2\/pages"}],"about":[{"href":"https:\/\/www.jfy-international.com\/hu\/wp-json\/wp\/v2\/types\/page"}],"author":[{"embeddable":true,"href":"https:\/\/www.jfy-international.com\/hu\/wp-json\/wp\/v2\/users\/2"}],"replies":[{"embeddable":true,"href":"https:\/\/www.jfy-international.com\/hu\/wp-json\/wp\/v2\/comments?post=16729"}],"version-history":[{"count":0,"href":"https:\/\/www.jfy-international.com\/hu\/wp-json\/wp\/v2\/pages\/16729\/revisions"}],"wp:attachment":[{"href":"https:\/\/www.jfy-international.com\/hu\/wp-json\/wp\/v2\/media?parent=16729"}],"curies":[{"name":"wp","href":"https:\/\/api.w.org\/{rel}","templated":true}]}}