{"id":16737,"date":"2026-04-10T13:43:35","date_gmt":"2026-04-10T13:43:35","guid":{"rendered":"https:\/\/www.jfy-international.com\/privacy-statement-za\/"},"modified":"2026-04-10T13:43:35","modified_gmt":"2026-04-10T13:43:35","slug":"privacy-statement-za","status":"publish","type":"page","link":"https:\/\/www.jfy-international.com\/hu\/privacy-statement-za\/","title":{"rendered":"Privacy Statement (ZA)"},"content":{"rendered":"<!-- Legal document generated by Complianz | GDPR\/CCPA Cookie Consent https:\/\/wordpress.org\/plugins\/complianz-gdpr -->\n<div id=\"cmplz-document\" class=\"cmplz-document privacy-statement cmplz-document-za\"><p><i>This privacy statement was last updated on \u00e1prilis 10, 2026 and applies to citizens and legal permanent residents of South Africa.<\/i><br \/><br \/><\/p><p>Ebben az adatv\u00e9delmi nyilatkozatban elmagyar\u00e1zzuk, hogy mit tesz\u00fcnk az \u00e1ltalunk \u00d6nr\u0151l az al\u00e1bbiokon kereszt\u00fcl beszerzett adatokkal <a href=\"https:\/\/www.jfy-international.com\/hu\">https:\/\/www.jfy-international.com\/hu<\/a>. Javasoljuk, hogy olvassa el figyelmesen ezt a nyilatkozatot. Feldolgoz\u00e1saink sor\u00e1n betartjuk az adatv\u00e9delmi t\u00f6rv\u00e9nyek k\u00f6vetelm\u00e9nyeit. Ez t\u00f6bbek k\u00f6z\u00f6tt azt jelenti, hogy:<\/p><ul>\n                <li>Vil\u00e1gosan meghat\u00e1rozzuk azokat a c\u00e9lokat, amelyekre szem\u00e9lyes adatait kezelj\u00fck. Ezt jelen adatv\u00e9delmi nyilatkozatunkkal tessz\u00fck meg;<\/li>\n                <li>Szem\u00e9lyes adatok gy\u0171jt\u00e9s\u00e9nek korl\u00e1toz\u00e1s\u00e1ra t\u00f6reksz\u00fcnk, csak a legsz\u00fcks\u00e9gesebb szem\u00e9lyes adatokra, a t\u00f6rv\u00e9nyes c\u00e9lok \u00e9rdek\u00e9ben;<\/li>\n                <li>el\u0151sz\u00f6r is k\u00e9rj\u00fck az \u00d6n kifejezett hozz\u00e1j\u00e1rul\u00e1s\u00e1t szem\u00e9lyes adatainak feldolgoz\u00e1s\u00e1hoz azokban az esetekben, amelyek az \u00d6n hozz\u00e1j\u00e1rul\u00e1s\u00e1t ig\u00e9nylik;<\/li>\n                <li>megfelel\u0151 biztons\u00e1gi int\u00e9zked\u00e9seket tesz\u00fcnk szem\u00e9lyes adatainak v\u00e9delm\u00e9re, \u00e9s ezt megk\u00f6vetelj\u00fck a vel\u00fcnk szerz\u0151d\u00e9ses kapcsolatban \u00e1ll\u00f3, adatfeldolgoz\u00e1st v\u00e9gz\u0151 partnerekt\u0151l is;<\/li>\n                <li>Minden k\u00e9r\u00e9s\u00e9nek megfelel\u0151en tiszteletben tartjuk a szem\u00e9lyes adataihoz val\u00f3 hozz\u00e1f\u00e9r\u00e9shez, azok helyesb\u00edt\u00e9s\u00e9hez vagy t\u00f6rl\u00e9s\u00e9hez val\u00f3 jog\u00e1t.<\/li>\n            <\/ul><p>Ha b\u00e1rmilyen k\u00e9rd\u00e9se van, vagy pontosan tudni szeretn\u00e9, milyen adatait \u0151rizz\u00fck meg, k\u00e9rj\u00fck, vegye fel vel\u00fcnk a kapcsolatot.<\/p><h2>1. C\u00e9l, adatok \u00e9s meg\u0151rz\u00e9si id\u0151<\/h2>Szem\u00e9lyes adatokat gy\u0171jthet\u00fcnk vagy kaphatunk \u00fczleti m\u0171k\u00f6d\u00e9s\u00fcnkh\u00f6z kapcsol\u00f3d\u00f3 sz\u00e1mos c\u00e9lb\u00f3l, amelyek magukban foglalhatj\u00e1k a k\u00f6vetkez\u0151ket: (kattintson a kibont\u00e1shoz)<details class=\"cmplz-dropdown dropdown-privacy-statement\"><summary><div><h3>1.1 Adatok \u00e9rt\u00e9kes\u00edt\u00e9se vagy megoszt\u00e1sa harmadik f\u00e9llel<\/h3><\/div><\/summary><p class=\"cmplz-subtitle\">Erre a c\u00e9lra a k\u00f6vetkez\u0151 adatokat haszn\u00e1ljuk fel:<\/p><p><ul><li>Vezet\u00e9kn\u00e9v \u00e9s keresztn\u00e9v<\/li><li>Sz\u00e1mlan\u00e9v vagy alias<\/li><li>Lak\u00f3hely vagy m\u00e1s fizikai c\u00edm, bele\u00e9rtve az utca nev\u00e9t \u00e9s a v\u00e1ros nev\u00e9t<\/li><li>Egy e-mail c\u00edm<\/li><li>Telefonsz\u00e1m<\/li><\/ul><\/p><p class=\"cmplz-subtitle\">Meg\u0151rz\u00e9si id\u0151<\/p><p>Megtartjuk ezeket az adatokat a szolg\u00e1ltat\u00e1s megsz\u0171n\u00e9s\u00e9ig.<\/p><\/details><details class=\"cmplz-dropdown dropdown-privacy-statement\"><summary><div><h3>1.2 El\u00e9rhet\u0151s\u00e9gek \u2013 Telefonon, lev\u00e9lben, e-mailben \u00e9s\/vagy web\u0171rlapon kereszt\u00fcl<\/h3><\/div><\/summary><p class=\"cmplz-subtitle\">Erre a c\u00e9lra a k\u00f6vetkez\u0151 adatokat haszn\u00e1ljuk fel:<\/p><p><ul><li>Vezet\u00e9kn\u00e9v \u00e9s keresztn\u00e9v<\/li><li>Sz\u00e1mlan\u00e9v vagy alias<\/li><li>Lak\u00f3hely vagy m\u00e1s fizikai c\u00edm, bele\u00e9rtve az utca nev\u00e9t \u00e9s a v\u00e1ros nev\u00e9t<\/li><li>Egy e-mail c\u00edm<\/li><li>Telefonsz\u00e1m<\/li><li>IP c\u00edm<\/li><li>Helymeghat\u00e1roz\u00e1si adatok<\/li><li>Internet tev\u00e9kenys\u00e9gi inform\u00e1ci\u00f3k, bele\u00e9rtve, de nem kiz\u00e1r\u00f3lagosan, a b\u00f6ng\u00e9sz\u00e9si el\u0151zm\u00e9nyeket, keres\u00e9si el\u0151zm\u00e9nyeket \u00e9s a fogyaszt\u00f3 internetes weboldallal, alkalmaz\u00e1ssal vagy hirdet\u00e9ssel val\u00f3 interakci\u00f3j\u00e1ra vonatkoz\u00f3 inform\u00e1ci\u00f3kat<\/li><\/ul><\/p><p class=\"cmplz-subtitle\">Meg\u0151rz\u00e9si id\u0151<\/p><p>Megtartjuk ezeket az adatokat a szolg\u00e1ltat\u00e1s megsz\u0171n\u00e9s\u00e9ig.<\/p><\/details><details class=\"cmplz-dropdown dropdown-privacy-statement\"><summary><div><h3>1.3 Fi\u00f3k regisztr\u00e1l\u00e1sa<\/h3><\/div><\/summary><p class=\"cmplz-subtitle\">Erre a c\u00e9lra a k\u00f6vetkez\u0151 adatokat haszn\u00e1ljuk fel:<\/p><p><ul><li>Vezet\u00e9kn\u00e9v \u00e9s keresztn\u00e9v<\/li><li>Sz\u00e1mlan\u00e9v vagy alias<\/li><li>Egy e-mail c\u00edm<\/li><li>IP c\u00edm<\/li><\/ul><\/p><p class=\"cmplz-subtitle\">Meg\u0151rz\u00e9si id\u0151<\/p><p>Megtartjuk ezeket az adatokat a szolg\u00e1ltat\u00e1s megsz\u0171n\u00e9s\u00e9ig.<\/p><\/details><details class=\"cmplz-dropdown dropdown-privacy-statement\"><summary><div><h3>1.4 H\u00edrlevelek<\/h3><\/div><\/summary><p class=\"cmplz-subtitle\">Erre a c\u00e9lra a k\u00f6vetkez\u0151 adatokat haszn\u00e1ljuk fel:<\/p><p><ul><li>Vezet\u00e9kn\u00e9v \u00e9s keresztn\u00e9v<\/li><li>Sz\u00e1mlan\u00e9v vagy alias<\/li><li>Egy e-mail c\u00edm<\/li><li>Lak\u00f3hely vagy m\u00e1s fizikai c\u00edm, bele\u00e9rtve az utca nev\u00e9t \u00e9s a v\u00e1ros nev\u00e9t<\/li><li>Telefonsz\u00e1m<\/li><li>IP c\u00edm<\/li><\/ul><\/p><p class=\"cmplz-subtitle\">Meg\u0151rz\u00e9si id\u0151<\/p><p>Megtartjuk ezeket az adatokat a szolg\u00e1ltat\u00e1s megsz\u0171n\u00e9s\u00e9ig.<\/p><\/details><details class=\"cmplz-dropdown dropdown-privacy-statement\"><summary><div><h3>1.5 Azoknak a szolg\u00e1ltat\u00e1soknak vagy term\u00e9keknek a t\u00e1mogat\u00e1sa, amelyeket egy \u00fcgyf\u00e9l meg k\u00edv\u00e1n v\u00e1s\u00e1rolni, vagy m\u00e1r megv\u00e1s\u00e1rolt<\/h3><\/div><\/summary><p class=\"cmplz-subtitle\">Erre a c\u00e9lra a k\u00f6vetkez\u0151 adatokat haszn\u00e1ljuk fel:<\/p><p><ul><li>Vezet\u00e9kn\u00e9v \u00e9s keresztn\u00e9v<\/li><li>Sz\u00e1mlan\u00e9v vagy alias<\/li><li>Lak\u00f3hely vagy m\u00e1s fizikai c\u00edm, bele\u00e9rtve az utca nev\u00e9t \u00e9s a v\u00e1ros nev\u00e9t<\/li><li>Egy e-mail c\u00edm<\/li><li>Telefonsz\u00e1m<\/li><li>Helymeghat\u00e1roz\u00e1si adatok<\/li><\/ul><\/p><p class=\"cmplz-subtitle\">Meg\u0151rz\u00e9si id\u0151<\/p><p>Megtartjuk ezeket az adatokat a szolg\u00e1ltat\u00e1s megsz\u0171n\u00e9s\u00e9ig.<\/p><\/details><details class=\"cmplz-dropdown dropdown-privacy-statement\"><summary><div><h3>1.6 Jogi k\u00f6telezetts\u00e9gek teljes\u00edt\u00e9se<\/h3><\/div><\/summary><p class=\"cmplz-subtitle\">A gy\u0171jt\u00e9st a k\u00f6vetkez\u0151 t\u00f6rv\u00e9ny vagy b\u00edr\u00f3s\u00e1gi\/hat\u00f3s\u00e1gi v\u00e9gz\u00e9s \u00edrja el\u0151 vagy enged\u00e9lyezi:<\/p><p class=\"legal-obligations-description\"><\/p><p class=\"cmplz-subtitle\">Erre a c\u00e9lra a k\u00f6vetkez\u0151 adatokat haszn\u00e1ljuk fel:<\/p><p><ul><li>Vezet\u00e9kn\u00e9v \u00e9s keresztn\u00e9v<\/li><li>Sz\u00e1mlan\u00e9v vagy alias<\/li><li>Lak\u00f3hely vagy m\u00e1s fizikai c\u00edm, bele\u00e9rtve az utca nev\u00e9t \u00e9s a v\u00e1ros nev\u00e9t<\/li><li>Egy e-mail c\u00edm<\/li><li>Telefonsz\u00e1m<\/li><\/ul><\/p><p class=\"cmplz-subtitle\">Meg\u0151rz\u00e9si id\u0151<\/p><p>Megtartjuk ezeket az adatokat a szolg\u00e1ltat\u00e1s megsz\u0171n\u00e9s\u00e9ig.<\/p><\/details><details class=\"cmplz-dropdown dropdown-privacy-statement\"><summary><div><h3>1.7 Statisztik\u00e1k ford\u00edt\u00e1sa \u00e9s elemz\u00e9se a weboldal fejleszt\u00e9s\u00e9hez.<\/h3><\/div><\/summary><p class=\"cmplz-subtitle\">Erre a c\u00e9lra a k\u00f6vetkez\u0151 adatokat haszn\u00e1ljuk fel:<\/p><p><ul><li>Vezet\u00e9kn\u00e9v \u00e9s keresztn\u00e9v<\/li><li>Lak\u00f3hely vagy m\u00e1s fizikai c\u00edm, bele\u00e9rtve az utca nev\u00e9t \u00e9s a v\u00e1ros nev\u00e9t<\/li><li>Sz\u00e1mlan\u00e9v vagy alias<\/li><li>Egy e-mail c\u00edm<\/li><li>Telefonsz\u00e1m<\/li><\/ul><\/p><p class=\"cmplz-subtitle\">Meg\u0151rz\u00e9si id\u0151<\/p><p>Megtartjuk ezeket az adatokat a szolg\u00e1ltat\u00e1s megsz\u0171n\u00e9s\u00e9ig.<\/p><\/details><details class=\"cmplz-dropdown dropdown-privacy-statement\"><summary><div><h3>1.8 Szem\u00e9lyre szabott term\u00e9kek \u00e9s szolg\u00e1ltat\u00e1sok felaj\u00e1nl\u00e1sa \u00e9rdek\u00e9ben<\/h3><\/div><\/summary><p class=\"cmplz-subtitle\">Erre a c\u00e9lra a k\u00f6vetkez\u0151 adatokat haszn\u00e1ljuk fel:<\/p><p><ul><li>Vezet\u00e9kn\u00e9v \u00e9s keresztn\u00e9v<\/li><li>Sz\u00e1mlan\u00e9v vagy alias<\/li><li>Lak\u00f3hely vagy m\u00e1s fizikai c\u00edm, bele\u00e9rtve az utca nev\u00e9t \u00e9s a v\u00e1ros nev\u00e9t<\/li><li>Egy e-mail c\u00edm<\/li><li>Telefonsz\u00e1m<\/li><\/ul><\/p><p class=\"cmplz-subtitle\">Meg\u0151rz\u00e9si id\u0151<\/p><p>Megtartjuk ezeket az adatokat a szolg\u00e1ltat\u00e1s megsz\u0171n\u00e9s\u00e9ig.<\/p><\/details><h2>2. Mi van, ha nem adja meg nek\u00fcnk szem\u00e9lyes adatait?<\/h2><p>Ha nem adja meg szem\u00e9lyes adatait, lehets\u00e9ges, hogy nem tudjuk biztos\u00edtani az \u00d6n \u00e1ltal keresett inform\u00e1ci\u00f3t, term\u00e9keket vagy seg\u00edts\u00e9get.<\/p><h2>3. Harmadik felekkel val\u00f3 megoszt\u00e1s<\/h2><p>Ezeket az adatokat csak a k\u00f6vetkez\u0151 c\u00e9lokra osztjuk meg vagy hozzuk nyilv\u00e1noss\u00e1gra az \u00fczemeltet\u0151kkel:<\/p><p class=\"cmplz-subtitle\">Oper\u00e1torok<\/p><p><p>\n                <b>N\u00e9v:<\/b>&nbsp;\u00daj processzor<br \/>\n                <b>Orsz\u00e1g:<\/b>&nbsp;<br \/>\n                <b>C\u00e9l:<\/b>&nbsp;<br \/>\n            <\/p><\/p><h2>4. S\u00fctik<\/h2>A legjobb \u00e9lm\u00e9nyek ny\u00fajt\u00e1sa \u00e9rdek\u00e9ben mi \u00e9s partnereink olyan technol\u00f3gi\u00e1kat haszn\u00e1lunk, mint a s\u00fctik, az eszk\u00f6zinform\u00e1ci\u00f3k t\u00e1rol\u00e1s\u00e1ra \u00e9s\/vagy el\u00e9r\u00e9s\u00e9re. Ezen technol\u00f3gi\u00e1k elfogad\u00e1sa lehet\u0151v\u00e9 teszi sz\u00e1munkra \u00e9s partnereink sz\u00e1m\u00e1ra, hogy szem\u00e9lyes adatokat dolgozzunk fel, p\u00e9ld\u00e1ul a b\u00f6ng\u00e9sz\u00e9si magatart\u00e1st vagy egyedi azonos\u00edt\u00f3kat ezen a webhelyen. Az elfogad\u00e1s megtagad\u00e1sa vagy az elfogad\u00e1s visszavon\u00e1sa kedvez\u0151tlen\u00fcl befoly\u00e1solhat bizonyos funkci\u00f3kat \u00e9s szolg\u00e1ltat\u00e1sokat. Ezen technol\u00f3gi\u00e1kr\u00f3l \u00e9s partnereinkr\u0151l tov\u00e1bbi inform\u00e1ci\u00f3kat a k\u00f6vetkez\u0151 c\u00edmen tal\u00e1l: <a href=\"https:\/\/www.jfy-international.com\/hu\/cookie-policy-za\/\">Cookie Szab\u00e1lyzat<\/a>.&nbsp;<h2>5. K\u00f6zz\u00e9t\u00e9teli gyakorlatok<\/h2><p><p>Szem\u00e9lyes adatokat akkor hozunk nyilv\u00e1noss\u00e1gra, ha azt t\u00f6rv\u00e9ny vagy b\u00edr\u00f3s\u00e1gi v\u00e9gz\u00e9s \u00edrja el\u0151, rend\u00e9szeti szerv k\u00e9r\u00e9s\u00e9re, a t\u00f6rv\u00e9ny egy\u00e9b rendelkez\u00e9sei \u00e1ltal megengedett m\u00e9rt\u00e9kben, inform\u00e1ci\u00f3 ny\u00fajt\u00e1sa c\u00e9lj\u00e1b\u00f3l, vagy k\u00f6zbiztons\u00e1ggal kapcsolatos \u00fcgyek kivizsg\u00e1l\u00e1sa \u00e9rdek\u00e9ben.<\/p><p>Abban az esetben, ha weboldalunkat vagy szervezet\u00fcnket \u00e1tveszik, eladj\u00e1k, vagy f\u00fazi\u00f3ban vagy felv\u00e1s\u00e1rl\u00e1sban vesz\u00fcnk r\u00e9szt, az \u00d6n adatait k\u00f6zz\u00e9 tehetj\u00fck tan\u00e1csad\u00f3ink \u00e9s a leend\u0151 v\u00e1s\u00e1rl\u00f3k el\u0151tt, \u00e9s tov\u00e1bb\u00edtjuk azokat az \u00faj tulajdonosoknak.<\/p><\/p><p>A JFY International r\u00e9szt vesz az IAB Europe \u00e1tl\u00e1that\u00f3s\u00e1gi \u00e9s hozz\u00e1j\u00e1rul\u00e1si keretrendszer\u00e9ben, \u00e9s betartja annak specifik\u00e1ci\u00f3it \u00e9s ir\u00e1nyelveit. A 332-es azonos\u00edt\u00f3sz\u00e1m\u00fa hozz\u00e1j\u00e1rul\u00e1skezel\u0151 platformot haszn\u00e1lja.&nbsp;<\/p>K\u00f6t\u00f6tt\u00fcnk adatfeldolgoz\u00e1si meg\u00e1llapod\u00e1st a Google-lal.<h2>6. Biztons\u00e1g<\/h2>Elk\u00f6telezettek vagyunk a szem\u00e9lyes adatok biztons\u00e1g\u00e1t illet\u0151en. Megfelel\u0151 biztons\u00e1gi int\u00e9zked\u00e9seket tesz\u00fcnk a szem\u00e9lyes adatokkal val\u00f3 vissza\u00e9l\u00e9sek \u00e9s az illet\u00e9ktelen hozz\u00e1f\u00e9r\u00e9s korl\u00e1toz\u00e1s\u00e1ra. Ez biztos\u00edtja, hogy csak a sz\u00fcks\u00e9ges szem\u00e9lyek f\u00e9rjenek hozz\u00e1 az \u00d6n adataihoz, hogy az adatokhoz val\u00f3 hozz\u00e1f\u00e9r\u00e9s v\u00e9dve legyen, \u00e9s hogy biztons\u00e1gi int\u00e9zked\u00e9seinket rendszeresen fel\u00fclvizsg\u00e1ljuk.<h2>7. Harmadik f\u00e9lt\u0151l sz\u00e1rmaz\u00f3 weboldalak<\/h2>Ez az adatv\u00e9delmi nyilatkozat nem vonatkozik a weboldalunkon tal\u00e1lhat\u00f3 linkeken kereszt\u00fcl el\u00e9rhet\u0151 harmadik f\u00e9lt\u0151l sz\u00e1rmaz\u00f3 weboldalakra. Nem tudjuk garant\u00e1lni, hogy ezek a harmadik felek megb\u00edzhat\u00f3an vagy biztons\u00e1gosan kezelik szem\u00e9lyes adatait. Javasoljuk, hogy olvassa el ezen weboldalak adatv\u00e9delmi nyilatkozat\u00e1t, miel\u0151tt ig\u00e9nybe venn\u00e9 azokat.<h2>8. Adatv\u00e9delmi nyilatkozat m\u00f3dos\u00edt\u00e1sai<\/h2>Fenntartjuk magunknak a jogot ezen az adatv\u00e9delmi nyilatkozaton m\u00f3dos\u00edt\u00e1sok eszk\u00f6zl\u00e9s\u00e9re. Javasoljuk, hogy rendszeresen tekintse \u00e1t ezt az adatv\u00e9delmi nyilatkozatot, hogy tiszt\u00e1ban legyen az esetleges v\u00e1ltoz\u00e1sokkal. Ezen fel\u00fcl, ahol csak lehets\u00e9ges, akt\u00edvan t\u00e1j\u00e9koztatni fogjuk \u00d6nt.<h2>9. Adatok el\u00e9r\u00e9se \u00e9s m\u00f3dos\u00edt\u00e1sa<\/h2><p>Ha b\u00e1rmilyen k\u00e9rd\u00e9se van, vagy szeretn\u00e9 tudni, hogy milyen szem\u00e9lyes adatait t\u00e1roljuk, k\u00e9rj\u00fck, vegye fel vel\u00fcnk a kapcsolatot. Az al\u00e1bbi el\u00e9rhet\u0151s\u00e9geken l\u00e9phet vel\u00fcnk kapcsolatba. Az al\u00e1bbi jogokkal rendelkezik:<\/p><ul>\n                <li>\u00d6nnek joga van tudni, hogy mi\u00e9rt van sz\u00fcks\u00e9g az \u00d6n szem\u00e9lyes adataira, mi t\u00f6rt\u00e9nik azokkal, \u00e9s mennyi ideig t\u00e1rolj\u00e1k azokat.<\/li>\n                <li>Hozz\u00e1f\u00e9r\u00e9si jog: \u00d6nnek joga van hozz\u00e1f\u00e9rni az \u00d6n \u00e1ltalunk ismert szem\u00e9lyes adataihoz.<\/li>\n                <li>Helyesb\u00edt\u00e9shez val\u00f3 jog: \u00d6n b\u00e1rmikor jogosult szem\u00e9lyes adatait kieg\u00e9sz\u00edteni, helyesb\u00edteni, t\u00f6r\u00f6lni vagy z\u00e1rolni.<\/li>\n                <li>Ha \u00d6n hozz\u00e1j\u00e1rul\u00e1s\u00e1t adta az adatai feldolgoz\u00e1s\u00e1hoz, joga van a hozz\u00e1j\u00e1rul\u00e1s visszavon\u00e1s\u00e1hoz \u00e9s szem\u00e9lyes adatainak t\u00f6rl\u00e9s\u00e9hez.<\/li>\n                <li>Tiltakoz\u00e1shoz val\u00f3 jog: \u00d6n tiltakozhat adatai feldolgoz\u00e1sa ellen. Ennek eleget tesz\u00fcnk, kiv\u00e9ve, ha az adatkezel\u00e9snek indokolt okai vannak.<\/li>\n            <\/ul><p>K\u00e9rj\u00fck, mindig vil\u00e1gosan t\u00fcntesse fel, hogy ki \u00d6n, hogy biztosan ne m\u00f3dos\u00edtsunk vagy t\u00f6r\u00f6lj\u00fcnk adatokat a rossz szem\u00e9lyt\u0151l.<\/p><h2>10. Panasz beny\u00fajt\u00e1sa<\/h2>Ha nem el\u00e9gedett azzal, ahogyan szem\u00e9lyes adatainak feldolgoz\u00e1s\u00e1val kapcsolatos (panasz\u00e1t) kezelj\u00fck, jog\u00e1ban \u00e1ll panaszt beny\u00fajtani a d\u00e9l-afrikai Inform\u00e1ci\u00f3s Fel\u00fcgyel\u0151h\u00f6z:<br \/>Pf. 31533,\n\t\t\t\t\t\t<br \/>Braamfontein,\n\t\t\t\t\t\t<br \/>Johannesburg,\n\t\t\t\t\t\t<br \/>2017\n\t\t\t\t\t\t<br \/>Panaszok e-mail:complaints.IR@justice.gov.za<h2>11. Gyermekek<\/h2><p>Weboldalunk nem gyermekek sz\u00e1m\u00e1ra k\u00e9sz\u00fclt, \u00e9s nem is sz\u00e1nd\u00e9kozunk szem\u00e9lyes adatokat gy\u0171jteni a lak\u00f3hely\u00fck szerinti orsz\u00e1gban jogilag nagykor\u00fanak sz\u00e1m\u00edt\u00f3 gyermekekt\u0151l. Ez\u00e9rt k\u00e9rj\u00fck, hogy a jogilag nagykor\u00fanak nem sz\u00e1m\u00edt\u00f3 gyermekek ne k\u00fcldjenek nek\u00fcnk szem\u00e9lyes adatokat.<\/p><h2>12. El\u00e9rhet\u0151s\u00e9gek<\/h2><p>JFY International<br \/>\n        JFY International GmbH<br \/>\nSchulze-Delitzsch-Stra\u00dfe 41<br \/>\n70565 Stuttgart<br \/>\n        N\u00e9metorsz\u00e1g<br \/>\n        Weboldal: <a href=\"https:\/\/www.jfy-international.com\/hu\">https:\/\/www.jfy-international.com\/hu<\/a> <br \/>\n        E-mail: <span class=\"cmplz-obfuscate\">&#115;&#097;&#108;&#101;&#115;@<span class=\"cmplz-fmail-domain\">ex.com<\/span>jfy-internat&#105;onal&#046;&#099;o&#109;<\/span> <br \/>\n        Telefonsz\u00e1m: 0049 7156 303 30576<\/p><p>Kijel\u00f6lt\u00fcnk egy kapcsolattart\u00f3t a szervezet szab\u00e1lyzatai\u00e9rt \u00e9s gyakorlatai\u00e9rt felel\u0151s szem\u00e9lyk\u00e9nt, akihez a panaszokat vagy k\u00e9rd\u00e9seket tov\u00e1bb\u00edtani lehet:<br \/>Dominic Gastes<br \/>info@jfy-international.com<\/p><\/div>","protected":false},"excerpt":{"rendered":"","protected":false},"author":2,"featured_media":0,"parent":0,"menu_order":0,"comment_status":"closed","ping_status":"closed","template":"","meta":{"_acf_changed":false,"content-type":"","footnotes":""},"class_list":["post-16737","page","type-page","status-publish","hentry"],"acf":[],"yoast_head":"<!-- This site is optimized with the Yoast SEO plugin v27.4 - https:\/\/yoast.com\/product\/yoast-seo-wordpress\/ -->\n<title>Privacy Statement (ZA) - JFY International<\/title>\n<meta name=\"robots\" content=\"index, follow, max-snippet:-1, max-image-preview:large, max-video-preview:-1\" \/>\n<link rel=\"canonical\" href=\"https:\/\/www.jfy-international.com\/hu\/privacy-statement-za\/\" \/>\n<meta property=\"og:locale\" content=\"hu_HU\" \/>\n<meta property=\"og:type\" content=\"article\" \/>\n<meta property=\"og:title\" content=\"Privacy Statement (ZA) - JFY International\" \/>\n<meta property=\"og:url\" content=\"https:\/\/www.jfy-international.com\/hu\/privacy-statement-za\/\" \/>\n<meta property=\"og:site_name\" content=\"JFY International\" \/>\n<meta name=\"twitter:card\" content=\"summary_large_image\" \/>\n<script type=\"application\/ld+json\" class=\"yoast-schema-graph\">{\"@context\":\"https:\\\/\\\/schema.org\",\"@graph\":[{\"@type\":\"WebPage\",\"@id\":\"https:\\\/\\\/www.jfy-international.com\\\/privacy-statement-za\\\/\",\"url\":\"https:\\\/\\\/www.jfy-international.com\\\/privacy-statement-za\\\/\",\"name\":\"Privacy Statement (ZA) - JFY International\",\"isPartOf\":{\"@id\":\"http:\\\/\\\/xqcxryus.elementor.cloud\\\/en\\\/#website\"},\"datePublished\":\"2026-04-10T13:43:35+00:00\",\"breadcrumb\":{\"@id\":\"https:\\\/\\\/www.jfy-international.com\\\/privacy-statement-za\\\/#breadcrumb\"},\"inLanguage\":\"hu\",\"potentialAction\":[{\"@type\":\"ReadAction\",\"target\":[\"https:\\\/\\\/www.jfy-international.com\\\/privacy-statement-za\\\/\"]}]},{\"@type\":\"BreadcrumbList\",\"@id\":\"https:\\\/\\\/www.jfy-international.com\\\/privacy-statement-za\\\/#breadcrumb\",\"itemListElement\":[{\"@type\":\"ListItem\",\"position\":1,\"name\":\"Home\",\"item\":\"https:\\\/\\\/www.jfy-international.com\\\/en\\\/\"},{\"@type\":\"ListItem\",\"position\":2,\"name\":\"Privacy Statement (ZA)\"}]},{\"@type\":\"WebSite\",\"@id\":\"http:\\\/\\\/xqcxryus.elementor.cloud\\\/en\\\/#website\",\"url\":\"http:\\\/\\\/xqcxryus.elementor.cloud\\\/en\\\/\",\"name\":\"JFY International\",\"description\":\"Machines like you\",\"publisher\":{\"@id\":\"http:\\\/\\\/xqcxryus.elementor.cloud\\\/en\\\/#organization\"},\"potentialAction\":[{\"@type\":\"SearchAction\",\"target\":{\"@type\":\"EntryPoint\",\"urlTemplate\":\"http:\\\/\\\/xqcxryus.elementor.cloud\\\/en\\\/?s={search_term_string}\"},\"query-input\":{\"@type\":\"PropertyValueSpecification\",\"valueRequired\":true,\"valueName\":\"search_term_string\"}}],\"inLanguage\":\"hu\"},{\"@type\":\"Organization\",\"@id\":\"http:\\\/\\\/xqcxryus.elementor.cloud\\\/en\\\/#organization\",\"name\":\"JFY International\",\"url\":\"http:\\\/\\\/xqcxryus.elementor.cloud\\\/en\\\/\",\"logo\":{\"@type\":\"ImageObject\",\"inLanguage\":\"hu\",\"@id\":\"http:\\\/\\\/xqcxryus.elementor.cloud\\\/en\\\/#\\\/schema\\\/logo\\\/image\\\/\",\"url\":\"https:\\\/\\\/www.jfy-international.com\\\/wp-content\\\/uploads\\\/2025\\\/01\\\/JFY.png\",\"contentUrl\":\"https:\\\/\\\/www.jfy-international.com\\\/wp-content\\\/uploads\\\/2025\\\/01\\\/JFY.png\",\"width\":1200,\"height\":450,\"caption\":\"JFY International\"},\"image\":{\"@id\":\"http:\\\/\\\/xqcxryus.elementor.cloud\\\/en\\\/#\\\/schema\\\/logo\\\/image\\\/\"},\"sameAs\":[\"https:\\\/\\\/www.linkedin.com\\\/company\\\/jfy-international\"]}]}<\/script>\n<!-- \/ Yoast SEO plugin. -->","yoast_head_json":{"title":"Privacy Statement (ZA) - JFY International","robots":{"index":"index","follow":"follow","max-snippet":"max-snippet:-1","max-image-preview":"max-image-preview:large","max-video-preview":"max-video-preview:-1"},"canonical":"https:\/\/www.jfy-international.com\/hu\/privacy-statement-za\/","og_locale":"hu_HU","og_type":"article","og_title":"Privacy Statement (ZA) - JFY International","og_url":"https:\/\/www.jfy-international.com\/hu\/privacy-statement-za\/","og_site_name":"JFY International","twitter_card":"summary_large_image","schema":{"@context":"https:\/\/schema.org","@graph":[{"@type":"WebPage","@id":"https:\/\/www.jfy-international.com\/privacy-statement-za\/","url":"https:\/\/www.jfy-international.com\/privacy-statement-za\/","name":"Privacy Statement (ZA) - JFY International","isPartOf":{"@id":"http:\/\/xqcxryus.elementor.cloud\/en\/#website"},"datePublished":"2026-04-10T13:43:35+00:00","breadcrumb":{"@id":"https:\/\/www.jfy-international.com\/privacy-statement-za\/#breadcrumb"},"inLanguage":"hu","potentialAction":[{"@type":"ReadAction","target":["https:\/\/www.jfy-international.com\/privacy-statement-za\/"]}]},{"@type":"BreadcrumbList","@id":"https:\/\/www.jfy-international.com\/privacy-statement-za\/#breadcrumb","itemListElement":[{"@type":"ListItem","position":1,"name":"Home","item":"https:\/\/www.jfy-international.com\/en\/"},{"@type":"ListItem","position":2,"name":"Privacy Statement (ZA)"}]},{"@type":"WebSite","@id":"http:\/\/xqcxryus.elementor.cloud\/en\/#website","url":"http:\/\/xqcxryus.elementor.cloud\/en\/","name":"JFY International","description":"G\u00e9pek, mint te","publisher":{"@id":"http:\/\/xqcxryus.elementor.cloud\/en\/#organization"},"potentialAction":[{"@type":"SearchAction","target":{"@type":"EntryPoint","urlTemplate":"http:\/\/xqcxryus.elementor.cloud\/en\/?s={search_term_string}"},"query-input":{"@type":"PropertyValueSpecification","valueRequired":true,"valueName":"search_term_string"}}],"inLanguage":"hu"},{"@type":"Organization","@id":"http:\/\/xqcxryus.elementor.cloud\/en\/#organization","name":"JFY International","url":"http:\/\/xqcxryus.elementor.cloud\/en\/","logo":{"@type":"ImageObject","inLanguage":"hu","@id":"http:\/\/xqcxryus.elementor.cloud\/en\/#\/schema\/logo\/image\/","url":"https:\/\/www.jfy-international.com\/wp-content\/uploads\/2025\/01\/JFY.png","contentUrl":"https:\/\/www.jfy-international.com\/wp-content\/uploads\/2025\/01\/JFY.png","width":1200,"height":450,"caption":"JFY International"},"image":{"@id":"http:\/\/xqcxryus.elementor.cloud\/en\/#\/schema\/logo\/image\/"},"sameAs":["https:\/\/www.linkedin.com\/company\/jfy-international"]}]}},"_links":{"self":[{"href":"https:\/\/www.jfy-international.com\/hu\/wp-json\/wp\/v2\/pages\/16737","targetHints":{"allow":["GET"]}}],"collection":[{"href":"https:\/\/www.jfy-international.com\/hu\/wp-json\/wp\/v2\/pages"}],"about":[{"href":"https:\/\/www.jfy-international.com\/hu\/wp-json\/wp\/v2\/types\/page"}],"author":[{"embeddable":true,"href":"https:\/\/www.jfy-international.com\/hu\/wp-json\/wp\/v2\/users\/2"}],"replies":[{"embeddable":true,"href":"https:\/\/www.jfy-international.com\/hu\/wp-json\/wp\/v2\/comments?post=16737"}],"version-history":[{"count":0,"href":"https:\/\/www.jfy-international.com\/hu\/wp-json\/wp\/v2\/pages\/16737\/revisions"}],"wp:attachment":[{"href":"https:\/\/www.jfy-international.com\/hu\/wp-json\/wp\/v2\/media?parent=16737"}],"curies":[{"name":"wp","href":"https:\/\/api.w.org\/{rel}","templated":true}]}}