{"id":16729,"date":"2026-04-10T13:43:33","date_gmt":"2026-04-10T13:43:33","guid":{"rendered":"https:\/\/www.jfy-international.com\/privacy-statement-uk\/"},"modified":"2026-04-10T13:43:33","modified_gmt":"2026-04-10T13:43:33","slug":"privacy-statement-uk","status":"publish","type":"page","link":"https:\/\/www.jfy-international.com\/it\/privacy-statement-uk\/","title":{"rendered":"Privacy Statement (UK)"},"content":{"rendered":"<!-- Legal document generated by Complianz | GDPR\/CCPA Cookie Consent https:\/\/wordpress.org\/plugins\/complianz-gdpr -->\n<div id=\"cmplz-document\" class=\"cmplz-document privacy-statement cmplz-document-uk\"><p><i>This privacy statement was last updated on Aprile 10, 2026 and applies to citizens and legal permanent residents of the United Kingdom.<\/i><br><br><\/p><p>In questa informativa sulla privacy, spieghiamo cosa facciamo con i dati che otteniamo su di te tramite <a href=\"https:\/\/www.jfy-international.com\/it\">https:\/\/www.jfy-international.com\/it<\/a>. Ti consigliamo di leggere attentamente la presente dichiarazione. Nel nostro trattamento ci atteniamo ai requisiti della legislazione sulla privacy. Ci\u00f2 significa, tra l'altro, che:<\/p><ul>\n                <li>dichiariamo chiaramente gli scopi per cui trattiamo i dati personali. Lo facciamo mediante la presente informativa sulla privacy;<\/li>\n                <li>puntiamo a limitare la nostra raccolta di dati personali ai soli dati personali necessari per scopi legittimi;<\/li>\n                <li>chiediamo innanzitutto il tuo consenso esplicito per trattare i tuoi dati personali nei casi in cui sia richiesto il tuo consenso;<\/li>\n                <li>adottiamo misure di sicurezza appropriate per proteggere i tuoi dati personali e lo richiediamo anche alle parti che elaborano dati personali per nostro conto;<\/li>\n                <li>Rispettiamo il tuo diritto di accedere ai tuoi dati personali o di farli correggere o cancellare, su tua richiesta.<\/li>\n            <\/ul><p>In caso di domande o se desiderate sapere esattamente quali dati conserviamo su di voi, vi preghiamo di contattarci.<\/p><h2>1. Purpose, data and retention period<\/h2>Potremmo raccogliere o ricevere informazioni personali per diversi scopi connessi alle nostre operazioni commerciali, che possono includere i seguenti: (clicca per espandere)<details class=\"cmplz-dropdown dropdown-privacy-statement\"><summary><div><h3>1.1 Vendere o condividere dati con terzi<\/h3><\/div><\/summary><p class=\"cmplz-subtitle\">For this purpose we use the following data:<\/p><p><ul><li>Un nome e un cognome<\/li><li>Nome account o alias<\/li><li>Un indirizzo fisico, che include il nome della via e il nome di una citt\u00e0 o paese<\/li><li>Un indirizzo email<\/li><li>Un numero di telefono<\/li><\/ul><\/p><p class=\"cmplz-subtitle\">The basis on which we may process these data is:<\/p><p class=\"cmplz-subtitle\">Periodo di conservazione<\/p><p>Conserviamo questi dati fino alla cessazione del servizio.<\/p><\/details><details class=\"cmplz-dropdown dropdown-privacy-statement\"><summary><div><h3>1.2 Contatto - Tramite telefono, posta, email e\/o webform<\/h3><\/div><\/summary><p class=\"cmplz-subtitle\">For this purpose we use the following data:<\/p><p><ul><li>Un nome e un cognome<\/li><li>Nome account o alias<\/li><li>Un indirizzo fisico, che include il nome della via e il nome di una citt\u00e0 o paese<\/li><li>Un indirizzo email<\/li><li>Un numero di telefono<\/li><li>Indirizzo IP<\/li><li>Dati di geolocalizzazione<\/li><li>Informazioni sull'attivit\u00e0 Internet, incluse, a titolo esemplificativo ma non esaustivo, cronologia di navigazione, cronologia di ricerca e informazioni sull'interazione di un consumatore con un sito web, un'applicazione o una pubblicit\u00e0 su Internet<\/li><\/ul><\/p><p class=\"cmplz-subtitle\">The basis on which we may process these data is:<\/p><p class=\"cmplz-subtitle\">Periodo di conservazione<\/p><p>Conserviamo questi dati fino alla cessazione del servizio.<\/p><\/details><details class=\"cmplz-dropdown dropdown-privacy-statement\"><summary><div><h3>1.3 Registrazione di un account<\/h3><\/div><\/summary><p class=\"cmplz-subtitle\">For this purpose we use the following data:<\/p><p><ul><li>Un nome e un cognome<\/li><li>Nome account o alias<\/li><li>Un indirizzo email<\/li><li>Indirizzo IP<\/li><\/ul><\/p><p class=\"cmplz-subtitle\">The basis on which we may process these data is:<\/p><p class=\"cmplz-subtitle\">Periodo di conservazione<\/p><p>Conserviamo questi dati fino alla cessazione del servizio.<\/p><\/details><details class=\"cmplz-dropdown dropdown-privacy-statement\"><summary><div><h3>1.4 Newsletter<\/h3><\/div><\/summary><p class=\"cmplz-subtitle\">For this purpose we use the following data:<\/p><p><ul><li>Un nome e un cognome<\/li><li>Nome account o alias<\/li><li>Un indirizzo email<\/li><li>Un indirizzo fisico, che include il nome della via e il nome di una citt\u00e0 o paese<\/li><li>Un numero di telefono<\/li><li>Indirizzo IP<\/li><\/ul><\/p><p class=\"cmplz-subtitle\">The basis on which we may process these data is:<\/p><p class=\"cmplz-subtitle\">Periodo di conservazione<\/p><p>Conserviamo questi dati fino alla cessazione del servizio.<\/p><\/details><details class=\"cmplz-dropdown dropdown-privacy-statement\"><summary><div><h3>1.5 Per supportare servizi o prodotti che un cliente desidera acquistare o ha acquistato<\/h3><\/div><\/summary><p class=\"cmplz-subtitle\">For this purpose we use the following data:<\/p><p><ul><li>Un nome e un cognome<\/li><li>Nome account o alias<\/li><li>Un indirizzo fisico, che include il nome della via e il nome di una citt\u00e0 o paese<\/li><li>Un indirizzo email<\/li><li>Un numero di telefono<\/li><li>Dati di geolocalizzazione<\/li><\/ul><\/p><p class=\"cmplz-subtitle\">The basis on which we may process these data is:<\/p><p class=\"cmplz-subtitle\">Periodo di conservazione<\/p><p>Conserviamo questi dati fino alla cessazione del servizio.<\/p><\/details><details class=\"cmplz-dropdown dropdown-privacy-statement\"><summary><div><h3>1.6 Per poter rispettare gli obblighi legali<\/h3><\/div><\/summary><p class=\"cmplz-subtitle\">For this purpose we use the following data:<\/p><p><ul><li>Un nome e un cognome<\/li><li>Nome account o alias<\/li><li>Un indirizzo fisico, che include il nome della via e il nome di una citt\u00e0 o paese<\/li><li>Un indirizzo email<\/li><li>Un numero di telefono<\/li><\/ul><\/p><p class=\"cmplz-subtitle\">The basis on which we may process these data is:<\/p><p class=\"cmplz-subtitle\">Periodo di conservazione<\/p><p>Conserviamo questi dati fino alla cessazione del servizio.<\/p><\/details><details class=\"cmplz-dropdown dropdown-privacy-statement\"><summary><div><h3>1.7 Compilazione e analisi delle statistiche per il miglioramento del sito web.<\/h3><\/div><\/summary><p class=\"cmplz-subtitle\">For this purpose we use the following data:<\/p><p><ul><li>Un nome e un cognome<\/li><li>Un indirizzo fisico, che include il nome della via e il nome di una citt\u00e0 o paese<\/li><li>Nome account o alias<\/li><li>Un indirizzo email<\/li><li>Un numero di telefono<\/li><\/ul><\/p><p class=\"cmplz-subtitle\">The basis on which we may process these data is:<\/p><p class=\"cmplz-subtitle\">Periodo di conservazione<\/p><p>Conserviamo questi dati fino alla cessazione del servizio.<\/p><\/details><details class=\"cmplz-dropdown dropdown-privacy-statement\"><summary><div><h3>1.8 Essere in grado di offrire prodotti e servizi personalizzati<\/h3><\/div><\/summary><p class=\"cmplz-subtitle\">For this purpose we use the following data:<\/p><p><ul><li>Un nome e un cognome<\/li><li>Nome account o alias<\/li><li>Un indirizzo fisico, che include il nome della via e il nome di una citt\u00e0 o paese<\/li><li>Un indirizzo email<\/li><li>Un numero di telefono<\/li><\/ul><\/p><p class=\"cmplz-subtitle\">The basis on which we may process these data is:<\/p><p class=\"cmplz-subtitle\">Periodo di conservazione<\/p><p>Conserviamo questi dati fino alla cessazione del servizio.<\/p><\/details><h2>2. Condivisione con altre parti<\/h2><p>We only share or disclose this data to processors for the following purposes:<\/p><p class=\"cmplz-subtitle\">Processors<\/p><p><b>Name:<\/b>&nbsp;New processor<br>\n                <b>Country:<\/b>&nbsp;<br>\n                <b>Purpose:<\/b>&nbsp;<br><\/p><h2>3. Cookies<\/h2><p>To provide the best experiences, we and our partners use technologies like cookies to store and\/or access device information. Consenting to these technologies will allow us and our partners to process personal data such as browsing behaviour or unique IDs on this site. Not consenting or withdrawing consent, may adversely affect certain features and functions. For more information about these technologies and partners, please refer to our <a href=\"https:\/\/www.jfy-international.com\/it\/cookie-policy-uk\/\">Cookie Policy<\/a>.&nbsp;<\/p><h2>4. Disclosure practices<\/h2><p><p>Divulghiamo informazioni personali se richiesto dalla legge o da un ordine del tribunale, in risposta a un'agenzia di forze dell'ordine, nella misura consentita da altre disposizioni di legge, per fornire informazioni o per un'indagine su una questione relativa alla sicurezza pubblica.<\/p><p>Se il nostro sito web o la nostra organizzazione viene acquisita, venduta o coinvolta in una fusione o acquisizione, i tuoi dati potranno essere divulgati ai nostri consulenti e a eventuali acquirenti prospettici e saranno trasmessi ai nuovi proprietari.<\/p><\/p><p>JFY International participates in the IAB Europe Transparency &amp; Consent Framework and complies with its Specifications and Policies. It uses the Consent Management Platform with the identification number 332.&nbsp;<\/p><p>Abbiamo concluso un accordo sul trattamento dei dati con Google.<\/p><h2>5. Security<\/h2><p>We are committed to the security of personal data. We take appropriate security measures to limit abuse of and unauthorised access to personal data. This ensures that only the necessary persons have access to your data, that access to the data is protected, and that our security measures are regularly reviewed.<\/p><h2>6. Third-party websites<\/h2><p>Questa dichiarazione sulla privacy non si applica ai siti web di terze parti collegati tramite link sul nostro sito web. Non possiamo garantire che queste terze parti gestiscano i tuoi dati personali in modo affidabile o sicuro. Ti raccomandiamo di leggere le dichiarazioni sulla privacy di questi siti web prima di utilizzarli.<\/p><h2>7. Amendments to this privacy statement<\/h2><p>Ci riserviamo il diritto di apportare modifiche alla presente informativa sulla privacy. Si raccomanda di consultare regolarmente la presente informativa sulla privacy per essere al corrente di eventuali modifiche. Inoltre, vi informeremo attivamente ove possibile.<\/p><h2>8. Accessing and modifying your data<\/h2><p>If you have any questions or want to know which personal data we have about you, please contact us. You can contact us by using the information below. You have the following rights:<\/p><ul>\n                <li>Avete il diritto di sapere perch\u00e9 i vostri dati personali sono necessari, che fine faranno e per quanto tempo saranno conservati.<\/li>\n                <li>Diritto di accesso: L'utente ha il diritto di accedere ai propri dati personali di cui \u00e8 a conoscenza.<\/li>\n                <li>Diritto di rettifica: avete il diritto di integrare, rettificare, far cancellare o bloccare i vostri dati personali ogni volta che lo desiderate.<\/li>\n                <li>Se ci avete dato il consenso al trattamento dei vostri dati, avete il diritto di revocare tale consenso e di far cancellare i vostri dati personali.<\/li>\n                <li>Diritto di trasferimento dei dati: l'utente ha il diritto di richiedere tutti i suoi dati personali al responsabile del trattamento e di trasferirli integralmente a un altro responsabile del trattamento.<\/li>\n                <li>Diritto di opposizione: potete opporvi al trattamento dei vostri dati. Noi lo rispettiamo, a meno che non vi siano motivi giustificati per il trattamento.<\/li>\n            <\/ul><p>Please make sure to always clearly state who you are, so that we can be certain that we do not modify or delete any data of the wrong person.<\/p><h2>9. Submitting a complaint<\/h2><p>If you are not satisfied with the way in which we handle (a complaint about) the processing of your personal data, you have the right to submit a complaint to the Information Commissioner's Office:<\/p><p><br>Wycliffe House<br>\n                        Water Lane<br>\n                        Wilmslow<br>\n                        Cheshire<br>\n                        SK9 5AF<\/p><h2>10. Bambini<\/h2><p>Il nostro sito web non \u00e8 pensato per attrarre bambini e non \u00e8 nostra intenzione raccogliere dati personali da minori che non abbiano raggiunto l'et\u00e0 del consenso nel loro paese di residenza. Pertanto, chiediamo ai minori che non abbiano raggiunto l'et\u00e0 del consenso di non inviarci alcun dato personale.<\/p><h2>11. Dettagli di contatto<\/h2><p>Internazionale JFY<br>\n        JFY International GmbH<br \/>\nSchulze-Delitzsch-Stra\u00dfe 41<br \/>\n70565 Stoccarda<br>\n        Germania<br>\n        Sito web: <a href=\"https:\/\/www.jfy-international.com\/it\">https:\/\/www.jfy-international.com\/it<\/a> <br>\n        E-mail: <span class=\"cmplz-obfuscate\">vendite@<span class=\"cmplz-fmail-domain\">ex.com<\/span>&#106;f&#121;&#045;&#105;n&#116;&#101;&#114;&#110;&#097;ti&#111;&#110;al.com<\/span> <br>\n        Numero di telefono: 0049 7156 303 30576<\/p><\/div>","protected":false},"excerpt":{"rendered":"","protected":false},"author":2,"featured_media":0,"parent":0,"menu_order":0,"comment_status":"closed","ping_status":"closed","template":"","meta":{"_acf_changed":false,"footnotes":""},"class_list":["post-16729","page","type-page","status-publish","hentry"],"acf":[],"yoast_head":"<!-- This site is optimized with the Yoast SEO plugin v27.3 - https:\/\/yoast.com\/product\/yoast-seo-wordpress\/ -->\n<title>Privacy Statement (UK) - JFY International<\/title>\n<meta name=\"robots\" content=\"index, follow, max-snippet:-1, max-image-preview:large, max-video-preview:-1\" \/>\n<link rel=\"canonical\" href=\"https:\/\/www.jfy-international.com\/it\/privacy-statement-uk\/\" \/>\n<meta property=\"og:locale\" content=\"it_IT\" \/>\n<meta property=\"og:type\" content=\"article\" \/>\n<meta property=\"og:title\" content=\"Privacy Statement (UK) - JFY International\" \/>\n<meta property=\"og:url\" content=\"https:\/\/www.jfy-international.com\/it\/privacy-statement-uk\/\" \/>\n<meta property=\"og:site_name\" content=\"JFY International\" \/>\n<meta name=\"twitter:card\" content=\"summary_large_image\" \/>\n<script type=\"application\/ld+json\" class=\"yoast-schema-graph\">{\"@context\":\"https:\\\/\\\/schema.org\",\"@graph\":[{\"@type\":\"WebPage\",\"@id\":\"https:\\\/\\\/www.jfy-international.com\\\/privacy-statement-uk\\\/\",\"url\":\"https:\\\/\\\/www.jfy-international.com\\\/privacy-statement-uk\\\/\",\"name\":\"Privacy Statement (UK) - JFY International\",\"isPartOf\":{\"@id\":\"http:\\\/\\\/xqcxryus.elementor.cloud\\\/en\\\/#website\"},\"datePublished\":\"2026-04-10T13:43:33+00:00\",\"breadcrumb\":{\"@id\":\"https:\\\/\\\/www.jfy-international.com\\\/privacy-statement-uk\\\/#breadcrumb\"},\"inLanguage\":\"it-IT\",\"potentialAction\":[{\"@type\":\"ReadAction\",\"target\":[\"https:\\\/\\\/www.jfy-international.com\\\/privacy-statement-uk\\\/\"]}]},{\"@type\":\"BreadcrumbList\",\"@id\":\"https:\\\/\\\/www.jfy-international.com\\\/privacy-statement-uk\\\/#breadcrumb\",\"itemListElement\":[{\"@type\":\"ListItem\",\"position\":1,\"name\":\"Home\",\"item\":\"https:\\\/\\\/www.jfy-international.com\\\/en\\\/\"},{\"@type\":\"ListItem\",\"position\":2,\"name\":\"Privacy Statement (UK)\"}]},{\"@type\":\"WebSite\",\"@id\":\"http:\\\/\\\/xqcxryus.elementor.cloud\\\/en\\\/#website\",\"url\":\"http:\\\/\\\/xqcxryus.elementor.cloud\\\/en\\\/\",\"name\":\"JFY International\",\"description\":\"Machines like you\",\"publisher\":{\"@id\":\"http:\\\/\\\/xqcxryus.elementor.cloud\\\/en\\\/#organization\"},\"potentialAction\":[{\"@type\":\"SearchAction\",\"target\":{\"@type\":\"EntryPoint\",\"urlTemplate\":\"http:\\\/\\\/xqcxryus.elementor.cloud\\\/en\\\/?s={search_term_string}\"},\"query-input\":{\"@type\":\"PropertyValueSpecification\",\"valueRequired\":true,\"valueName\":\"search_term_string\"}}],\"inLanguage\":\"it-IT\"},{\"@type\":\"Organization\",\"@id\":\"http:\\\/\\\/xqcxryus.elementor.cloud\\\/en\\\/#organization\",\"name\":\"JFY International\",\"url\":\"http:\\\/\\\/xqcxryus.elementor.cloud\\\/en\\\/\",\"logo\":{\"@type\":\"ImageObject\",\"inLanguage\":\"it-IT\",\"@id\":\"http:\\\/\\\/xqcxryus.elementor.cloud\\\/en\\\/#\\\/schema\\\/logo\\\/image\\\/\",\"url\":\"https:\\\/\\\/www.jfy-international.com\\\/wp-content\\\/uploads\\\/2025\\\/01\\\/JFY.png\",\"contentUrl\":\"https:\\\/\\\/www.jfy-international.com\\\/wp-content\\\/uploads\\\/2025\\\/01\\\/JFY.png\",\"width\":1200,\"height\":450,\"caption\":\"JFY International\"},\"image\":{\"@id\":\"http:\\\/\\\/xqcxryus.elementor.cloud\\\/en\\\/#\\\/schema\\\/logo\\\/image\\\/\"},\"sameAs\":[\"https:\\\/\\\/www.linkedin.com\\\/company\\\/jfy-international\"]}]}<\/script>\n<!-- \/ Yoast SEO plugin. -->","yoast_head_json":{"title":"Privacy Statement (UK) - JFY International","robots":{"index":"index","follow":"follow","max-snippet":"max-snippet:-1","max-image-preview":"max-image-preview:large","max-video-preview":"max-video-preview:-1"},"canonical":"https:\/\/www.jfy-international.com\/it\/privacy-statement-uk\/","og_locale":"it_IT","og_type":"article","og_title":"Privacy Statement (UK) - JFY International","og_url":"https:\/\/www.jfy-international.com\/it\/privacy-statement-uk\/","og_site_name":"JFY International","twitter_card":"summary_large_image","schema":{"@context":"https:\/\/schema.org","@graph":[{"@type":"WebPage","@id":"https:\/\/www.jfy-international.com\/privacy-statement-uk\/","url":"https:\/\/www.jfy-international.com\/privacy-statement-uk\/","name":"Privacy Statement (UK) - JFY International","isPartOf":{"@id":"http:\/\/xqcxryus.elementor.cloud\/en\/#website"},"datePublished":"2026-04-10T13:43:33+00:00","breadcrumb":{"@id":"https:\/\/www.jfy-international.com\/privacy-statement-uk\/#breadcrumb"},"inLanguage":"it-IT","potentialAction":[{"@type":"ReadAction","target":["https:\/\/www.jfy-international.com\/privacy-statement-uk\/"]}]},{"@type":"BreadcrumbList","@id":"https:\/\/www.jfy-international.com\/privacy-statement-uk\/#breadcrumb","itemListElement":[{"@type":"ListItem","position":1,"name":"Home","item":"https:\/\/www.jfy-international.com\/en\/"},{"@type":"ListItem","position":2,"name":"Privacy Statement (UK)"}]},{"@type":"WebSite","@id":"http:\/\/xqcxryus.elementor.cloud\/en\/#website","url":"http:\/\/xqcxryus.elementor.cloud\/en\/","name":"Internazionale JFY","description":"Macchine come te","publisher":{"@id":"http:\/\/xqcxryus.elementor.cloud\/en\/#organization"},"potentialAction":[{"@type":"SearchAction","target":{"@type":"EntryPoint","urlTemplate":"http:\/\/xqcxryus.elementor.cloud\/en\/?s={search_term_string}"},"query-input":{"@type":"PropertyValueSpecification","valueRequired":true,"valueName":"search_term_string"}}],"inLanguage":"it-IT"},{"@type":"Organization","@id":"http:\/\/xqcxryus.elementor.cloud\/en\/#organization","name":"Internazionale JFY","url":"http:\/\/xqcxryus.elementor.cloud\/en\/","logo":{"@type":"ImageObject","inLanguage":"it-IT","@id":"http:\/\/xqcxryus.elementor.cloud\/en\/#\/schema\/logo\/image\/","url":"https:\/\/www.jfy-international.com\/wp-content\/uploads\/2025\/01\/JFY.png","contentUrl":"https:\/\/www.jfy-international.com\/wp-content\/uploads\/2025\/01\/JFY.png","width":1200,"height":450,"caption":"JFY International"},"image":{"@id":"http:\/\/xqcxryus.elementor.cloud\/en\/#\/schema\/logo\/image\/"},"sameAs":["https:\/\/www.linkedin.com\/company\/jfy-international"]}]}},"_links":{"self":[{"href":"https:\/\/www.jfy-international.com\/it\/wp-json\/wp\/v2\/pages\/16729","targetHints":{"allow":["GET"]}}],"collection":[{"href":"https:\/\/www.jfy-international.com\/it\/wp-json\/wp\/v2\/pages"}],"about":[{"href":"https:\/\/www.jfy-international.com\/it\/wp-json\/wp\/v2\/types\/page"}],"author":[{"embeddable":true,"href":"https:\/\/www.jfy-international.com\/it\/wp-json\/wp\/v2\/users\/2"}],"replies":[{"embeddable":true,"href":"https:\/\/www.jfy-international.com\/it\/wp-json\/wp\/v2\/comments?post=16729"}],"version-history":[{"count":0,"href":"https:\/\/www.jfy-international.com\/it\/wp-json\/wp\/v2\/pages\/16729\/revisions"}],"wp:attachment":[{"href":"https:\/\/www.jfy-international.com\/it\/wp-json\/wp\/v2\/media?parent=16729"}],"curies":[{"name":"wp","href":"https:\/\/api.w.org\/{rel}","templated":true}]}}