{"id":16737,"date":"2026-04-10T13:43:35","date_gmt":"2026-04-10T13:43:35","guid":{"rendered":"https:\/\/www.jfy-international.com\/privacy-statement-za\/"},"modified":"2026-04-10T13:43:35","modified_gmt":"2026-04-10T13:43:35","slug":"privacy-statement-za","status":"publish","type":"page","link":"https:\/\/www.jfy-international.com\/it\/privacy-statement-za\/","title":{"rendered":"Privacy Statement (ZA)"},"content":{"rendered":"<!-- Legal document generated by Complianz | GDPR\/CCPA Cookie Consent https:\/\/wordpress.org\/plugins\/complianz-gdpr -->\n<div id=\"cmplz-document\" class=\"cmplz-document privacy-statement cmplz-document-za\"><p><i>Questa dichiarazione sulla privacy \u00e8 stata aggiornata l'ultima volta il Aprile 10, 2026 e si applica ai cittadini e ai residenti permanenti legali del Sud Africa.<\/i><br \/><br \/><\/p><p>In questa dichiarazione sulla privacy, spieghiamo cosa facciamo con i tuoi dati che otteniamo tramite <a href=\"https:\/\/www.jfy-international.com\/it\">https:\/\/www.jfy-international.com\/it<\/a>. Ti consigliamo di leggere attentamente questa dichiarazione. Nel nostro trattamento rispettiamo i requisiti della legislazione sulla privacy. Ci\u00f2 significa, tra l'altro, che:<\/p><ul>\n                <li>comunichiamo chiaramente il motivo per il quale processiamo dati personali. Facciamo questo per mezzo di questa dichiarazione sulla privacy;<\/li>\n                <li>miriamo a limitare la raccolta di dati personali solo ai dati personali richiesti per scopi legittimi;<\/li>\n                <li>Prima richiediamo il tuo esplicito consenso per trattare i tuoi dati personali nei casi che lo richiedono;<\/li>\n                <li>adottiamo misure di sicurezza appropriate per proteggere i tuoi dati personali e lo richiediamo anche da parti che elaborano dati personali per nostro conto;<\/li>\n                <li>rispettiamo il tuo diritto di accedere ai tuoi dati personali o di farli correggere o cancellare, su tua richiesta.<\/li>\n            <\/ul><p>Se hai domande o vuoi sapere esattamente quali dati conserviamo, contattaci.<\/p><h2>1. Scopo, dati e periodo di conservazione<\/h2>Possiamo raccogliere o ricevere informazioni personali per una serie di scopi legati alle nostre attivit\u00e0 commerciali che possono includere quanto segue: (cliccare per espandere)<details class=\"cmplz-dropdown dropdown-privacy-statement\"><summary><div><h3>1.1 Per vendere o condividere dati con terze parti<\/h3><\/div><\/summary><p class=\"cmplz-subtitle\">A questo scopo utilizziamo i seguenti dati:<\/p><p><ul><li>Nome e cognome<\/li><li>Nome account o alias<\/li><li>Una casa o un diverso indirizzo fisico, inclusi nome della via e citt\u00e0<\/li><li>Un indirizzo email<\/li><li>Un numero di telefono<\/li><\/ul><\/p><p class=\"cmplz-subtitle\">Periodo di conservazione<\/p><p>Conserviamo questi dati fino al termine del servizio.<\/p><\/details><details class=\"cmplz-dropdown dropdown-privacy-statement\"><summary><div><h3>1.2 Contatto - Telefono, posta, email e\/o moduli web<\/h3><\/div><\/summary><p class=\"cmplz-subtitle\">A questo scopo utilizziamo i seguenti dati:<\/p><p><ul><li>Nome e cognome<\/li><li>Nome account o alias<\/li><li>Una casa o un diverso indirizzo fisico, inclusi nome della via e citt\u00e0<\/li><li>Un indirizzo email<\/li><li>Un numero di telefono<\/li><li>Indirizzo IP<\/li><li>Dati di geolocalizzazione<\/li><li>Informazioni sull'attivit\u00e0 su Internet, incluse, ma non solo, la cronologia di navigazione, la cronologia delle ricerche e le informazioni sull'interazione di un utente con siti web, applicazioni o pubblicit\u00e0.<\/li><\/ul><\/p><p class=\"cmplz-subtitle\">Periodo di conservazione<\/p><p>Conserviamo questi dati fino al termine del servizio.<\/p><\/details><details class=\"cmplz-dropdown dropdown-privacy-statement\"><summary><div><h3>1.3 Registrazione account<\/h3><\/div><\/summary><p class=\"cmplz-subtitle\">A questo scopo utilizziamo i seguenti dati:<\/p><p><ul><li>Nome e cognome<\/li><li>Nome account o alias<\/li><li>Un indirizzo email<\/li><li>Indirizzo IP<\/li><\/ul><\/p><p class=\"cmplz-subtitle\">Periodo di conservazione<\/p><p>Conserviamo questi dati fino al termine del servizio.<\/p><\/details><details class=\"cmplz-dropdown dropdown-privacy-statement\"><summary><div><h3>1.4 Newsletter<\/h3><\/div><\/summary><p class=\"cmplz-subtitle\">A questo scopo utilizziamo i seguenti dati:<\/p><p><ul><li>Nome e cognome<\/li><li>Nome account o alias<\/li><li>Un indirizzo email<\/li><li>Una casa o un diverso indirizzo fisico, inclusi nome della via e citt\u00e0<\/li><li>Un numero di telefono<\/li><li>Indirizzo IP<\/li><\/ul><\/p><p class=\"cmplz-subtitle\">Periodo di conservazione<\/p><p>Conserviamo questi dati fino al termine del servizio.<\/p><\/details><details class=\"cmplz-dropdown dropdown-privacy-statement\"><summary><div><h3>1.5 Per supportare servizi o prodotti che un cliente desidera o ha acquistato<\/h3><\/div><\/summary><p class=\"cmplz-subtitle\">A questo scopo utilizziamo i seguenti dati:<\/p><p><ul><li>Nome e cognome<\/li><li>Nome account o alias<\/li><li>Una casa o un diverso indirizzo fisico, inclusi nome della via e citt\u00e0<\/li><li>Un indirizzo email<\/li><li>Un numero di telefono<\/li><li>Dati di geolocalizzazione<\/li><\/ul><\/p><p class=\"cmplz-subtitle\">Periodo di conservazione<\/p><p>Conserviamo questi dati fino al termine del servizio.<\/p><\/details><details class=\"cmplz-dropdown dropdown-privacy-statement\"><summary><div><h3>1.6 Per poter rispettare gli obblighi legali<\/h3><\/div><\/summary><p class=\"cmplz-subtitle\">La raccolta \u00e8 richiesta o autorizzata dalla seguente legge o ordine del tribunale:<\/p><p class=\"legal-obligations-description\"><\/p><p class=\"cmplz-subtitle\">A questo scopo utilizziamo i seguenti dati:<\/p><p><ul><li>Nome e cognome<\/li><li>Nome account o alias<\/li><li>Una casa o un diverso indirizzo fisico, inclusi nome della via e citt\u00e0<\/li><li>Un indirizzo email<\/li><li>Un numero di telefono<\/li><\/ul><\/p><p class=\"cmplz-subtitle\">Periodo di conservazione<\/p><p>Conserviamo questi dati fino al termine del servizio.<\/p><\/details><details class=\"cmplz-dropdown dropdown-privacy-statement\"><summary><div><h3>1.7 Compilazione e analisi di statistiche per migliorare il sito.<\/h3><\/div><\/summary><p class=\"cmplz-subtitle\">A questo scopo utilizziamo i seguenti dati:<\/p><p><ul><li>Nome e cognome<\/li><li>Una casa o un diverso indirizzo fisico, inclusi nome della via e citt\u00e0<\/li><li>Nome account o alias<\/li><li>Un indirizzo email<\/li><li>Un numero di telefono<\/li><\/ul><\/p><p class=\"cmplz-subtitle\">Periodo di conservazione<\/p><p>Conserviamo questi dati fino al termine del servizio.<\/p><\/details><details class=\"cmplz-dropdown dropdown-privacy-statement\"><summary><div><h3>1.8 Per poter offrire prodotti e servizi personalizzati<\/h3><\/div><\/summary><p class=\"cmplz-subtitle\">A questo scopo utilizziamo i seguenti dati:<\/p><p><ul><li>Nome e cognome<\/li><li>Nome account o alias<\/li><li>Una casa o un diverso indirizzo fisico, inclusi nome della via e citt\u00e0<\/li><li>Un indirizzo email<\/li><li>Un numero di telefono<\/li><\/ul><\/p><p class=\"cmplz-subtitle\">Periodo di conservazione<\/p><p>Conserviamo questi dati fino al termine del servizio.<\/p><\/details><h2>2. Cosa succede se non ci fornisci i tuoi dati personali?<\/h2><p>Se non ci fornisci le tue informazioni personali, potremmo non essere in grado di fornirti le informazioni, i prodotti o l'assistenza che stai cercando.<\/p><h2>3. Condivisione con altre parti<\/h2><p>Condividiamo o divulghiamo questi dati a processori esclusivamente per i seguenti scopi:<\/p><p class=\"cmplz-subtitle\">Processori<\/p><p><p>\n                <b>Nome:<\/b>&nbsp;Nuovo processore<br \/>\n                <b>Paese<\/b>&nbsp;<br \/>\n                <b>Scopo<\/b>&nbsp;<br \/>\n            <\/p><\/p><h2>4. Cookie<\/h2>Per offrire le migliori esperienze, noi e i nostri partner utilizziamo tecnologie come i cookie per memorizzare e\/o accedere alle informazioni del dispositivo. Il consenso a queste tecnologie consentir\u00e0 a noi e ai nostri partner di elaborare dati personali come il comportamento di navigazione o gli ID univoci su questo sito. Non acconsentire o ritirare il consenso pu\u00f2 influire negativamente su alcune caratteristiche e funzioni. Per ulteriori informazioni su queste tecnologie e sui partner, consultare la nostra <a href=\"https:\/\/www.jfy-international.com\/it\/cookie-policy-za\/\">Informativa sui cookie<\/a>.&nbsp;<h2>5. Pratiche di divulgazione<\/h2><p><p>Comunichiamo informazioni personali se siamo tenuti a farlo per legge o per ordine del tribunale, in risposta a un'autorit\u00e0 incaricata dell'applicazione della legge, nella misura consentita da altre disposizioni di legge, per fornire informazioni o per un'indagine su una questione relativa alla sicurezza pubblica.<\/p><p>Se il nostro sito Web o organizzazione viene rilevato, venduto o coinvolto in una fusione o acquisizione, i tuoi dati potrebbero essere divulgati ai nostri consulenti e a eventuali potenziali acquirenti e saranno trasmessi ai nuovi proprietari.<\/p><\/p><p>JFY International partecipa allo IAB Europe Transparency &amp; Consent Framework e ne rispetta le specifiche e le politiche. Utilizza la Piattaforma di Gestione del Consenso con il numero di identificazione 332.&nbsp;<\/p>Abbiamo stipulato un accordo sul trattamento dei dati con Google.<h2>6. Sicurezza<\/h2>Ci impegniamo per la sicurezza dei dati personali. Adottiamo adeguate misure di sicurezza per limitare l'uso improprio e l'accesso non autorizzato ai dati personali. Questo garantisce che solo le persone necessarie abbiano accesso ai tuoi dati, che l'accesso ai dati sia protetto e che le nostre misure di sicurezza vengano regolarmente revisionate.<h2>7. Siti web di terze parti<\/h2>La presente informativa sulla privacy non si applica ai siti web di terzi collegati tramite link sul nostro sito web. Non possiamo garantire che tali terze parti gestiscano i vostri dati personali in modo affidabile e sicuro. Vi consigliamo di leggere le informative sulla privacy di questi siti web prima di utilizzarli.<h2>8. Ammende riguardo questa dichiarazione della privacy<\/h2>Ci riserviamo il diritto di apportare modifiche alla presente informativa sulla privacy. Si raccomanda di consultare regolarmente questa informativa sulla privacy per essere a conoscenza di eventuali modifiche. Inoltre, ti informeremo attivamente laddove possibile.<h2>9. Accesso e modifica dei tuoi dati<\/h2><p>Se hai domande o desideri sapere esattamente quali tuoi dati sono in nostro possesso, contattaci. Puoi farlo utilizzando le informazioni fornite di seguito. Hai i seguenti diritti:<\/p><ul>\n                <li>Hai il diritto di sapere quando i tuoi dati personali sono necessari, cosa succede ad essi, quanto a lungo verranno mantenuti.<\/li>\n                <li>Diritto di accesso: hai il diritto ad accedere ai tuoi dati personali dei quali siamo a conoscenza.<\/li>\n                <li>Diritto di rettifica: hai il diritto di completare, correggere, cancellare o bloccare i tuoi dati personali quando lo desideri.<\/li>\n                <li>If you have any questions or concerns regarding website accessibility, please do not hesitate to contact us.<\/li>\n                <li>Diritto di obiezione: hai il diritto di obiezione verso il processo dei tuoi dati. Noi rispetteremo questa scelta, a meno che non ci siano delle basi valide per il processo.<\/li>\n            <\/ul><p>Assicurati di segnalare sempre in modo chiaro chi sei, cos\u00ec da essere certi di non cancellare o modificare i dati di una persona sbagliata.<\/p><h2>10. Invio di un reclamo<\/h2>Se non siete soddisfatti del modo in cui gestiamo (un reclamo) il trattamento dei vostri dati personali, avete il diritto di presentare un reclamo all'Information Regulator South Africa:<br \/>P.O Box 31533,\n\t\t\t\t\t\t<br \/>Braamfontein,\n\t\t\t\t\t\t<br \/>Johannesburg,\n\t\t\t\t\t\t<br \/>2017\n\t\t\t\t\t\t<br \/>Email per reclami:complaints.IR@justice.gov.za<h2>11. Bambino<\/h2><p>Il nostro sito Web non \u00e8 progettato per attirare i bambini e non \u00e8 nostra intenzione raccogliere dati personali da minori di et\u00e0 inferiore al consenso nel loro paese di residenza. Pertanto chiediamo che i minori di et\u00e0 inferiore al consenso non ci inviino alcun dato personale.<\/p><h2>12. Dettagli contatti<\/h2><p>Internazionale JFY<br \/>\n        JFY International GmbH<br \/>\nSchulze-Delitzsch-Stra\u00dfe 41<br \/>\n70565 Stoccarda<br \/>\n        Germania<br \/>\n        Sito web: <a href=\"https:\/\/www.jfy-international.com\/it\">https:\/\/www.jfy-international.com\/it<\/a> <br \/>\n        E-mail: <span class=\"cmplz-obfuscate\">vendite@<span class=\"cmplz-fmail-domain\">ex.com<\/span>jfy&#045;&#105;&#110;t&#101;rnati&#111;&#110;al&#046;&#099;&#111;&#109;<\/span> <br \/>\n        Numero di telefono: 0049 7156 303 30576<\/p><p>Abbiamo nominato un referente per le politiche e le pratiche dell'organizzazione e al quale possono essere inoltrati reclami o richieste:<br \/>Dominic Gastes<br \/>info@jfy-international.com<\/p><\/div>","protected":false},"excerpt":{"rendered":"","protected":false},"author":2,"featured_media":0,"parent":0,"menu_order":0,"comment_status":"closed","ping_status":"closed","template":"","meta":{"_acf_changed":false,"content-type":"","footnotes":""},"class_list":["post-16737","page","type-page","status-publish","hentry"],"acf":[],"yoast_head":"<!-- This site is optimized with the Yoast SEO plugin v27.4 - https:\/\/yoast.com\/product\/yoast-seo-wordpress\/ -->\n<title>Privacy Statement (ZA) - JFY International<\/title>\n<meta name=\"robots\" content=\"index, follow, max-snippet:-1, max-image-preview:large, max-video-preview:-1\" \/>\n<link rel=\"canonical\" href=\"https:\/\/www.jfy-international.com\/it\/privacy-statement-za\/\" \/>\n<meta property=\"og:locale\" content=\"it_IT\" \/>\n<meta property=\"og:type\" content=\"article\" \/>\n<meta property=\"og:title\" content=\"Privacy Statement (ZA) - JFY International\" \/>\n<meta property=\"og:url\" content=\"https:\/\/www.jfy-international.com\/it\/privacy-statement-za\/\" \/>\n<meta property=\"og:site_name\" content=\"JFY International\" \/>\n<meta name=\"twitter:card\" content=\"summary_large_image\" \/>\n<script type=\"application\/ld+json\" class=\"yoast-schema-graph\">{\"@context\":\"https:\\\/\\\/schema.org\",\"@graph\":[{\"@type\":\"WebPage\",\"@id\":\"https:\\\/\\\/www.jfy-international.com\\\/privacy-statement-za\\\/\",\"url\":\"https:\\\/\\\/www.jfy-international.com\\\/privacy-statement-za\\\/\",\"name\":\"Privacy Statement (ZA) - JFY International\",\"isPartOf\":{\"@id\":\"http:\\\/\\\/xqcxryus.elementor.cloud\\\/en\\\/#website\"},\"datePublished\":\"2026-04-10T13:43:35+00:00\",\"breadcrumb\":{\"@id\":\"https:\\\/\\\/www.jfy-international.com\\\/privacy-statement-za\\\/#breadcrumb\"},\"inLanguage\":\"it-IT\",\"potentialAction\":[{\"@type\":\"ReadAction\",\"target\":[\"https:\\\/\\\/www.jfy-international.com\\\/privacy-statement-za\\\/\"]}]},{\"@type\":\"BreadcrumbList\",\"@id\":\"https:\\\/\\\/www.jfy-international.com\\\/privacy-statement-za\\\/#breadcrumb\",\"itemListElement\":[{\"@type\":\"ListItem\",\"position\":1,\"name\":\"Home\",\"item\":\"https:\\\/\\\/www.jfy-international.com\\\/en\\\/\"},{\"@type\":\"ListItem\",\"position\":2,\"name\":\"Privacy Statement (ZA)\"}]},{\"@type\":\"WebSite\",\"@id\":\"http:\\\/\\\/xqcxryus.elementor.cloud\\\/en\\\/#website\",\"url\":\"http:\\\/\\\/xqcxryus.elementor.cloud\\\/en\\\/\",\"name\":\"JFY International\",\"description\":\"Machines like you\",\"publisher\":{\"@id\":\"http:\\\/\\\/xqcxryus.elementor.cloud\\\/en\\\/#organization\"},\"potentialAction\":[{\"@type\":\"SearchAction\",\"target\":{\"@type\":\"EntryPoint\",\"urlTemplate\":\"http:\\\/\\\/xqcxryus.elementor.cloud\\\/en\\\/?s={search_term_string}\"},\"query-input\":{\"@type\":\"PropertyValueSpecification\",\"valueRequired\":true,\"valueName\":\"search_term_string\"}}],\"inLanguage\":\"it-IT\"},{\"@type\":\"Organization\",\"@id\":\"http:\\\/\\\/xqcxryus.elementor.cloud\\\/en\\\/#organization\",\"name\":\"JFY International\",\"url\":\"http:\\\/\\\/xqcxryus.elementor.cloud\\\/en\\\/\",\"logo\":{\"@type\":\"ImageObject\",\"inLanguage\":\"it-IT\",\"@id\":\"http:\\\/\\\/xqcxryus.elementor.cloud\\\/en\\\/#\\\/schema\\\/logo\\\/image\\\/\",\"url\":\"https:\\\/\\\/www.jfy-international.com\\\/wp-content\\\/uploads\\\/2025\\\/01\\\/JFY.png\",\"contentUrl\":\"https:\\\/\\\/www.jfy-international.com\\\/wp-content\\\/uploads\\\/2025\\\/01\\\/JFY.png\",\"width\":1200,\"height\":450,\"caption\":\"JFY International\"},\"image\":{\"@id\":\"http:\\\/\\\/xqcxryus.elementor.cloud\\\/en\\\/#\\\/schema\\\/logo\\\/image\\\/\"},\"sameAs\":[\"https:\\\/\\\/www.linkedin.com\\\/company\\\/jfy-international\"]}]}<\/script>\n<!-- \/ Yoast SEO plugin. -->","yoast_head_json":{"title":"Privacy Statement (ZA) - JFY International","robots":{"index":"index","follow":"follow","max-snippet":"max-snippet:-1","max-image-preview":"max-image-preview:large","max-video-preview":"max-video-preview:-1"},"canonical":"https:\/\/www.jfy-international.com\/it\/privacy-statement-za\/","og_locale":"it_IT","og_type":"article","og_title":"Privacy Statement (ZA) - JFY International","og_url":"https:\/\/www.jfy-international.com\/it\/privacy-statement-za\/","og_site_name":"JFY International","twitter_card":"summary_large_image","schema":{"@context":"https:\/\/schema.org","@graph":[{"@type":"WebPage","@id":"https:\/\/www.jfy-international.com\/privacy-statement-za\/","url":"https:\/\/www.jfy-international.com\/privacy-statement-za\/","name":"Privacy Statement (ZA) - JFY International","isPartOf":{"@id":"http:\/\/xqcxryus.elementor.cloud\/en\/#website"},"datePublished":"2026-04-10T13:43:35+00:00","breadcrumb":{"@id":"https:\/\/www.jfy-international.com\/privacy-statement-za\/#breadcrumb"},"inLanguage":"it-IT","potentialAction":[{"@type":"ReadAction","target":["https:\/\/www.jfy-international.com\/privacy-statement-za\/"]}]},{"@type":"BreadcrumbList","@id":"https:\/\/www.jfy-international.com\/privacy-statement-za\/#breadcrumb","itemListElement":[{"@type":"ListItem","position":1,"name":"Home","item":"https:\/\/www.jfy-international.com\/en\/"},{"@type":"ListItem","position":2,"name":"Privacy Statement (ZA)"}]},{"@type":"WebSite","@id":"http:\/\/xqcxryus.elementor.cloud\/en\/#website","url":"http:\/\/xqcxryus.elementor.cloud\/en\/","name":"Internazionale JFY","description":"Macchine come te","publisher":{"@id":"http:\/\/xqcxryus.elementor.cloud\/en\/#organization"},"potentialAction":[{"@type":"SearchAction","target":{"@type":"EntryPoint","urlTemplate":"http:\/\/xqcxryus.elementor.cloud\/en\/?s={search_term_string}"},"query-input":{"@type":"PropertyValueSpecification","valueRequired":true,"valueName":"search_term_string"}}],"inLanguage":"it-IT"},{"@type":"Organization","@id":"http:\/\/xqcxryus.elementor.cloud\/en\/#organization","name":"Internazionale JFY","url":"http:\/\/xqcxryus.elementor.cloud\/en\/","logo":{"@type":"ImageObject","inLanguage":"it-IT","@id":"http:\/\/xqcxryus.elementor.cloud\/en\/#\/schema\/logo\/image\/","url":"https:\/\/www.jfy-international.com\/wp-content\/uploads\/2025\/01\/JFY.png","contentUrl":"https:\/\/www.jfy-international.com\/wp-content\/uploads\/2025\/01\/JFY.png","width":1200,"height":450,"caption":"JFY International"},"image":{"@id":"http:\/\/xqcxryus.elementor.cloud\/en\/#\/schema\/logo\/image\/"},"sameAs":["https:\/\/www.linkedin.com\/company\/jfy-international"]}]}},"_links":{"self":[{"href":"https:\/\/www.jfy-international.com\/it\/wp-json\/wp\/v2\/pages\/16737","targetHints":{"allow":["GET"]}}],"collection":[{"href":"https:\/\/www.jfy-international.com\/it\/wp-json\/wp\/v2\/pages"}],"about":[{"href":"https:\/\/www.jfy-international.com\/it\/wp-json\/wp\/v2\/types\/page"}],"author":[{"embeddable":true,"href":"https:\/\/www.jfy-international.com\/it\/wp-json\/wp\/v2\/users\/2"}],"replies":[{"embeddable":true,"href":"https:\/\/www.jfy-international.com\/it\/wp-json\/wp\/v2\/comments?post=16737"}],"version-history":[{"count":0,"href":"https:\/\/www.jfy-international.com\/it\/wp-json\/wp\/v2\/pages\/16737\/revisions"}],"wp:attachment":[{"href":"https:\/\/www.jfy-international.com\/it\/wp-json\/wp\/v2\/media?parent=16737"}],"curies":[{"name":"wp","href":"https:\/\/api.w.org\/{rel}","templated":true}]}}