{"id":16737,"date":"2026-04-10T13:43:35","date_gmt":"2026-04-10T13:43:35","guid":{"rendered":"https:\/\/www.jfy-international.com\/privacy-statement-za\/"},"modified":"2026-04-10T13:43:35","modified_gmt":"2026-04-10T13:43:35","slug":"privacy-statement-za","status":"publish","type":"page","link":"https:\/\/www.jfy-international.com\/pt\/privacy-statement-za\/","title":{"rendered":"Privacy Statement (ZA)"},"content":{"rendered":"<!-- Legal document generated by Complianz | GDPR\/CCPA Cookie Consent https:\/\/wordpress.org\/plugins\/complianz-gdpr -->\n<div id=\"cmplz-document\" class=\"cmplz-document privacy-statement cmplz-document-za\"><p><i>This privacy statement was last updated on Abril 10, 2026 and applies to citizens and legal permanent residents of South Africa.<\/i><br \/><br \/><\/p><p>Nesta declara\u00e7\u00e3o de privacidade, explicamos o que fazemos com os dados que obtemos sobre si atrav\u00e9s de <a href=\"https:\/\/www.jfy-international.com\/pt\">https:\/\/www.jfy-international.com\/pt<\/a>. Recomendamos que leia atentamente esta declara\u00e7\u00e3o. No nosso processamento, cumprimos os requisitos da legisla\u00e7\u00e3o de prote\u00e7\u00e3o de dados. Isto significa, entre outras coisas, que:<\/p><ul>\n                <li>declaramos claramente as finalidades para as quais processamos dados pessoais. Fazemo-lo atrav\u00e9s desta declara\u00e7\u00e3o de privacidade;<\/li>\n                <li>pretendemos limitar a recolha dos nossos dados pessoais apenas aos dados pessoais necess\u00e1rios para fins leg\u00edtimos;<\/li>\n                <li>solicitamos primeiro o seu consentimento expl\u00edcito para o tratamento dos seus dados pessoais nos casos em que este seja exigido;<\/li>\n                <li>tomamos medidas de seguran\u00e7a adequadas para proteger os seus dados pessoais e exigimos o mesmo das partes que processam dados pessoais em nosso nome;<\/li>\n                <li>respeitamos o seu direito de aceder aos seus dados pessoais ou de os retificar ou eliminar, a seu pedido.<\/li>\n            <\/ul><p>Se tiver alguma d\u00favida, ou pretender saber exatamente que dados guardamos sobre si, por favor contacte-nos.<\/p><h2>1. Prop\u00f3sito, dados e per\u00edodo de reten\u00e7\u00e3o<\/h2>Podemos recolher ou receber informa\u00e7\u00f5es pessoais para uma s\u00e9rie de finalidades relacionadas com as nossas opera\u00e7\u00f5es comerciais, que podem incluir o seguinte: (clique para expandir)<details class=\"cmplz-dropdown dropdown-privacy-statement\"><summary><div><h3>1.1 Vender ou partilhar dados com terceiros<\/h3><\/div><\/summary><p class=\"cmplz-subtitle\">Para este fim, utilizamos os seguintes dados:<\/p><p><ul><li>Um nome e apelido<\/li><li>Nome da conta ou alias<\/li><li>Uma morada f\u00edsica ou domic\u00edlio, incluindo o nome da rua e o nome de uma cidade ou localidade<\/li><li>Um endere\u00e7o de e-mail<\/li><li>Um n\u00famero de telefone<\/li><\/ul><\/p><p class=\"cmplz-subtitle\">Per\u00edodo de reten\u00e7\u00e3o<\/p><p>Guardamos estes dados at\u00e9 ao t\u00e9rmino do servi\u00e7o.<\/p><\/details><details class=\"cmplz-dropdown dropdown-privacy-statement\"><summary><div><h3>1.2 Contacto - Por telefone, correio, email e\/ou formul\u00e1rios web<\/h3><\/div><\/summary><p class=\"cmplz-subtitle\">Para este fim, utilizamos os seguintes dados:<\/p><p><ul><li>Um nome e apelido<\/li><li>Nome da conta ou alias<\/li><li>Uma morada f\u00edsica ou domic\u00edlio, incluindo o nome da rua e o nome de uma cidade ou localidade<\/li><li>Um endere\u00e7o de e-mail<\/li><li>Um n\u00famero de telefone<\/li><li>Morada IP<\/li><li>Dados de geolocaliza\u00e7\u00e3o<\/li><li>Informa\u00e7\u00e3o sobre atividade na Internet, incluindo, mas n\u00e3o se limitando a, hist\u00f3rico de navega\u00e7\u00e3o, hist\u00f3rico de pesquisas e informa\u00e7\u00e3o relativa \u00e0 intera\u00e7\u00e3o de um consumidor com um website, aplica\u00e7\u00e3o ou an\u00fancio na Internet<\/li><\/ul><\/p><p class=\"cmplz-subtitle\">Per\u00edodo de reten\u00e7\u00e3o<\/p><p>Guardamos estes dados at\u00e9 ao t\u00e9rmino do servi\u00e7o.<\/p><\/details><details class=\"cmplz-dropdown dropdown-privacy-statement\"><summary><div><h3>1.3 Registo de conta<\/h3><\/div><\/summary><p class=\"cmplz-subtitle\">Para este fim, utilizamos os seguintes dados:<\/p><p><ul><li>Um nome e apelido<\/li><li>Nome da conta ou alias<\/li><li>Um endere\u00e7o de e-mail<\/li><li>Morada IP<\/li><\/ul><\/p><p class=\"cmplz-subtitle\">Per\u00edodo de reten\u00e7\u00e3o<\/p><p>Guardamos estes dados at\u00e9 ao t\u00e9rmino do servi\u00e7o.<\/p><\/details><details class=\"cmplz-dropdown dropdown-privacy-statement\"><summary><div><h3>1.4 Boletins informativos<\/h3><\/div><\/summary><p class=\"cmplz-subtitle\">Para este fim, utilizamos os seguintes dados:<\/p><p><ul><li>Um nome e apelido<\/li><li>Nome da conta ou alias<\/li><li>Um endere\u00e7o de e-mail<\/li><li>Uma morada f\u00edsica ou domic\u00edlio, incluindo o nome da rua e o nome de uma cidade ou localidade<\/li><li>Um n\u00famero de telefone<\/li><li>Morada IP<\/li><\/ul><\/p><p class=\"cmplz-subtitle\">Per\u00edodo de reten\u00e7\u00e3o<\/p><p>Guardamos estes dados at\u00e9 ao t\u00e9rmino do servi\u00e7o.<\/p><\/details><details class=\"cmplz-dropdown dropdown-privacy-statement\"><summary><div><h3>1.5 Apoiar servi\u00e7os ou produtos que um cliente pretende comprar ou j\u00e1 comprou<\/h3><\/div><\/summary><p class=\"cmplz-subtitle\">Para este fim, utilizamos os seguintes dados:<\/p><p><ul><li>Um nome e apelido<\/li><li>Nome da conta ou alias<\/li><li>Uma morada f\u00edsica ou domic\u00edlio, incluindo o nome da rua e o nome de uma cidade ou localidade<\/li><li>Um endere\u00e7o de e-mail<\/li><li>Um n\u00famero de telefone<\/li><li>Dados de geolocaliza\u00e7\u00e3o<\/li><\/ul><\/p><p class=\"cmplz-subtitle\">Per\u00edodo de reten\u00e7\u00e3o<\/p><p>Guardamos estes dados at\u00e9 ao t\u00e9rmino do servi\u00e7o.<\/p><\/details><details class=\"cmplz-dropdown dropdown-privacy-statement\"><summary><div><h3>1.6 Para poder cumprir obriga\u00e7\u00f5es legais<\/h3><\/div><\/summary><p class=\"cmplz-subtitle\">The collection is required or authorized by the following law or court\/tribunal order:<\/p><p class=\"legal-obligations-description\"><\/p><p class=\"cmplz-subtitle\">Para este fim, utilizamos os seguintes dados:<\/p><p><ul><li>Um nome e apelido<\/li><li>Nome da conta ou alias<\/li><li>Uma morada f\u00edsica ou domic\u00edlio, incluindo o nome da rua e o nome de uma cidade ou localidade<\/li><li>Um endere\u00e7o de e-mail<\/li><li>Um n\u00famero de telefone<\/li><\/ul><\/p><p class=\"cmplz-subtitle\">Per\u00edodo de reten\u00e7\u00e3o<\/p><p>Guardamos estes dados at\u00e9 ao t\u00e9rmino do servi\u00e7o.<\/p><\/details><details class=\"cmplz-dropdown dropdown-privacy-statement\"><summary><div><h3>1.7 Compila\u00e7\u00e3o e an\u00e1lise de estat\u00edsticas para melhoria do website.<\/h3><\/div><\/summary><p class=\"cmplz-subtitle\">Para este fim, utilizamos os seguintes dados:<\/p><p><ul><li>Um nome e apelido<\/li><li>Uma morada f\u00edsica ou domic\u00edlio, incluindo o nome da rua e o nome de uma cidade ou localidade<\/li><li>Nome da conta ou alias<\/li><li>Um endere\u00e7o de e-mail<\/li><li>Um n\u00famero de telefone<\/li><\/ul><\/p><p class=\"cmplz-subtitle\">Per\u00edodo de reten\u00e7\u00e3o<\/p><p>Guardamos estes dados at\u00e9 ao t\u00e9rmino do servi\u00e7o.<\/p><\/details><details class=\"cmplz-dropdown dropdown-privacy-statement\"><summary><div><h3>1.8 Para poder oferecer produtos e servi\u00e7os personalizados<\/h3><\/div><\/summary><p class=\"cmplz-subtitle\">Para este fim, utilizamos os seguintes dados:<\/p><p><ul><li>Um nome e apelido<\/li><li>Nome da conta ou alias<\/li><li>Uma morada f\u00edsica ou domic\u00edlio, incluindo o nome da rua e o nome de uma cidade ou localidade<\/li><li>Um endere\u00e7o de e-mail<\/li><li>Um n\u00famero de telefone<\/li><\/ul><\/p><p class=\"cmplz-subtitle\">Per\u00edodo de reten\u00e7\u00e3o<\/p><p>Guardamos estes dados at\u00e9 ao t\u00e9rmino do servi\u00e7o.<\/p><\/details><h2>2. What if you don&#039;t provide us with your personal information?<\/h2><p>If you don't provide us with your personal information, we may not be able to provide you with the information, products or assistance that you are seeking.<\/p><h2>3. Sharing with other parties<\/h2><p>We only share or disclose this data to operators for the following purposes:<\/p><p class=\"cmplz-subtitle\">Operators<\/p><p><p>\n                <b>Nome:<\/b>&nbsp;Novo processador<br \/>\n                <b>Pa\u00eds:<\/b>&nbsp;<br \/>\n                <b>Objetivo:<\/b>&nbsp;<br \/>\n            <\/p><\/p><h2>4. Cookies<\/h2>Para fornecer as melhores experi\u00eancias, n\u00f3s e os nossos parceiros utilizamos tecnologias como cookies para armazenar e\/ou aceder a informa\u00e7\u00f5es do dispositivo. Consentir com estas tecnologias permitir\u00e1 que n\u00f3s e os nossos parceiros processemos dados pessoais, como o comportamento de navega\u00e7\u00e3o ou IDs \u00fanicos neste site. N\u00e3o consentir ou retirar o consentimento pode afetar negativamente certas caracter\u00edsticas e fun\u00e7\u00f5es. Para mais informa\u00e7\u00f5es sobre estas tecnologias e parceiros, consulte os nossos <a href=\"https:\/\/www.jfy-international.com\/pt\/cookie-policy-za\/\">Pol\u00edtica de Cookies<\/a>.&nbsp;<h2>5. Disclosure practices<\/h2><p><p>Divulgamos informa\u00e7\u00f5es pessoais se formos obrigados por lei ou por ordem judicial, em resposta a uma ag\u00eancia de aplica\u00e7\u00e3o da lei, na extens\u00e3o permitida por outras disposi\u00e7\u00f5es legais, para fornecer informa\u00e7\u00f5es ou para uma investiga\u00e7\u00e3o sobre um assunto relacionado \u00e0 seguran\u00e7a p\u00fablica.<\/p><p>Caso o nosso website ou organiza\u00e7\u00e3o seja absorvido, vendido ou envolvido numa fus\u00e3o ou aquisi\u00e7\u00e3o, os seus dados poder\u00e3o ser divulgados aos nossos consultores e a quaisquer compradores potenciais e ser\u00e3o transmitidos aos novos propriet\u00e1rios.<\/p><\/p><p>A JFY International participa no Transparency &amp; Consent Framework da IAB Europe e cumpre as suas Especifica\u00e7\u00f5es e Pol\u00edticas. Utiliza a Plataforma de Gest\u00e3o de Consentimento com o n\u00famero de identifica\u00e7\u00e3o 332.&nbsp;<\/p>Conclu\u00edmos um acordo de processamento de dados com a Google.<h2>6. Seguran\u00e7a<\/h2>We are committed to the security of personal data. We take appropriate security measures to limit abuse of and unauthorised access to personal data. This ensures that only the necessary persons have access to your data, that access to the data is protected, and that our security measures are regularly reviewed.<h2>7. S\u00edtios web de terceiros<\/h2>Esta declara\u00e7\u00e3o de privacidade n\u00e3o se aplica a websites de terceiros ligados por links no nosso website. N\u00e3o podemos garantir que essas terceiras partes tratem os seus dados pessoais de forma fi\u00e1vel ou segura. Recomendamos que leia as declara\u00e7\u00f5es de privacidade desses websites antes de os utilizar.<h2>8. Altera\u00e7\u00f5es a esta declara\u00e7\u00e3o de privacidade<\/h2>Reservamo-nos o direito de fazer altera\u00e7\u00f5es a esta declara\u00e7\u00e3o de privacidade. Recomenda-se que consulte esta declara\u00e7\u00e3o de privacidade regularmente para se manter a par de quaisquer altera\u00e7\u00f5es. Al\u00e9m disso, inform\u00e1-lo-emos ativamente sempre que poss\u00edvel.<h2>9. Aceder e modificar os seus dados<\/h2><p>Se tiver quaisquer quest\u00f5es ou quiser saber quais dados pessoais que temos sobre si, por favor, contacte-nos. Pode contactar-nos utilizando as informa\u00e7\u00f5es abaixo. Tem os seguintes direitos:<\/p><ul>\n                <li>O utilizador tem o direito de saber por que raz\u00e3o os seus dados pessoais s\u00e3o necess\u00e1rios, o que lhes vai acontecer e durante quanto tempo ser\u00e3o conservados.<\/li>\n                <li>Direito de acesso: O utilizador tem o direito de aceder aos seus dados pessoais que sejam do nosso conhecimento.<\/li>\n                <li>Direito de retifica\u00e7\u00e3o: o utilizador tem o direito de completar, corrigir, mandar apagar ou bloquear os seus dados pessoais sempre que o desejar.<\/li>\n                <li>Se nos der o seu consentimento para o tratamento dos seus dados, tem o direito de revogar esse consentimento e de solicitar a elimina\u00e7\u00e3o dos seus dados pessoais.<\/li>\n                <li>Direito de oposi\u00e7\u00e3o: o utilizador pode opor-se ao tratamento dos seus dados. Cumprimos este direito, exceto se existirem motivos justificados para o tratamento.<\/li>\n            <\/ul><p>Por favor, certifique-se de declarar sempre claramente quem \u00e9, para que possamos ter a certeza de que n\u00e3o modificamos ou eliminamos dados incorretos de uma pessoa.<\/p><h2>10. Submitting a complaint<\/h2>If you are not satisfied with the way in which we handle (a complaint about) the processing of your personal data, you have the right to submit a complaint to the Information Regulator South Africa:<br \/>P.O Box 31533,\n\t\t\t\t\t\t<br \/>Braamfontein,\n\t\t\t\t\t\t<br \/>Johannesburg,\n\t\t\t\t\t\t<br \/>2017\n\t\t\t\t\t\t<br \/>Complaints email:complaints.IR@justice.gov.za<h2>11. Children<\/h2><p>O nosso website n\u00e3o foi concebido para atrair crian\u00e7as e n\u00e3o \u00e9 nossa inten\u00e7\u00e3o recolher dados pessoais de crian\u00e7as com idade inferior \u00e0 de consentimento no seu pa\u00eds de resid\u00eancia. Solicitamos, portanto, que crian\u00e7as com idade inferior \u00e0 de consentimento n\u00e3o nos enviem quaisquer dados pessoais.<\/p><h2>12. Contact details<\/h2><p>JFY Internacional<br \/>\n        JFY International GmbH<br \/>\nSchulze-Delitzsch-Stra\u00dfe 41<br \/>\n70565 Estugarda<br \/>\n        Alemanha<br \/>\n        S\u00edtio Web: <a href=\"https:\/\/www.jfy-international.com\/pt\">https:\/\/www.jfy-international.com\/pt<\/a> <br \/>\n        Correio eletr\u00f3nico: <span class=\"cmplz-obfuscate\">vendas@<span class=\"cmplz-fmail-domain\">&#101;&#120;&#046;&#099;om<\/span>jf&#121;-&#105;nt&#101;r&#110;&#097;ti&#111;n&#097;&#108;&#046;co&#109;<\/span> <br \/>\n        N\u00famero de telefone: 0049 7156 303 30576<\/p><p>We have appointed a contact person for the organization\u2019s policies and practices and to whom complaints or inquiries can be forwarded:<br \/>Dominic Gastes<br \/>info@jfy-international.com<\/p><\/div>","protected":false},"excerpt":{"rendered":"","protected":false},"author":2,"featured_media":0,"parent":0,"menu_order":0,"comment_status":"closed","ping_status":"closed","template":"","meta":{"_acf_changed":false,"content-type":"","footnotes":""},"class_list":["post-16737","page","type-page","status-publish","hentry"],"acf":[],"yoast_head":"<!-- This site is optimized with the Yoast SEO plugin v27.4 - https:\/\/yoast.com\/product\/yoast-seo-wordpress\/ -->\n<title>Privacy Statement (ZA) - JFY International<\/title>\n<meta name=\"robots\" content=\"index, follow, max-snippet:-1, max-image-preview:large, max-video-preview:-1\" \/>\n<link rel=\"canonical\" href=\"https:\/\/www.jfy-international.com\/pt\/privacy-statement-za\/\" \/>\n<meta property=\"og:locale\" content=\"pt_PT\" \/>\n<meta property=\"og:type\" content=\"article\" \/>\n<meta property=\"og:title\" content=\"Privacy Statement (ZA) - JFY International\" \/>\n<meta property=\"og:url\" content=\"https:\/\/www.jfy-international.com\/pt\/privacy-statement-za\/\" \/>\n<meta property=\"og:site_name\" content=\"JFY International\" \/>\n<meta name=\"twitter:card\" content=\"summary_large_image\" \/>\n<script type=\"application\/ld+json\" class=\"yoast-schema-graph\">{\"@context\":\"https:\\\/\\\/schema.org\",\"@graph\":[{\"@type\":\"WebPage\",\"@id\":\"https:\\\/\\\/www.jfy-international.com\\\/privacy-statement-za\\\/\",\"url\":\"https:\\\/\\\/www.jfy-international.com\\\/privacy-statement-za\\\/\",\"name\":\"Privacy Statement (ZA) - JFY International\",\"isPartOf\":{\"@id\":\"http:\\\/\\\/xqcxryus.elementor.cloud\\\/en\\\/#website\"},\"datePublished\":\"2026-04-10T13:43:35+00:00\",\"breadcrumb\":{\"@id\":\"https:\\\/\\\/www.jfy-international.com\\\/privacy-statement-za\\\/#breadcrumb\"},\"inLanguage\":\"pt-PT\",\"potentialAction\":[{\"@type\":\"ReadAction\",\"target\":[\"https:\\\/\\\/www.jfy-international.com\\\/privacy-statement-za\\\/\"]}]},{\"@type\":\"BreadcrumbList\",\"@id\":\"https:\\\/\\\/www.jfy-international.com\\\/privacy-statement-za\\\/#breadcrumb\",\"itemListElement\":[{\"@type\":\"ListItem\",\"position\":1,\"name\":\"Home\",\"item\":\"https:\\\/\\\/www.jfy-international.com\\\/en\\\/\"},{\"@type\":\"ListItem\",\"position\":2,\"name\":\"Privacy Statement (ZA)\"}]},{\"@type\":\"WebSite\",\"@id\":\"http:\\\/\\\/xqcxryus.elementor.cloud\\\/en\\\/#website\",\"url\":\"http:\\\/\\\/xqcxryus.elementor.cloud\\\/en\\\/\",\"name\":\"JFY International\",\"description\":\"Machines like you\",\"publisher\":{\"@id\":\"http:\\\/\\\/xqcxryus.elementor.cloud\\\/en\\\/#organization\"},\"potentialAction\":[{\"@type\":\"SearchAction\",\"target\":{\"@type\":\"EntryPoint\",\"urlTemplate\":\"http:\\\/\\\/xqcxryus.elementor.cloud\\\/en\\\/?s={search_term_string}\"},\"query-input\":{\"@type\":\"PropertyValueSpecification\",\"valueRequired\":true,\"valueName\":\"search_term_string\"}}],\"inLanguage\":\"pt-PT\"},{\"@type\":\"Organization\",\"@id\":\"http:\\\/\\\/xqcxryus.elementor.cloud\\\/en\\\/#organization\",\"name\":\"JFY International\",\"url\":\"http:\\\/\\\/xqcxryus.elementor.cloud\\\/en\\\/\",\"logo\":{\"@type\":\"ImageObject\",\"inLanguage\":\"pt-PT\",\"@id\":\"http:\\\/\\\/xqcxryus.elementor.cloud\\\/en\\\/#\\\/schema\\\/logo\\\/image\\\/\",\"url\":\"https:\\\/\\\/www.jfy-international.com\\\/wp-content\\\/uploads\\\/2025\\\/01\\\/JFY.png\",\"contentUrl\":\"https:\\\/\\\/www.jfy-international.com\\\/wp-content\\\/uploads\\\/2025\\\/01\\\/JFY.png\",\"width\":1200,\"height\":450,\"caption\":\"JFY International\"},\"image\":{\"@id\":\"http:\\\/\\\/xqcxryus.elementor.cloud\\\/en\\\/#\\\/schema\\\/logo\\\/image\\\/\"},\"sameAs\":[\"https:\\\/\\\/www.linkedin.com\\\/company\\\/jfy-international\"]}]}<\/script>\n<!-- \/ Yoast SEO plugin. -->","yoast_head_json":{"title":"Privacy Statement (ZA) - JFY International","robots":{"index":"index","follow":"follow","max-snippet":"max-snippet:-1","max-image-preview":"max-image-preview:large","max-video-preview":"max-video-preview:-1"},"canonical":"https:\/\/www.jfy-international.com\/pt\/privacy-statement-za\/","og_locale":"pt_PT","og_type":"article","og_title":"Privacy Statement (ZA) - JFY International","og_url":"https:\/\/www.jfy-international.com\/pt\/privacy-statement-za\/","og_site_name":"JFY International","twitter_card":"summary_large_image","schema":{"@context":"https:\/\/schema.org","@graph":[{"@type":"WebPage","@id":"https:\/\/www.jfy-international.com\/privacy-statement-za\/","url":"https:\/\/www.jfy-international.com\/privacy-statement-za\/","name":"Privacy Statement (ZA) - JFY International","isPartOf":{"@id":"http:\/\/xqcxryus.elementor.cloud\/en\/#website"},"datePublished":"2026-04-10T13:43:35+00:00","breadcrumb":{"@id":"https:\/\/www.jfy-international.com\/privacy-statement-za\/#breadcrumb"},"inLanguage":"pt-PT","potentialAction":[{"@type":"ReadAction","target":["https:\/\/www.jfy-international.com\/privacy-statement-za\/"]}]},{"@type":"BreadcrumbList","@id":"https:\/\/www.jfy-international.com\/privacy-statement-za\/#breadcrumb","itemListElement":[{"@type":"ListItem","position":1,"name":"Home","item":"https:\/\/www.jfy-international.com\/en\/"},{"@type":"ListItem","position":2,"name":"Privacy Statement (ZA)"}]},{"@type":"WebSite","@id":"http:\/\/xqcxryus.elementor.cloud\/en\/#website","url":"http:\/\/xqcxryus.elementor.cloud\/en\/","name":"JFY Internacional","description":"M\u00e1quinas como tu","publisher":{"@id":"http:\/\/xqcxryus.elementor.cloud\/en\/#organization"},"potentialAction":[{"@type":"SearchAction","target":{"@type":"EntryPoint","urlTemplate":"http:\/\/xqcxryus.elementor.cloud\/en\/?s={search_term_string}"},"query-input":{"@type":"PropertyValueSpecification","valueRequired":true,"valueName":"search_term_string"}}],"inLanguage":"pt-PT"},{"@type":"Organization","@id":"http:\/\/xqcxryus.elementor.cloud\/en\/#organization","name":"JFY Internacional","url":"http:\/\/xqcxryus.elementor.cloud\/en\/","logo":{"@type":"ImageObject","inLanguage":"pt-PT","@id":"http:\/\/xqcxryus.elementor.cloud\/en\/#\/schema\/logo\/image\/","url":"https:\/\/www.jfy-international.com\/wp-content\/uploads\/2025\/01\/JFY.png","contentUrl":"https:\/\/www.jfy-international.com\/wp-content\/uploads\/2025\/01\/JFY.png","width":1200,"height":450,"caption":"JFY International"},"image":{"@id":"http:\/\/xqcxryus.elementor.cloud\/en\/#\/schema\/logo\/image\/"},"sameAs":["https:\/\/www.linkedin.com\/company\/jfy-international"]}]}},"_links":{"self":[{"href":"https:\/\/www.jfy-international.com\/pt\/wp-json\/wp\/v2\/pages\/16737","targetHints":{"allow":["GET"]}}],"collection":[{"href":"https:\/\/www.jfy-international.com\/pt\/wp-json\/wp\/v2\/pages"}],"about":[{"href":"https:\/\/www.jfy-international.com\/pt\/wp-json\/wp\/v2\/types\/page"}],"author":[{"embeddable":true,"href":"https:\/\/www.jfy-international.com\/pt\/wp-json\/wp\/v2\/users\/2"}],"replies":[{"embeddable":true,"href":"https:\/\/www.jfy-international.com\/pt\/wp-json\/wp\/v2\/comments?post=16737"}],"version-history":[{"count":0,"href":"https:\/\/www.jfy-international.com\/pt\/wp-json\/wp\/v2\/pages\/16737\/revisions"}],"wp:attachment":[{"href":"https:\/\/www.jfy-international.com\/pt\/wp-json\/wp\/v2\/media?parent=16737"}],"curies":[{"name":"wp","href":"https:\/\/api.w.org\/{rel}","templated":true}]}}