{"id":16729,"date":"2026-04-10T13:43:33","date_gmt":"2026-04-10T13:43:33","guid":{"rendered":"https:\/\/www.jfy-international.com\/privacy-statement-uk\/"},"modified":"2026-04-10T13:43:33","modified_gmt":"2026-04-10T13:43:33","slug":"privacy-statement-uk","status":"publish","type":"page","link":"https:\/\/www.jfy-international.com\/ro\/privacy-statement-uk\/","title":{"rendered":"Privacy Statement (UK)"},"content":{"rendered":"<!-- Legal document generated by Complianz | GDPR\/CCPA Cookie Consent https:\/\/wordpress.org\/plugins\/complianz-gdpr -->\n<div id=\"cmplz-document\" class=\"cmplz-document privacy-statement cmplz-document-uk\"><p><i>This privacy statement was last updated on aprilie 10, 2026 and applies to citizens and legal permanent residents of the United Kingdom.<\/i><br><br><\/p><p>\u00cen aceast\u0103 declara\u021bie de confiden\u021bialitate, explic\u0103m ce facem cu datele pe care le ob\u021binem despre dumneavoastr\u0103 prin intermediul <a href=\"https:\/\/www.jfy-international.com\/ro\">https:\/\/www.jfy-international.com\/ro<\/a>. V\u0103 recomand\u0103m s\u0103 citi\u021bi cu aten\u021bie aceast\u0103 declara\u021bie. \u00cen procesarea datelor, respect\u0103m cerin\u021bele legisla\u021biei privind protec\u021bia datelor. Asta \u00eenseamn\u0103, printre altele, c\u0103:<\/p><ul>\n                <li>declar\u0103m \u00een mod clar scopurile pentru care prelucr\u0103m datele cu caracter personal. Facem acest lucru prin intermediul acestei declara\u021bii de confiden\u021bialitate;<\/li>\n                <li>ne propunem s\u0103 limit\u0103m colectarea datelor cu caracter personal doar la datele cu caracter personal necesare pentru scopuri legitime;<\/li>\n                <li>solicit\u0103m mai \u00eent\u00e2i consim\u021b\u0103m\u00e2ntul dumneavoastr\u0103 explicit pentru prelucrarea datelor dumneavoastr\u0103 personale \u00een cazurile care necesit\u0103 consim\u021b\u0103m\u00e2ntul dumneavoastr\u0103;<\/li>\n                <li>lu\u0103m m\u0103suri de securitate adecvate pentru a v\u0103 proteja datele cu caracter personal \u0219i, de asemenea, solicit\u0103m acest lucru de la p\u0103r\u021bile care proceseaz\u0103 date cu caracter personal \u00een numele nostru;<\/li>\n                <li>respect\u0103m dreptul dumneavoastr\u0103 de a accesa datele dumneavoastr\u0103 personale sau de a le corecta sau \u0219terge, la cererea dumneavoastr\u0103.<\/li>\n            <\/ul><p>Dac\u0103 ave\u021bi \u00eentreb\u0103ri sau dori\u021bi s\u0103 \u0219ti\u021bi exact ce date p\u0103str\u0103m despre dumneavoastr\u0103, v\u0103 rug\u0103m s\u0103 ne contacta\u021bi.<\/p><h2>1. Scop, date \u0219i perioad\u0103 de p\u0103strare<\/h2>Putem colecta sau primi informa\u021bii personale \u00een mai multe scopuri legate de opera\u021biunile noastre de afaceri, care pot include urm\u0103toarele: (click pentru a extinde)<details class=\"cmplz-dropdown dropdown-privacy-statement\"><summary><div><h3>1.1 A vinde sau a partaja date c\u0103tre o ter\u021b\u0103 parte<\/h3><\/div><\/summary><p class=\"cmplz-subtitle\">\u00cen acest scop, folosim urm\u0103toarele date:<\/p><p><ul><li>Un prenume \u0219i un nume de familie<\/li><li>Nume cont sau alias<\/li><li>O adres\u0103 fizic\u0103 sau de domiciliu, incluz\u00e2nd numele str\u0103zii \u0219i numele ora\u0219ului sau localit\u0103\u021bii<\/li><li>Adres\u0103 de e-mail<\/li><li>Un num\u0103r de telefon<\/li><\/ul><\/p><p class=\"cmplz-subtitle\">Baza pe care putem prelucra aceste date este:<\/p><p class=\"cmplz-subtitle\">Perioada de p\u0103strare<\/p><p>Re\u021binem aceste date p\u00e2n\u0103 la \u00eencetarea serviciului.<\/p><\/details><details class=\"cmplz-dropdown dropdown-privacy-statement\"><summary><div><h3>1.2 Contact - Prin telefon, po\u0219t\u0103, e-mail \u0219i\/sau formulare web<\/h3><\/div><\/summary><p class=\"cmplz-subtitle\">\u00cen acest scop, folosim urm\u0103toarele date:<\/p><p><ul><li>Un prenume \u0219i un nume de familie<\/li><li>Nume cont sau alias<\/li><li>O adres\u0103 fizic\u0103 sau de domiciliu, incluz\u00e2nd numele str\u0103zii \u0219i numele ora\u0219ului sau localit\u0103\u021bii<\/li><li>Adres\u0103 de e-mail<\/li><li>Un num\u0103r de telefon<\/li><li>Adres\u0103 IP<\/li><li>Date de geolocalizare<\/li><li>Informa\u021bii despre activitatea pe internet, inclusiv, dar f\u0103r\u0103 a se limita la, istoricul de navigare, istoricul c\u0103ut\u0103rilor \u0219i informa\u021bii referitoare la interac\u021biunea unui consumator cu un site web, o aplica\u021bie sau o reclam\u0103 pe internet<\/li><\/ul><\/p><p class=\"cmplz-subtitle\">Baza pe care putem prelucra aceste date este:<\/p><p class=\"cmplz-subtitle\">Perioada de p\u0103strare<\/p><p>Re\u021binem aceste date p\u00e2n\u0103 la \u00eencetarea serviciului.<\/p><\/details><details class=\"cmplz-dropdown dropdown-privacy-statement\"><summary><div><h3>1.3 \u00cenregistrarea unui cont<\/h3><\/div><\/summary><p class=\"cmplz-subtitle\">\u00cen acest scop, folosim urm\u0103toarele date:<\/p><p><ul><li>Un prenume \u0219i un nume de familie<\/li><li>Nume cont sau alias<\/li><li>Adres\u0103 de e-mail<\/li><li>Adres\u0103 IP<\/li><\/ul><\/p><p class=\"cmplz-subtitle\">Baza pe care putem prelucra aceste date este:<\/p><p class=\"cmplz-subtitle\">Perioada de p\u0103strare<\/p><p>Re\u021binem aceste date p\u00e2n\u0103 la \u00eencetarea serviciului.<\/p><\/details><details class=\"cmplz-dropdown dropdown-privacy-statement\"><summary><div><h3>1.4 Newslettere<\/h3><\/div><\/summary><p class=\"cmplz-subtitle\">\u00cen acest scop, folosim urm\u0103toarele date:<\/p><p><ul><li>Un prenume \u0219i un nume de familie<\/li><li>Nume cont sau alias<\/li><li>Adres\u0103 de e-mail<\/li><li>O adres\u0103 fizic\u0103 sau de domiciliu, incluz\u00e2nd numele str\u0103zii \u0219i numele ora\u0219ului sau localit\u0103\u021bii<\/li><li>Un num\u0103r de telefon<\/li><li>Adres\u0103 IP<\/li><\/ul><\/p><p class=\"cmplz-subtitle\">Baza pe care putem prelucra aceste date este:<\/p><p class=\"cmplz-subtitle\">Perioada de p\u0103strare<\/p><p>Re\u021binem aceste date p\u00e2n\u0103 la \u00eencetarea serviciului.<\/p><\/details><details class=\"cmplz-dropdown dropdown-privacy-statement\"><summary><div><h3>1.5 Pentru a sprijini serviciile sau produsele pe care un client dore\u0219te s\u0103 le cumpere sau le-a achizi\u021bionat<\/h3><\/div><\/summary><p class=\"cmplz-subtitle\">\u00cen acest scop, folosim urm\u0103toarele date:<\/p><p><ul><li>Un prenume \u0219i un nume de familie<\/li><li>Nume cont sau alias<\/li><li>O adres\u0103 fizic\u0103 sau de domiciliu, incluz\u00e2nd numele str\u0103zii \u0219i numele ora\u0219ului sau localit\u0103\u021bii<\/li><li>Adres\u0103 de e-mail<\/li><li>Un num\u0103r de telefon<\/li><li>Date de geolocalizare<\/li><\/ul><\/p><p class=\"cmplz-subtitle\">Baza pe care putem prelucra aceste date este:<\/p><p class=\"cmplz-subtitle\">Perioada de p\u0103strare<\/p><p>Re\u021binem aceste date p\u00e2n\u0103 la \u00eencetarea serviciului.<\/p><\/details><details class=\"cmplz-dropdown dropdown-privacy-statement\"><summary><div><h3>1.6 Pentru a putea respecta obliga\u021biile legale<\/h3><\/div><\/summary><p class=\"cmplz-subtitle\">\u00cen acest scop, folosim urm\u0103toarele date:<\/p><p><ul><li>Un prenume \u0219i un nume de familie<\/li><li>Nume cont sau alias<\/li><li>O adres\u0103 fizic\u0103 sau de domiciliu, incluz\u00e2nd numele str\u0103zii \u0219i numele ora\u0219ului sau localit\u0103\u021bii<\/li><li>Adres\u0103 de e-mail<\/li><li>Un num\u0103r de telefon<\/li><\/ul><\/p><p class=\"cmplz-subtitle\">Baza pe care putem prelucra aceste date este:<\/p><p class=\"cmplz-subtitle\">Perioada de p\u0103strare<\/p><p>Re\u021binem aceste date p\u00e2n\u0103 la \u00eencetarea serviciului.<\/p><\/details><details class=\"cmplz-dropdown dropdown-privacy-statement\"><summary><div><h3>1.7 Compilarea \u0219i analiza statisticilor pentru \u00eembun\u0103t\u0103\u021birea website-ului.<\/h3><\/div><\/summary><p class=\"cmplz-subtitle\">\u00cen acest scop, folosim urm\u0103toarele date:<\/p><p><ul><li>Un prenume \u0219i un nume de familie<\/li><li>O adres\u0103 fizic\u0103 sau de domiciliu, incluz\u00e2nd numele str\u0103zii \u0219i numele ora\u0219ului sau localit\u0103\u021bii<\/li><li>Nume cont sau alias<\/li><li>Adres\u0103 de e-mail<\/li><li>Un num\u0103r de telefon<\/li><\/ul><\/p><p class=\"cmplz-subtitle\">Baza pe care putem prelucra aceste date este:<\/p><p class=\"cmplz-subtitle\">Perioada de p\u0103strare<\/p><p>Re\u021binem aceste date p\u00e2n\u0103 la \u00eencetarea serviciului.<\/p><\/details><details class=\"cmplz-dropdown dropdown-privacy-statement\"><summary><div><h3>1.8 Pentru a putea oferi produse \u0219i servicii personalizate<\/h3><\/div><\/summary><p class=\"cmplz-subtitle\">\u00cen acest scop, folosim urm\u0103toarele date:<\/p><p><ul><li>Un prenume \u0219i un nume de familie<\/li><li>Nume cont sau alias<\/li><li>O adres\u0103 fizic\u0103 sau de domiciliu, incluz\u00e2nd numele str\u0103zii \u0219i numele ora\u0219ului sau localit\u0103\u021bii<\/li><li>Adres\u0103 de e-mail<\/li><li>Un num\u0103r de telefon<\/li><\/ul><\/p><p class=\"cmplz-subtitle\">Baza pe care putem prelucra aceste date este:<\/p><p class=\"cmplz-subtitle\">Perioada de p\u0103strare<\/p><p>Re\u021binem aceste date p\u00e2n\u0103 la \u00eencetarea serviciului.<\/p><\/details><h2>2. Sharing with other parties<\/h2><p>We only share or disclose this data to processors for the following purposes:<\/p><p class=\"cmplz-subtitle\">Processors<\/p><p><b>Nume:<\/b>&nbsp;Procesor nou<br>\n                <b>\u021aar\u0103:<\/b>&nbsp;<br>\n                <b>Scop:<\/b>&nbsp;<br><\/p><h2>3. Cookies<\/h2><p>To provide the best experiences, we and our partners use technologies like cookies to store and\/or access device information. Consenting to these technologies will allow us and our partners to process personal data such as browsing behaviour or unique IDs on this site. Not consenting or withdrawing consent, may adversely affect certain features and functions. For more information about these technologies and partners, please refer to our <a href=\"https:\/\/www.jfy-international.com\/ro\/cookie-policy-uk\/\">Politica privind cookie-urile<\/a>.&nbsp;<\/p><h2>4. Disclosure practices<\/h2><p><p>Dezv\u0103luim informa\u021bii personale dac\u0103 ni se cere prin lege sau printr-o hot\u0103r\u00e2re judec\u0103toreasc\u0103, ca r\u0103spuns la o agen\u021bie de aplicare a legii, \u00een m\u0103sura permis\u0103 de alte prevederi legale, pentru a furniza informa\u021bii sau pentru o investiga\u021bie pe un subiect legat de siguran\u021ba public\u0103.<\/p><p>\u00cen cazul \u00een care site-ul nostru web sau organiza\u021bia noastr\u0103 este preluat\u0103, v\u00e2ndut\u0103 sau implicat\u0103 \u00eentr-o fuziune sau achizi\u021bie, datele dumneavoastr\u0103 pot fi dezv\u0103luite consilierilor no\u0219tri \u0219i oric\u0103ror poten\u021biali cump\u0103r\u0103tori \u0219i vor fi transmise noilor proprietari.<\/p><\/p><p>JFY International particip\u0103 la Cadrul de Transparen\u021b\u0103 \u0219i Consim\u021b\u0103m\u00e2nt IAB Europe \u0219i respect\u0103 Specifica\u021biile \u0219i Politicile acestuia. Utilizeaz\u0103 Platforma de Gestionare a Consim\u021b\u0103m\u00e2ntului cu num\u0103rul de identificare 332.&nbsp;<\/p><p>Am \u00eencheiat un acord de procesare a datelor cu Google.<\/p><h2>5. Security<\/h2><p>Suntem dedica\u021bi securit\u0103\u021bii datelor personale. Lu\u0103m m\u0103suri de securitate adecvate pentru a limita utilizarea abuziv\u0103 \u0219i accesul neautorizat la datele personale. Aceasta asigur\u0103 c\u0103 doar persoanele necesare au acces la datele dumneavoastr\u0103, c\u0103 accesul la date este protejat \u0219i c\u0103 m\u0103surile noastre de securitate sunt revizuite \u00een mod regulat.<\/p><h2>6. Third-party websites<\/h2><p>Aceast\u0103 declara\u021bie de confiden\u021bialitate nu se aplic\u0103 site-urilor web ale ter\u021bilor conectate prin linkuri de pe site-ul nostru. Nu putem garanta c\u0103 ace\u0219ti ter\u021bi trateaz\u0103 datele dumneavoastr\u0103 personale \u00eentr-un mod fiabil sau sigur. V\u0103 recomand\u0103m s\u0103 citi\u021bi declara\u021biile de confiden\u021bialitate ale acestor site-uri web \u00eenainte de a le utiliza.<\/p><h2>7. Amendments to this privacy statement<\/h2><p>Ne rezerv\u0103m dreptul de a aduce modific\u0103ri acestei declara\u021bii de confiden\u021bialitate. Se recomand\u0103 s\u0103 consulta\u021bi \u00een mod regulat aceast\u0103 declara\u021bie de confiden\u021bialitate pentru a fi la curent cu eventualele modific\u0103ri. \u00cen plus, v\u0103 vom informa activ ori de c\u00e2te ori va fi posibil.<\/p><h2>8. Accessing and modifying your data<\/h2><p>If you have any questions or want to know which personal data we have about you, please contact us. You can contact us by using the information below. You have the following rights:<\/p><ul>\n                <li>Ave\u021bi dreptul s\u0103 \u0219ti\u021bi de ce sunt necesare datele dumneavoastr\u0103 cu caracter personal, ce se va \u00eent\u00e2mpla cu acestea \u0219i pentru c\u00e2t timp vor fi p\u0103strate.<\/li>\n                <li>Dreptul de acces: Ave\u021bi dreptul de a v\u0103 accesa datele cu caracter personal care ne sunt cunoscute.<\/li>\n                <li>Dreptul la rectificare: ave\u021bi dreptul de a completa, corecta, \u0219terge sau bloca datele dumneavoastr\u0103 cu caracter personal ori de c\u00e2te ori dori\u021bi.<\/li>\n                <li>Dac\u0103 ne-a\u021bi dat consim\u021b\u0103m\u00e2ntul pentru prelucrarea datelor dumneavoastr\u0103, ave\u021bi dreptul de a revoca acest consim\u021b\u0103m\u00e2nt \u0219i de a solicita \u0219tergerea datelor dumneavoastr\u0103 cu caracter personal.<\/li>\n                <li>Dreptul de a v\u0103 transfera datele: ave\u021bi dreptul de a solicita operatorului toate datele dvs. cu caracter personal \u0219i de a le transfera \u00een \u00eentregime unui alt operator.<\/li>\n                <li>Dreptul la opozi\u021bie: v\u0103 pute\u021bi opune prelucr\u0103rii datelor dumneavoastr\u0103. Respect\u0103m acest lucru, cu excep\u021bia cazului \u00een care exist\u0103 motive justificate pentru prelucrare.<\/li>\n            <\/ul><p>V\u0103 rug\u0103m s\u0103 v\u0103 asigura\u021bi c\u0103 indica\u021bi \u00eentotdeauna clar cine sunte\u021bi, astfel \u00eenc\u00e2t s\u0103 fim siguri c\u0103 nu vom modifica sau \u0219terge datele persoanei gre\u0219ite.<\/p><h2>9. Submitting a complaint<\/h2><p>If you are not satisfied with the way in which we handle (a complaint about) the processing of your personal data, you have the right to submit a complaint to the Information Commissioner's Office:<\/p><p><br>Wycliffe House<br>\n                        Water Lane<br>\n                        Wilmslow<br>\n                        Cheshire<br>\n                        SK9 5AF<\/p><h2>10. Children<\/h2><p>Site-ul nostru nu este conceput pentru a atrage copii \u0219i nu inten\u021bion\u0103m s\u0103 colect\u0103m date personale de la minori sub v\u00e2rsta de consim\u021b\u0103m\u00e2nt din \u021bara lor de re\u0219edin\u021b\u0103. Prin urmare, solicit\u0103m ca minorii sub v\u00e2rsta de consim\u021b\u0103m\u00e2nt s\u0103 nu ne trimit\u0103 nicio dat\u0103 personal\u0103.<\/p><h2>11. Contact details<\/h2><p>JFY Interna\u021bional<br>\n        JFY International GmbH<br \/>\nSchulze-Delitzsch-Stra\u00dfe 41<br \/>\n70565 Stuttgart<br>\n        Germania<br>\n        Website: <a href=\"https:\/\/www.jfy-international.com\/ro\">https:\/\/www.jfy-international.com\/ro<\/a> <br>\n        Email: <span class=\"cmplz-obfuscate\">v\u00e2nz\u0103ri@<span class=\"cmplz-fmail-domain\">ex.com<\/span>&#106;f&#121;-i&#110;t&#101;rnati&#111;n&#097;l&#046;co&#109;<\/span> <br>\n        Num\u0103r de telefon: 0049 7156 303 30576<\/p><\/div>","protected":false},"excerpt":{"rendered":"","protected":false},"author":2,"featured_media":0,"parent":0,"menu_order":0,"comment_status":"closed","ping_status":"closed","template":"","meta":{"_acf_changed":false,"footnotes":""},"class_list":["post-16729","page","type-page","status-publish","hentry"],"acf":[],"yoast_head":"<!-- This site is optimized with the Yoast SEO plugin v27.3 - https:\/\/yoast.com\/product\/yoast-seo-wordpress\/ -->\n<title>Privacy Statement (UK) - JFY International<\/title>\n<meta name=\"robots\" content=\"index, follow, max-snippet:-1, max-image-preview:large, max-video-preview:-1\" \/>\n<link rel=\"canonical\" href=\"https:\/\/www.jfy-international.com\/ro\/privacy-statement-uk\/\" \/>\n<meta property=\"og:locale\" content=\"ro_RO\" \/>\n<meta property=\"og:type\" content=\"article\" \/>\n<meta property=\"og:title\" content=\"Privacy Statement (UK) - JFY International\" \/>\n<meta property=\"og:url\" content=\"https:\/\/www.jfy-international.com\/ro\/privacy-statement-uk\/\" \/>\n<meta property=\"og:site_name\" content=\"JFY International\" \/>\n<meta name=\"twitter:card\" content=\"summary_large_image\" \/>\n<script type=\"application\/ld+json\" class=\"yoast-schema-graph\">{\"@context\":\"https:\\\/\\\/schema.org\",\"@graph\":[{\"@type\":\"WebPage\",\"@id\":\"https:\\\/\\\/www.jfy-international.com\\\/privacy-statement-uk\\\/\",\"url\":\"https:\\\/\\\/www.jfy-international.com\\\/privacy-statement-uk\\\/\",\"name\":\"Privacy Statement (UK) - JFY International\",\"isPartOf\":{\"@id\":\"http:\\\/\\\/xqcxryus.elementor.cloud\\\/en\\\/#website\"},\"datePublished\":\"2026-04-10T13:43:33+00:00\",\"breadcrumb\":{\"@id\":\"https:\\\/\\\/www.jfy-international.com\\\/privacy-statement-uk\\\/#breadcrumb\"},\"inLanguage\":\"ro-RO\",\"potentialAction\":[{\"@type\":\"ReadAction\",\"target\":[\"https:\\\/\\\/www.jfy-international.com\\\/privacy-statement-uk\\\/\"]}]},{\"@type\":\"BreadcrumbList\",\"@id\":\"https:\\\/\\\/www.jfy-international.com\\\/privacy-statement-uk\\\/#breadcrumb\",\"itemListElement\":[{\"@type\":\"ListItem\",\"position\":1,\"name\":\"Home\",\"item\":\"https:\\\/\\\/www.jfy-international.com\\\/en\\\/\"},{\"@type\":\"ListItem\",\"position\":2,\"name\":\"Privacy Statement (UK)\"}]},{\"@type\":\"WebSite\",\"@id\":\"http:\\\/\\\/xqcxryus.elementor.cloud\\\/en\\\/#website\",\"url\":\"http:\\\/\\\/xqcxryus.elementor.cloud\\\/en\\\/\",\"name\":\"JFY International\",\"description\":\"Machines like you\",\"publisher\":{\"@id\":\"http:\\\/\\\/xqcxryus.elementor.cloud\\\/en\\\/#organization\"},\"potentialAction\":[{\"@type\":\"SearchAction\",\"target\":{\"@type\":\"EntryPoint\",\"urlTemplate\":\"http:\\\/\\\/xqcxryus.elementor.cloud\\\/en\\\/?s={search_term_string}\"},\"query-input\":{\"@type\":\"PropertyValueSpecification\",\"valueRequired\":true,\"valueName\":\"search_term_string\"}}],\"inLanguage\":\"ro-RO\"},{\"@type\":\"Organization\",\"@id\":\"http:\\\/\\\/xqcxryus.elementor.cloud\\\/en\\\/#organization\",\"name\":\"JFY International\",\"url\":\"http:\\\/\\\/xqcxryus.elementor.cloud\\\/en\\\/\",\"logo\":{\"@type\":\"ImageObject\",\"inLanguage\":\"ro-RO\",\"@id\":\"http:\\\/\\\/xqcxryus.elementor.cloud\\\/en\\\/#\\\/schema\\\/logo\\\/image\\\/\",\"url\":\"https:\\\/\\\/www.jfy-international.com\\\/wp-content\\\/uploads\\\/2025\\\/01\\\/JFY.png\",\"contentUrl\":\"https:\\\/\\\/www.jfy-international.com\\\/wp-content\\\/uploads\\\/2025\\\/01\\\/JFY.png\",\"width\":1200,\"height\":450,\"caption\":\"JFY International\"},\"image\":{\"@id\":\"http:\\\/\\\/xqcxryus.elementor.cloud\\\/en\\\/#\\\/schema\\\/logo\\\/image\\\/\"},\"sameAs\":[\"https:\\\/\\\/www.linkedin.com\\\/company\\\/jfy-international\"]}]}<\/script>\n<!-- \/ Yoast SEO plugin. -->","yoast_head_json":{"title":"Privacy Statement (UK) - JFY International","robots":{"index":"index","follow":"follow","max-snippet":"max-snippet:-1","max-image-preview":"max-image-preview:large","max-video-preview":"max-video-preview:-1"},"canonical":"https:\/\/www.jfy-international.com\/ro\/privacy-statement-uk\/","og_locale":"ro_RO","og_type":"article","og_title":"Privacy Statement (UK) - JFY International","og_url":"https:\/\/www.jfy-international.com\/ro\/privacy-statement-uk\/","og_site_name":"JFY International","twitter_card":"summary_large_image","schema":{"@context":"https:\/\/schema.org","@graph":[{"@type":"WebPage","@id":"https:\/\/www.jfy-international.com\/privacy-statement-uk\/","url":"https:\/\/www.jfy-international.com\/privacy-statement-uk\/","name":"Privacy Statement (UK) - JFY International","isPartOf":{"@id":"http:\/\/xqcxryus.elementor.cloud\/en\/#website"},"datePublished":"2026-04-10T13:43:33+00:00","breadcrumb":{"@id":"https:\/\/www.jfy-international.com\/privacy-statement-uk\/#breadcrumb"},"inLanguage":"ro-RO","potentialAction":[{"@type":"ReadAction","target":["https:\/\/www.jfy-international.com\/privacy-statement-uk\/"]}]},{"@type":"BreadcrumbList","@id":"https:\/\/www.jfy-international.com\/privacy-statement-uk\/#breadcrumb","itemListElement":[{"@type":"ListItem","position":1,"name":"Home","item":"https:\/\/www.jfy-international.com\/en\/"},{"@type":"ListItem","position":2,"name":"Privacy Statement (UK)"}]},{"@type":"WebSite","@id":"http:\/\/xqcxryus.elementor.cloud\/en\/#website","url":"http:\/\/xqcxryus.elementor.cloud\/en\/","name":"JFY Interna\u021bional","description":"Ma\u0219ini ca tine","publisher":{"@id":"http:\/\/xqcxryus.elementor.cloud\/en\/#organization"},"potentialAction":[{"@type":"SearchAction","target":{"@type":"EntryPoint","urlTemplate":"http:\/\/xqcxryus.elementor.cloud\/en\/?s={search_term_string}"},"query-input":{"@type":"PropertyValueSpecification","valueRequired":true,"valueName":"search_term_string"}}],"inLanguage":"ro-RO"},{"@type":"Organization","@id":"http:\/\/xqcxryus.elementor.cloud\/en\/#organization","name":"JFY Interna\u021bional","url":"http:\/\/xqcxryus.elementor.cloud\/en\/","logo":{"@type":"ImageObject","inLanguage":"ro-RO","@id":"http:\/\/xqcxryus.elementor.cloud\/en\/#\/schema\/logo\/image\/","url":"https:\/\/www.jfy-international.com\/wp-content\/uploads\/2025\/01\/JFY.png","contentUrl":"https:\/\/www.jfy-international.com\/wp-content\/uploads\/2025\/01\/JFY.png","width":1200,"height":450,"caption":"JFY International"},"image":{"@id":"http:\/\/xqcxryus.elementor.cloud\/en\/#\/schema\/logo\/image\/"},"sameAs":["https:\/\/www.linkedin.com\/company\/jfy-international"]}]}},"_links":{"self":[{"href":"https:\/\/www.jfy-international.com\/ro\/wp-json\/wp\/v2\/pages\/16729","targetHints":{"allow":["GET"]}}],"collection":[{"href":"https:\/\/www.jfy-international.com\/ro\/wp-json\/wp\/v2\/pages"}],"about":[{"href":"https:\/\/www.jfy-international.com\/ro\/wp-json\/wp\/v2\/types\/page"}],"author":[{"embeddable":true,"href":"https:\/\/www.jfy-international.com\/ro\/wp-json\/wp\/v2\/users\/2"}],"replies":[{"embeddable":true,"href":"https:\/\/www.jfy-international.com\/ro\/wp-json\/wp\/v2\/comments?post=16729"}],"version-history":[{"count":0,"href":"https:\/\/www.jfy-international.com\/ro\/wp-json\/wp\/v2\/pages\/16729\/revisions"}],"wp:attachment":[{"href":"https:\/\/www.jfy-international.com\/ro\/wp-json\/wp\/v2\/media?parent=16729"}],"curies":[{"name":"wp","href":"https:\/\/api.w.org\/{rel}","templated":true}]}}