{"id":16737,"date":"2026-04-10T13:43:35","date_gmt":"2026-04-10T13:43:35","guid":{"rendered":"https:\/\/www.jfy-international.com\/privacy-statement-za\/"},"modified":"2026-04-10T13:43:35","modified_gmt":"2026-04-10T13:43:35","slug":"privacy-statement-za","status":"publish","type":"page","link":"https:\/\/www.jfy-international.com\/ro\/privacy-statement-za\/","title":{"rendered":"Privacy Statement (ZA)"},"content":{"rendered":"<!-- Legal document generated by Complianz | GDPR\/CCPA Cookie Consent https:\/\/wordpress.org\/plugins\/complianz-gdpr -->\n<div id=\"cmplz-document\" class=\"cmplz-document privacy-statement cmplz-document-za\"><p><i>Aceast\u0103 declara\u021bie de confiden\u021bialitate a fost actualizat\u0103 ultima dat\u0103 la aprilie 10, 2026 \u0219i se aplic\u0103 cet\u0103\u021benilor \u0219i reziden\u021bilor permanen\u021bi din Africa de Sud.<\/i><br \/><br \/><\/p><p>\u00cen aceast\u0103 declara\u021bie de confiden\u021bialitate, explic\u0103m ce facem cu datele pe care le ob\u021binem despre tine prin <a href=\"https:\/\/www.jfy-international.com\/ro\">https:\/\/www.jfy-international.com\/ro<\/a>. \u00ce\u021bi recomand\u0103m s\u0103 cite\u0219ti cu aten\u021bie aceast\u0103 declara\u021bie. \u00cen procesarea noastr\u0103 respect\u0103m cerin\u021bele legisla\u021biei privind confiden\u021bialitatea. Asta \u00eenseamn\u0103, printre altele, c\u0103:<\/p><ul>\n                <li>declar\u0103m \u00een mod clar scopurile pentru care prelucr\u0103m datele cu caracter personal. Facem acest lucru prin intermediul acestei declara\u021bii de confiden\u021bialitate;<\/li>\n                <li>Ne propunem s\u0103 ne limit\u0103m colectarea datelor cu caracter personal doar la datele cu caracter personal necesare \u00een scopuri legitime;<\/li>\n                <li>\u00een situa\u021biile care necesit\u0103 consim\u021b\u0103m\u00e2ntul pentru prelucrarea datelor personale, mai \u00eent\u00e2i solicit\u0103m consim\u021b\u0103m\u00e2ntul t\u0103u explicit pentru prelucrarea datelor tale personale;<\/li>\n                <li>lu\u0103m m\u0103suri de securitate adecvate pentru a \u00ee\u021bi proteja datele cu caracter personal \u0219i, de asemenea, le solicit\u0103m ter\u021bilor care proceseaz\u0103 datele cu caracter personal \u00een numele nostru;<\/li>\n                <li>V\u0103 respect\u0103m dreptul de a accesa, corecta sau \u0219terge datele dumneavoastr\u0103 personale, la cererea dumneavoastr\u0103.<\/li>\n            <\/ul><p>Dac\u0103 ave\u021bi \u00eentreb\u0103ri sau dori\u021bi s\u0103 s\u0103 \u0219ti\u021bi exact ce date p\u0103str\u0103m despre dumneavoastr\u0103, v\u0103 rug\u0103m s\u0103 ne contacta\u021bi.<\/p><h2>1. Scop, date \u0219i perioada de p\u0103strare<\/h2>Este posibil s\u0103 colect\u0103m sau s\u0103 primim informa\u021bii personale pentru mai multe scopuri legate de opera\u021biunile noastre comerciale, care pot include urm\u0103toarele: (clic pentru a extinde)<details class=\"cmplz-dropdown dropdown-privacy-statement\"><summary><div><h3>1.1 V\u00e2nzarea sau partajarea datelor c\u0103tre o ter\u021b\u0103 parte<\/h3><\/div><\/summary><p class=\"cmplz-subtitle\">\u00cen acest scop, utiliz\u0103m urm\u0103toarele date:<\/p><p><ul><li>Un prenume \u0219i un nume<\/li><li>Numele sau aliasul contului<\/li><li>O adres\u0103 de domiciliu sau alt\u0103 adres\u0103 fizic\u0103, incluz\u00e2nd numele str\u0103zii \u0219i numele localit\u0103\u021bii<\/li><li>O adres\u0103 de e-mail<\/li><li>Un num\u0103r de telefon<\/li><\/ul><\/p><p class=\"cmplz-subtitle\">Perioada de p\u0103strare<\/p><p>P\u0103str\u0103m aceste date p\u00e2n\u0103 la finalizarea serviciului.<\/p><\/details><details class=\"cmplz-dropdown dropdown-privacy-statement\"><summary><div><h3>1.2 Contact - Prin telefon, po\u0219t\u0103, e-mail \u0219i\/sau formulare online<\/h3><\/div><\/summary><p class=\"cmplz-subtitle\">\u00cen acest scop, utiliz\u0103m urm\u0103toarele date:<\/p><p><ul><li>Un prenume \u0219i un nume<\/li><li>Numele sau aliasul contului<\/li><li>O adres\u0103 de domiciliu sau alt\u0103 adres\u0103 fizic\u0103, incluz\u00e2nd numele str\u0103zii \u0219i numele localit\u0103\u021bii<\/li><li>O adres\u0103 de e-mail<\/li><li>Un num\u0103r de telefon<\/li><li>Adres\u0103 IP<\/li><li>Date de geolocalizare<\/li><li>Informa\u021bii despre activitatea pe internet, inclusiv, dar f\u0103r\u0103 a se limita la, istoricul navig\u0103rii, istoricul c\u0103ut\u0103rilor \u0219i informa\u021bii privind interac\u021biunea consumatorului cu un site, o aplica\u021bie sau o reclam\u0103 de pe internet<\/li><\/ul><\/p><p class=\"cmplz-subtitle\">Perioada de p\u0103strare<\/p><p>P\u0103str\u0103m aceste date p\u00e2n\u0103 la finalizarea serviciului.<\/p><\/details><details class=\"cmplz-dropdown dropdown-privacy-statement\"><summary><div><h3>1.3 Crearea unui cont<\/h3><\/div><\/summary><p class=\"cmplz-subtitle\">\u00cen acest scop, utiliz\u0103m urm\u0103toarele date:<\/p><p><ul><li>Un prenume \u0219i un nume<\/li><li>Numele sau aliasul contului<\/li><li>O adres\u0103 de e-mail<\/li><li>Adres\u0103 IP<\/li><\/ul><\/p><p class=\"cmplz-subtitle\">Perioada de p\u0103strare<\/p><p>P\u0103str\u0103m aceste date p\u00e2n\u0103 la finalizarea serviciului.<\/p><\/details><details class=\"cmplz-dropdown dropdown-privacy-statement\"><summary><div><h3>1.4 Newslettere<\/h3><\/div><\/summary><p class=\"cmplz-subtitle\">\u00cen acest scop, utiliz\u0103m urm\u0103toarele date:<\/p><p><ul><li>Un prenume \u0219i un nume<\/li><li>Numele sau aliasul contului<\/li><li>O adres\u0103 de e-mail<\/li><li>O adres\u0103 de domiciliu sau alt\u0103 adres\u0103 fizic\u0103, incluz\u00e2nd numele str\u0103zii \u0219i numele localit\u0103\u021bii<\/li><li>Un num\u0103r de telefon<\/li><li>Adres\u0103 IP<\/li><\/ul><\/p><p class=\"cmplz-subtitle\">Perioada de p\u0103strare<\/p><p>P\u0103str\u0103m aceste date p\u00e2n\u0103 la finalizarea serviciului.<\/p><\/details><details class=\"cmplz-dropdown dropdown-privacy-statement\"><summary><div><h3>1.5 Pentru a sprijini serviciile sau produsele pe care un client dore\u0219te s\u0103 le achizi\u021bioneze sau le-a achizi\u021bionat deja<\/h3><\/div><\/summary><p class=\"cmplz-subtitle\">\u00cen acest scop, utiliz\u0103m urm\u0103toarele date:<\/p><p><ul><li>Un prenume \u0219i un nume<\/li><li>Numele sau aliasul contului<\/li><li>O adres\u0103 de domiciliu sau alt\u0103 adres\u0103 fizic\u0103, incluz\u00e2nd numele str\u0103zii \u0219i numele localit\u0103\u021bii<\/li><li>O adres\u0103 de e-mail<\/li><li>Un num\u0103r de telefon<\/li><li>Date de geolocalizare<\/li><\/ul><\/p><p class=\"cmplz-subtitle\">Perioada de p\u0103strare<\/p><p>P\u0103str\u0103m aceste date p\u00e2n\u0103 la finalizarea serviciului.<\/p><\/details><details class=\"cmplz-dropdown dropdown-privacy-statement\"><summary><div><h3>1.6 Pentru a putea respecta obliga\u021biile legale<\/h3><\/div><\/summary><p class=\"cmplz-subtitle\">Colectarea este necesar\u0103 sau autorizat\u0103 prin urm\u0103toarea lege sau ordin judec\u0103toresc:<\/p><p class=\"legal-obligations-description\"><\/p><p class=\"cmplz-subtitle\">\u00cen acest scop, utiliz\u0103m urm\u0103toarele date:<\/p><p><ul><li>Un prenume \u0219i un nume<\/li><li>Numele sau aliasul contului<\/li><li>O adres\u0103 de domiciliu sau alt\u0103 adres\u0103 fizic\u0103, incluz\u00e2nd numele str\u0103zii \u0219i numele localit\u0103\u021bii<\/li><li>O adres\u0103 de e-mail<\/li><li>Un num\u0103r de telefon<\/li><\/ul><\/p><p class=\"cmplz-subtitle\">Perioada de p\u0103strare<\/p><p>P\u0103str\u0103m aceste date p\u00e2n\u0103 la finalizarea serviciului.<\/p><\/details><details class=\"cmplz-dropdown dropdown-privacy-statement\"><summary><div><h3>1.7 Compilarea \u0219i analiza statisticilor pentru \u00eembun\u0103t\u0103\u021birea site-ului.<\/h3><\/div><\/summary><p class=\"cmplz-subtitle\">\u00cen acest scop, utiliz\u0103m urm\u0103toarele date:<\/p><p><ul><li>Un prenume \u0219i un nume<\/li><li>O adres\u0103 de domiciliu sau alt\u0103 adres\u0103 fizic\u0103, incluz\u00e2nd numele str\u0103zii \u0219i numele localit\u0103\u021bii<\/li><li>Numele sau aliasul contului<\/li><li>O adres\u0103 de e-mail<\/li><li>Un num\u0103r de telefon<\/li><\/ul><\/p><p class=\"cmplz-subtitle\">Perioada de p\u0103strare<\/p><p>P\u0103str\u0103m aceste date p\u00e2n\u0103 la finalizarea serviciului.<\/p><\/details><details class=\"cmplz-dropdown dropdown-privacy-statement\"><summary><div><h3>1.8 Pentru a putea oferi produse \u0219i servicii personalizate<\/h3><\/div><\/summary><p class=\"cmplz-subtitle\">\u00cen acest scop, utiliz\u0103m urm\u0103toarele date:<\/p><p><ul><li>Un prenume \u0219i un nume<\/li><li>Numele sau aliasul contului<\/li><li>O adres\u0103 de domiciliu sau alt\u0103 adres\u0103 fizic\u0103, incluz\u00e2nd numele str\u0103zii \u0219i numele localit\u0103\u021bii<\/li><li>O adres\u0103 de e-mail<\/li><li>Un num\u0103r de telefon<\/li><\/ul><\/p><p class=\"cmplz-subtitle\">Perioada de p\u0103strare<\/p><p>P\u0103str\u0103m aceste date p\u00e2n\u0103 la finalizarea serviciului.<\/p><\/details><h2>2. Ce se \u00eent\u00e2mpl\u0103 dac\u0103 nu ne furnizezi informa\u021biile tale personale?<\/h2><p>Dac\u0103 nu ne furnizezi informa\u021biile tale personale, este posibil s\u0103 nu \u00ee\u021bi putem oferi informa\u021biile, produsele sau asisten\u021ba pe care o cau\u021bi.<\/p><h2>3. Partajarea cu alte entit\u0103\u021bi<\/h2><p>Distribuim sau dezv\u0103luim aceste date Procesatorilor numai \u00een urm\u0103toarele scopuri:<\/p><p class=\"cmplz-subtitle\">Procesori<\/p><p><p>\n                <b>Nume:<\/b>&nbsp;Procesor nou<br \/>\n                <b>\u021aar\u0103<\/b>&nbsp;<br \/>\n                <b>Obiectiv<\/b>&nbsp;<br \/>\n            <\/p><\/p><h2>4. Cookie-uri<\/h2>Pentru a oferi o experien\u021b\u0103 optim\u0103, noi \u0219i partenerii no\u0219tri folosim tehnologii precum cookie-urile pentru a stoca \u0219i \/ sau accesa informa\u021bii despre dispozitiv. Consim\u021b\u0103m\u00e2ntul fa\u021b\u0103 de aceste tehnologii ne va permite nou\u0103 \u0219i partenerilor no\u0219tri s\u0103 proces\u0103m date cu caracter personal, cum ar fi comportamentul de navigare sau ID-uri unice pe acest site. Neacordarea sau retragerea consim\u021b\u0103m\u00e2ntului poate afecta negativ anumite caracteristici \u0219i func\u021bii. Pentru mai multe informa\u021bii despre aceste tehnologii \u0219i parteneri, te rug\u0103m s\u0103 consul\u021bi <a href=\"https:\/\/www.jfy-international.com\/ro\/cookie-policy-za\/\"> Politica noastr\u0103 privind Cookie-urile <\/a>.&nbsp;<h2>5. Politica de dezv\u0103luire a informa\u021biilor<\/h2><p><p>Dezv\u0103luim informa\u021bii personale dac\u0103 ni se impune prin lege sau prin ordin judec\u0103toresc, la cererea unei organiza\u021bii care asigur\u0103 respectarea legisla\u021biei, \u00een m\u0103sura permis\u0103 de diferite prevederi legale, pentru a furniza informa\u021bii ori pentru o investiga\u021bie pe subiecte legate de siguran\u021ba public\u0103.<\/p><p>\u00cen cazul \u00een care site-ul sau organiza\u021bia noastr\u0103 sunt preluate, v\u00e2ndute ori implicate \u00eentr-o fuziune sau achizi\u021bie, este posibil ca datele tale s\u0103 fie dezv\u0103luite consultan\u021bilor no\u0219tri \u0219i poten\u021bialilor cump\u0103r\u0103tori; ele vor fi transferate noilor proprietari.<\/p><\/p><p>JFY International particip\u0103 la Cadrul de transparen\u021b\u0103 \u0219i consim\u021b\u0103m\u00e2nt al IAB Europe \u0219i respect\u0103 specifica\u021biile \u0219i politicile acestuia. Utilizeaz\u0103 platforma de gestionare a consim\u021b\u0103m\u00e2ntului cu num\u0103rul de identificare 332.&nbsp;<\/p>Am \u00eencheiat un acord de prelucrare a datelor cu Google.<h2>6. Securitate<\/h2>Suntem dedica\u021bi securit\u0103\u021bii datelor cu caracter personal. Lu\u0103m m\u0103surile de securitate adecvate pentru a limita abuzul \u0219i accesul neautorizat la datele cu caracter personal. Astfel, ne asigur\u0103m c\u0103 numai persoanele necesare au acces la datele tale, c\u0103 accesul la date este protejat \u0219i c\u0103 m\u0103surile noastre de securitate sunt revizuite \u00een mod regulat.<h2>7. Site-uri ale unor ter\u021be p\u0103r\u021bi<\/h2>Aceast\u0103 declara\u021bie de confiden\u021bialitate nu se aplic\u0103 site-urilor unor ter\u021be p\u0103r\u021bi conectate prin linkuri pe site-ul nostru. Nu putem garanta c\u0103 aceste ter\u021be p\u0103r\u021bi \u00ee\u021bi gestioneaz\u0103 datele cu caracter personal \u00eentr-un mod corect sau sigur. \u00ce\u021bi recomand\u0103m s\u0103 cite\u0219ti declara\u021biile de confiden\u021bialitate ale acestor site-uri \u00eenainte de a le utiliza.<h2>8. Modific\u0103ri la aceast\u0103 Declara\u021bie de confiden\u021bialitate<\/h2>Ne rezerv\u0103m dreptul de a aduce modific\u0103ri acestei Declara\u021bii de confiden\u021bialitate. Este recomandat s\u0103 consul\u021bi \u00een mod regulat aceast\u0103 Declara\u021bie de confiden\u021bialitate, pentru a fi la curent cu orice modificare. \u00cen plus, te vom informa activ ori de c\u00e2te ori este posibil.<h2>9. Accesarea \u0219i modificarea datelor tale<\/h2><p>Dac\u0103 ai \u00eentreb\u0103ri sau dore\u0219ti s\u0103 \u0219tii exact ce date personale de\u021binem despre tine, te rug\u0103m s\u0103 ne contactezi. Ne po\u021bi contacta folosind informa\u021biile de mai jos. Ai urm\u0103toarele drepturi:<\/p><ul>\n                <li>Ave\u021bi dreptul s\u0103 \u0219ti\u021bi de ce sunt necesare datele dumneavoastr\u0103 personale, ce se va \u00eent\u00e2mpla cu acestea \u0219i c\u00e2t timp vor fi p\u0103strate.<\/li>\n                <li>Dreptul de acces: Ai dreptul de a accesa datele tale personale pe care le cunoa\u0219tem.<\/li>\n                <li>Dreptul la rectificare: ai dreptul de a completa, corecta, \u0219terge sau bloca datele tale personale ori de c\u00e2te ori dore\u0219ti.<\/li>\n                <li>Dac\u0103 ne dai consim\u021b\u0103m\u00e2ntul pentru a prelucra datele tale, ai dreptul de a revoca consim\u021b\u0103m\u00e2ntul respectiv \u0219i de a solicita \u0219tergerea datelor personale.<\/li>\n                <li>Dreptul de a obiecta: te po\u021bi opune prelucr\u0103rii datelor tale. Respect\u0103m acest lucru, cu excep\u021bia cazului \u00een care exist\u0103 motive justificate pentru prelucrare.<\/li>\n            <\/ul><p>Te rug\u0103m s\u0103 te asiguri c\u0103 precizezi \u00eentotdeauna clar cine e\u0219ti, astfel \u00eenc\u00e2t s\u0103 fim siguri c\u0103 nu modific\u0103m sau \u0219tergem niciun fel de date ale unei persoane gre\u0219ite.<\/p><h2>10. Trimiterea unei reclama\u021bii<\/h2>Dac\u0103 ai o nemul\u021bumire despre modul \u00een care gestion\u0103m prelucrarea datelor tale cu caracter personal, ori modul \u00een care gestion\u0103m o reclama\u021bie cu privire la prleucrarea acestor date, ai dreptul de a depune o reclama\u021bie la Autoritatea reglementarea informa\u021biilor din Africa de Sud:<br \/>P.O Box 31533,\n\t\t\t\t\t\t<br \/>Braamfontein,\n\t\t\t\t\t\t<br \/>Johannesburg,\n\t\t\t\t\t\t<br \/>2017\n\t\t\t\t\t\t<br \/>Email pentru reclama\u021bii:complaints.IR@justice.gov.za<h2>11. Copii<\/h2><p>Site-ul nostru web nu este conceput pentru a atrage copiii \u0219i nu inten\u021bion\u0103m s\u0103 colect\u0103m date cu caracter personal de la copii sub v\u00e2rsta consim\u021b\u0103m\u00e2ntului din \u021bara lor de re\u0219edin\u021b\u0103. Prin urmare, solicit\u0103m copiilor sub v\u00e2rsta consim\u021b\u0103m\u00e2ntului s\u0103 nu ne trimit\u0103 date personale.<\/p><h2>12. Date de contact<\/h2><p>JFY Interna\u021bional<br \/>\n        JFY International GmbH<br \/>\nSchulze-Delitzsch-Stra\u00dfe 41<br \/>\n70565 Stuttgart<br \/>\n        Germania<br \/>\n        Website: <a href=\"https:\/\/www.jfy-international.com\/ro\">https:\/\/www.jfy-international.com\/ro<\/a> <br \/>\n        Email: <span class=\"cmplz-obfuscate\">v\u00e2nz\u0103ri@<span class=\"cmplz-fmail-domain\">ex.com<\/span>jfy-&#105;n&#116;e&#114;nat&#105;ona&#108;.co&#109;<\/span> <br \/>\n        Num\u0103r de telefon: 0049 7156 303 30576<\/p><p>Am desemnat o persoan\u0103 de contact pentru politicile \u0219i practicile organiza\u021biei, c\u0103reia i se pot transmite reclama\u021bii sau cereri de informa\u021bii:<br \/>Dominic Gastes<br \/>info@jfy-international.com<\/p><\/div>","protected":false},"excerpt":{"rendered":"","protected":false},"author":2,"featured_media":0,"parent":0,"menu_order":0,"comment_status":"closed","ping_status":"closed","template":"","meta":{"_acf_changed":false,"content-type":"","footnotes":""},"class_list":["post-16737","page","type-page","status-publish","hentry"],"acf":[],"yoast_head":"<!-- This site is optimized with the Yoast SEO plugin v27.4 - https:\/\/yoast.com\/product\/yoast-seo-wordpress\/ -->\n<title>Privacy Statement (ZA) - JFY International<\/title>\n<meta name=\"robots\" content=\"index, follow, max-snippet:-1, max-image-preview:large, max-video-preview:-1\" \/>\n<link rel=\"canonical\" href=\"https:\/\/www.jfy-international.com\/ro\/privacy-statement-za\/\" \/>\n<meta property=\"og:locale\" content=\"ro_RO\" \/>\n<meta property=\"og:type\" content=\"article\" \/>\n<meta property=\"og:title\" content=\"Privacy Statement (ZA) - JFY International\" \/>\n<meta property=\"og:url\" content=\"https:\/\/www.jfy-international.com\/ro\/privacy-statement-za\/\" \/>\n<meta property=\"og:site_name\" content=\"JFY International\" \/>\n<meta name=\"twitter:card\" content=\"summary_large_image\" \/>\n<script type=\"application\/ld+json\" class=\"yoast-schema-graph\">{\"@context\":\"https:\\\/\\\/schema.org\",\"@graph\":[{\"@type\":\"WebPage\",\"@id\":\"https:\\\/\\\/www.jfy-international.com\\\/privacy-statement-za\\\/\",\"url\":\"https:\\\/\\\/www.jfy-international.com\\\/privacy-statement-za\\\/\",\"name\":\"Privacy Statement (ZA) - JFY International\",\"isPartOf\":{\"@id\":\"http:\\\/\\\/xqcxryus.elementor.cloud\\\/en\\\/#website\"},\"datePublished\":\"2026-04-10T13:43:35+00:00\",\"breadcrumb\":{\"@id\":\"https:\\\/\\\/www.jfy-international.com\\\/privacy-statement-za\\\/#breadcrumb\"},\"inLanguage\":\"ro-RO\",\"potentialAction\":[{\"@type\":\"ReadAction\",\"target\":[\"https:\\\/\\\/www.jfy-international.com\\\/privacy-statement-za\\\/\"]}]},{\"@type\":\"BreadcrumbList\",\"@id\":\"https:\\\/\\\/www.jfy-international.com\\\/privacy-statement-za\\\/#breadcrumb\",\"itemListElement\":[{\"@type\":\"ListItem\",\"position\":1,\"name\":\"Home\",\"item\":\"https:\\\/\\\/www.jfy-international.com\\\/en\\\/\"},{\"@type\":\"ListItem\",\"position\":2,\"name\":\"Privacy Statement (ZA)\"}]},{\"@type\":\"WebSite\",\"@id\":\"http:\\\/\\\/xqcxryus.elementor.cloud\\\/en\\\/#website\",\"url\":\"http:\\\/\\\/xqcxryus.elementor.cloud\\\/en\\\/\",\"name\":\"JFY International\",\"description\":\"Machines like you\",\"publisher\":{\"@id\":\"http:\\\/\\\/xqcxryus.elementor.cloud\\\/en\\\/#organization\"},\"potentialAction\":[{\"@type\":\"SearchAction\",\"target\":{\"@type\":\"EntryPoint\",\"urlTemplate\":\"http:\\\/\\\/xqcxryus.elementor.cloud\\\/en\\\/?s={search_term_string}\"},\"query-input\":{\"@type\":\"PropertyValueSpecification\",\"valueRequired\":true,\"valueName\":\"search_term_string\"}}],\"inLanguage\":\"ro-RO\"},{\"@type\":\"Organization\",\"@id\":\"http:\\\/\\\/xqcxryus.elementor.cloud\\\/en\\\/#organization\",\"name\":\"JFY International\",\"url\":\"http:\\\/\\\/xqcxryus.elementor.cloud\\\/en\\\/\",\"logo\":{\"@type\":\"ImageObject\",\"inLanguage\":\"ro-RO\",\"@id\":\"http:\\\/\\\/xqcxryus.elementor.cloud\\\/en\\\/#\\\/schema\\\/logo\\\/image\\\/\",\"url\":\"https:\\\/\\\/www.jfy-international.com\\\/wp-content\\\/uploads\\\/2025\\\/01\\\/JFY.png\",\"contentUrl\":\"https:\\\/\\\/www.jfy-international.com\\\/wp-content\\\/uploads\\\/2025\\\/01\\\/JFY.png\",\"width\":1200,\"height\":450,\"caption\":\"JFY International\"},\"image\":{\"@id\":\"http:\\\/\\\/xqcxryus.elementor.cloud\\\/en\\\/#\\\/schema\\\/logo\\\/image\\\/\"},\"sameAs\":[\"https:\\\/\\\/www.linkedin.com\\\/company\\\/jfy-international\"]}]}<\/script>\n<!-- \/ Yoast SEO plugin. -->","yoast_head_json":{"title":"Privacy Statement (ZA) - JFY International","robots":{"index":"index","follow":"follow","max-snippet":"max-snippet:-1","max-image-preview":"max-image-preview:large","max-video-preview":"max-video-preview:-1"},"canonical":"https:\/\/www.jfy-international.com\/ro\/privacy-statement-za\/","og_locale":"ro_RO","og_type":"article","og_title":"Privacy Statement (ZA) - JFY International","og_url":"https:\/\/www.jfy-international.com\/ro\/privacy-statement-za\/","og_site_name":"JFY International","twitter_card":"summary_large_image","schema":{"@context":"https:\/\/schema.org","@graph":[{"@type":"WebPage","@id":"https:\/\/www.jfy-international.com\/privacy-statement-za\/","url":"https:\/\/www.jfy-international.com\/privacy-statement-za\/","name":"Privacy Statement (ZA) - JFY International","isPartOf":{"@id":"http:\/\/xqcxryus.elementor.cloud\/en\/#website"},"datePublished":"2026-04-10T13:43:35+00:00","breadcrumb":{"@id":"https:\/\/www.jfy-international.com\/privacy-statement-za\/#breadcrumb"},"inLanguage":"ro-RO","potentialAction":[{"@type":"ReadAction","target":["https:\/\/www.jfy-international.com\/privacy-statement-za\/"]}]},{"@type":"BreadcrumbList","@id":"https:\/\/www.jfy-international.com\/privacy-statement-za\/#breadcrumb","itemListElement":[{"@type":"ListItem","position":1,"name":"Home","item":"https:\/\/www.jfy-international.com\/en\/"},{"@type":"ListItem","position":2,"name":"Privacy Statement (ZA)"}]},{"@type":"WebSite","@id":"http:\/\/xqcxryus.elementor.cloud\/en\/#website","url":"http:\/\/xqcxryus.elementor.cloud\/en\/","name":"JFY Interna\u021bional","description":"Ma\u0219ini ca tine","publisher":{"@id":"http:\/\/xqcxryus.elementor.cloud\/en\/#organization"},"potentialAction":[{"@type":"SearchAction","target":{"@type":"EntryPoint","urlTemplate":"http:\/\/xqcxryus.elementor.cloud\/en\/?s={search_term_string}"},"query-input":{"@type":"PropertyValueSpecification","valueRequired":true,"valueName":"search_term_string"}}],"inLanguage":"ro-RO"},{"@type":"Organization","@id":"http:\/\/xqcxryus.elementor.cloud\/en\/#organization","name":"JFY Interna\u021bional","url":"http:\/\/xqcxryus.elementor.cloud\/en\/","logo":{"@type":"ImageObject","inLanguage":"ro-RO","@id":"http:\/\/xqcxryus.elementor.cloud\/en\/#\/schema\/logo\/image\/","url":"https:\/\/www.jfy-international.com\/wp-content\/uploads\/2025\/01\/JFY.png","contentUrl":"https:\/\/www.jfy-international.com\/wp-content\/uploads\/2025\/01\/JFY.png","width":1200,"height":450,"caption":"JFY International"},"image":{"@id":"http:\/\/xqcxryus.elementor.cloud\/en\/#\/schema\/logo\/image\/"},"sameAs":["https:\/\/www.linkedin.com\/company\/jfy-international"]}]}},"_links":{"self":[{"href":"https:\/\/www.jfy-international.com\/ro\/wp-json\/wp\/v2\/pages\/16737","targetHints":{"allow":["GET"]}}],"collection":[{"href":"https:\/\/www.jfy-international.com\/ro\/wp-json\/wp\/v2\/pages"}],"about":[{"href":"https:\/\/www.jfy-international.com\/ro\/wp-json\/wp\/v2\/types\/page"}],"author":[{"embeddable":true,"href":"https:\/\/www.jfy-international.com\/ro\/wp-json\/wp\/v2\/users\/2"}],"replies":[{"embeddable":true,"href":"https:\/\/www.jfy-international.com\/ro\/wp-json\/wp\/v2\/comments?post=16737"}],"version-history":[{"count":0,"href":"https:\/\/www.jfy-international.com\/ro\/wp-json\/wp\/v2\/pages\/16737\/revisions"}],"wp:attachment":[{"href":"https:\/\/www.jfy-international.com\/ro\/wp-json\/wp\/v2\/media?parent=16737"}],"curies":[{"name":"wp","href":"https:\/\/api.w.org\/{rel}","templated":true}]}}