{"id":16737,"date":"2026-04-10T13:43:35","date_gmt":"2026-04-10T13:43:35","guid":{"rendered":"https:\/\/www.jfy-international.com\/privacy-statement-za\/"},"modified":"2026-04-10T13:43:35","modified_gmt":"2026-04-10T13:43:35","slug":"privacy-statement-za","status":"publish","type":"page","link":"https:\/\/www.jfy-international.com\/sv\/privacy-statement-za\/","title":{"rendered":"Privacy Statement (ZA)"},"content":{"rendered":"<!-- Legal document generated by Complianz | GDPR\/CCPA Cookie Consent https:\/\/wordpress.org\/plugins\/complianz-gdpr -->\n<div id=\"cmplz-document\" class=\"cmplz-document privacy-statement cmplz-document-za\"><p><i>Denna integritetspolicy uppdaterades senast den april 10, 2026 och g\u00e4ller f\u00f6r medborgare och lagligt permanent bosatta i Sydafrika.<\/i><br \/><br \/><\/p><p>I denna integritetspolicy anger vi vad vi g\u00f6r med den information vi f\u00e5r om dig via <a href=\"https:\/\/www.jfy-international.com\/sv\">https:\/\/www.jfy-international.com\/sv<\/a>. Vi rekommenderar att du l\u00e4ser denna redog\u00f6relse noggrant. Vid v\u00e5r behandling f\u00f6ljer vi kraven i lagstiftningen om skydd av personuppgifter. Det inneb\u00e4r bland annat att:<\/p><ul>\n                <li>vi redog\u00f6r tydligt f\u00f6r de syften f\u00f6r vilka vi behandlar personuppgifter. Detta g\u00f6r vi genom denna integritetspolicy;<\/li>\n                <li>vi str\u00e4var efter att begr\u00e4nsa v\u00e5r insamling av personuppgifter till endast de personuppgifter som \u00e4r n\u00f6dv\u00e4ndiga f\u00f6r legitima \u00e4ndam\u00e5l;<\/li>\n                <li>vi ber f\u00f6rst om ditt uttryckliga samtycke f\u00f6r att behandla dina personuppgifter i de fall d\u00e4r det kr\u00e4vs;<\/li>\n                <li>vi vidtar l\u00e4mpliga s\u00e4kerhets\u00e5tg\u00e4rder f\u00f6r att skydda dina personuppgifter och kr\u00e4ver detta \u00e4ven av de parter som behandlar personuppgifter f\u00f6r v\u00e5r r\u00e4kning;<\/li>\n                <li>Vi respekterar din r\u00e4tt att f\u00e5 tillg\u00e5ng till dina personuppgifter eller att f\u00e5 dem korrigerade eller raderade p\u00e5 din beg\u00e4ran.<\/li>\n            <\/ul><p>Om du har n\u00e5gra fr\u00e5gor eller vill veta exakt vilka uppgifter vi har om dig, v\u00e4nligen kontakta oss.<\/p><h2>1. Syfte, uppgifter och lagringsperiod<\/h2>Vi kan samla in eller ta emot personuppgifter f\u00f6r ett antal \u00e4ndam\u00e5l kopplade till v\u00e5r verksamhet, vilka kan inkludera f\u00f6ljande: (klicka f\u00f6r att expandera)<details class=\"cmplz-dropdown dropdown-privacy-statement\"><summary><div><h3>1.1 S\u00e4lja eller dela uppgifter med tredje part<\/h3><\/div><\/summary><p class=\"cmplz-subtitle\">F\u00f6r detta syfte anv\u00e4nder vi f\u00f6ljande uppgifter:<\/p><p><ul><li>F\u00f6r- och efternamn<\/li><li>Kontonamn eller alias<\/li><li>En bostadsadress eller annan fysisk adress inklusive gatunamn och namn p\u00e5 ort<\/li><li>En e-postadress<\/li><li>Ett telefonnummer<\/li><\/ul><\/p><p class=\"cmplz-subtitle\">Lagringsperiod<\/p><p>Vi beh\u00e5ller dessa uppgifter tills tj\u00e4nsten avslutas.<\/p><\/details><details class=\"cmplz-dropdown dropdown-privacy-statement\"><summary><div><h3>1.2 Kontakt - via telefon, post, e-post och\/eller webbformul\u00e4r<\/h3><\/div><\/summary><p class=\"cmplz-subtitle\">F\u00f6r detta syfte anv\u00e4nder vi f\u00f6ljande uppgifter:<\/p><p><ul><li>F\u00f6r- och efternamn<\/li><li>Kontonamn eller alias<\/li><li>En bostadsadress eller annan fysisk adress inklusive gatunamn och namn p\u00e5 ort<\/li><li>En e-postadress<\/li><li>Ett telefonnummer<\/li><li>IP-adress<\/li><li>Geolokalisering<\/li><li>Internetaktivitetsinformation, inklusive men inte begr\u00e4nsad till webbhistorik, s\u00f6khistorik och information om en konsuments interaktion med en webbplats, applikation eller reklam online<\/li><\/ul><\/p><p class=\"cmplz-subtitle\">Lagringsperiod<\/p><p>Vi beh\u00e5ller dessa uppgifter tills tj\u00e4nsten avslutas.<\/p><\/details><details class=\"cmplz-dropdown dropdown-privacy-statement\"><summary><div><h3>1.3 Registrera ett konto<\/h3><\/div><\/summary><p class=\"cmplz-subtitle\">F\u00f6r detta syfte anv\u00e4nder vi f\u00f6ljande uppgifter:<\/p><p><ul><li>F\u00f6r- och efternamn<\/li><li>Kontonamn eller alias<\/li><li>En e-postadress<\/li><li>IP-adress<\/li><\/ul><\/p><p class=\"cmplz-subtitle\">Lagringsperiod<\/p><p>Vi beh\u00e5ller dessa uppgifter tills tj\u00e4nsten avslutas.<\/p><\/details><details class=\"cmplz-dropdown dropdown-privacy-statement\"><summary><div><h3>1.4 Nyhetsbrev<\/h3><\/div><\/summary><p class=\"cmplz-subtitle\">F\u00f6r detta syfte anv\u00e4nder vi f\u00f6ljande uppgifter:<\/p><p><ul><li>F\u00f6r- och efternamn<\/li><li>Kontonamn eller alias<\/li><li>En e-postadress<\/li><li>En bostadsadress eller annan fysisk adress inklusive gatunamn och namn p\u00e5 ort<\/li><li>Ett telefonnummer<\/li><li>IP-adress<\/li><\/ul><\/p><p class=\"cmplz-subtitle\">Lagringsperiod<\/p><p>Vi beh\u00e5ller dessa uppgifter tills tj\u00e4nsten avslutas.<\/p><\/details><details class=\"cmplz-dropdown dropdown-privacy-statement\"><summary><div><h3>1.5 F\u00f6r att st\u00f6dja tj\u00e4nster eller produkter som en kund vill k\u00f6pa eller har k\u00f6pt<\/h3><\/div><\/summary><p class=\"cmplz-subtitle\">F\u00f6r detta syfte anv\u00e4nder vi f\u00f6ljande uppgifter:<\/p><p><ul><li>F\u00f6r- och efternamn<\/li><li>Kontonamn eller alias<\/li><li>En bostadsadress eller annan fysisk adress inklusive gatunamn och namn p\u00e5 ort<\/li><li>En e-postadress<\/li><li>Ett telefonnummer<\/li><li>Geolokalisering<\/li><\/ul><\/p><p class=\"cmplz-subtitle\">Lagringsperiod<\/p><p>Vi beh\u00e5ller dessa uppgifter tills tj\u00e4nsten avslutas.<\/p><\/details><details class=\"cmplz-dropdown dropdown-privacy-statement\"><summary><div><h3>1.6 F\u00f6r att kunna uppfylla r\u00e4ttsliga skyldigheter<\/h3><\/div><\/summary><p class=\"cmplz-subtitle\">Insamlingen kr\u00e4vs eller godk\u00e4nns enligt f\u00f6ljande lag eller domstolsbeslut:<\/p><p class=\"legal-obligations-description\"><\/p><p class=\"cmplz-subtitle\">F\u00f6r detta syfte anv\u00e4nder vi f\u00f6ljande uppgifter:<\/p><p><ul><li>F\u00f6r- och efternamn<\/li><li>Kontonamn eller alias<\/li><li>En bostadsadress eller annan fysisk adress inklusive gatunamn och namn p\u00e5 ort<\/li><li>En e-postadress<\/li><li>Ett telefonnummer<\/li><\/ul><\/p><p class=\"cmplz-subtitle\">Lagringsperiod<\/p><p>Vi beh\u00e5ller dessa uppgifter tills tj\u00e4nsten avslutas.<\/p><\/details><details class=\"cmplz-dropdown dropdown-privacy-statement\"><summary><div><h3>1.7 Sammanst\u00e4llning och analys av statistik f\u00f6r att f\u00f6rb\u00e4ttra webbplatsen.<\/h3><\/div><\/summary><p class=\"cmplz-subtitle\">F\u00f6r detta syfte anv\u00e4nder vi f\u00f6ljande uppgifter:<\/p><p><ul><li>F\u00f6r- och efternamn<\/li><li>En bostadsadress eller annan fysisk adress inklusive gatunamn och namn p\u00e5 ort<\/li><li>Kontonamn eller alias<\/li><li>En e-postadress<\/li><li>Ett telefonnummer<\/li><\/ul><\/p><p class=\"cmplz-subtitle\">Lagringsperiod<\/p><p>Vi beh\u00e5ller dessa uppgifter tills tj\u00e4nsten avslutas.<\/p><\/details><details class=\"cmplz-dropdown dropdown-privacy-statement\"><summary><div><h3>1.8 F\u00f6r att kunna erbjuda anpassade personliga produkter och tj\u00e4nster<\/h3><\/div><\/summary><p class=\"cmplz-subtitle\">F\u00f6r detta syfte anv\u00e4nder vi f\u00f6ljande uppgifter:<\/p><p><ul><li>F\u00f6r- och efternamn<\/li><li>Kontonamn eller alias<\/li><li>En bostadsadress eller annan fysisk adress inklusive gatunamn och namn p\u00e5 ort<\/li><li>En e-postadress<\/li><li>Ett telefonnummer<\/li><\/ul><\/p><p class=\"cmplz-subtitle\">Lagringsperiod<\/p><p>Vi beh\u00e5ller dessa uppgifter tills tj\u00e4nsten avslutas.<\/p><\/details><h2>2. Vad g\u00e4ller om du inte tillhandah\u00e5ller oss dina personuppgifter?<\/h2><p>Om du underl\u00e5ter att l\u00e4mna dina personuppgifter till oss kan det h\u00e4nda att vi inte kan ge dig den information, de produkter eller den hj\u00e4lp du s\u00f6ker.<\/p><h2>3. Delning med andra parter<\/h2><p>Vi delar eller avsl\u00f6jar endast dessa uppgifter till operat\u00f6rer i f\u00f6ljande syften:<\/p><p class=\"cmplz-subtitle\">Operat\u00f6rer<\/p><p><p>\n                <b>Namn:<\/b>&nbsp;Ny processor<br \/>\n                <b>Land:<\/b>&nbsp;<br \/>\n                <b>Syfte<\/b>&nbsp;<br \/>\n            <\/p><\/p><h2>4. Cookies<\/h2>F\u00f6r att ge de b\u00e4sta upplevelserna anv\u00e4nder vi och v\u00e5ra partners teknologier som cookies f\u00f6r att lagra och\/eller komma \u00e5t enhetsinformation. Genom att samtycka till dessa tekniker till\u00e5ter du oss och v\u00e5ra partners att behandla personuppgifter som surfbeteende eller unika ID:n p\u00e5 denna webbplats. Om du inte samtycker eller om du \u00e5terkallar ditt samtycke kan det p\u00e5verka vissa funktioner och tj\u00e4nster negativt. F\u00f6r mer information om dessa teknologier och partners, se v\u00e5r <a href=\"https:\/\/www.jfy-international.com\/sv\/cookie-policy-za\/\">Cookiepolicy<\/a>.&nbsp;<h2>5. Praxis f\u00f6r offentligg\u00f6rande av uppgifter<\/h2><p><p>Vi l\u00e4mnar ut personuppgifter om vi \u00e4r skyldiga att g\u00f6ra det enligt lag eller domstolsbeslut, som svar p\u00e5 en myndighet som utf\u00f6r brottsbek\u00e4mpning, i den m\u00e5n det \u00e4r till\u00e5tet enligt andra best\u00e4mmelser i lagen, f\u00f6r att l\u00e4mna ut information eller f\u00f6r en utredning som r\u00f6r allm\u00e4n s\u00e4kerhet.<\/p><p>Om v\u00e5r webbplats eller organisation tas \u00f6ver, s\u00e4ljs eller \u00e4r involverad i en sammanslagning eller ett f\u00f6rv\u00e4rv kan dina uppgifter avsl\u00f6jas f\u00f6r v\u00e5ra r\u00e5dgivare och eventuella potentiella k\u00f6pare samt \u00f6verl\u00e4mnas till de nya \u00e4garna.<\/p><\/p><p>JFY International deltar i IAB Europe Transparency &amp; Consent Framework och f\u00f6ljer dess specifikationer och principer. F\u00f6retaget anv\u00e4nder en Consent Management Platform med identifikationsnummer 332.&nbsp;<\/p>Vi har ing\u00e5tt ett databehandlingsavtal med Google.<h2>6. S\u00e4kerhet<\/h2>We are committed to protecting personal data. We take appropriate security measures to limit misuse and unauthorized access to personal data. This ensures that only necessary persons have access to your data, that access to the data is protected, and that our security measures are regularly reviewed.<h2>7. Tredje-parts webbplatser<\/h2>Denna integritetspolicy g\u00e4ller inte f\u00f6r webbplatser fr\u00e5n tredje part som \u00e4r l\u00e4nkade fr\u00e5n v\u00e5r webbplats. Vi kan inte garantera att dessa tredje parter hanterar dina personuppgifter p\u00e5 ett tillf\u00f6rlitligt eller s\u00e4kert s\u00e4tt. Vi rekommenderar att du l\u00e4ser dessa webbplatsers integritetspolicy innan du anv\u00e4nder dem.<h2>8. \u00c4ndringar av denna integritetspolicy<\/h2>Vi f\u00f6rbeh\u00e5ller oss r\u00e4tten att \u00e4ndra denna integritetspolicy. Vi rekommenderar att du regelbundet l\u00e4ser igenom denna integritetspolicy f\u00f6r att h\u00e5lla dig informerad om eventuella \u00e4ndringar. Vi kommer ocks\u00e5 att aktivt informera dig n\u00e4r det \u00e4r m\u00f6jligt.<h2>9. Tillg\u00e5ng till och redigering av dina uppgifter<\/h2><p>Om du har n\u00e5gra fr\u00e5gor eller vill veta vilka personuppgifter vi har om dig, v\u00e4nligen kontakta oss. Du kan kontakta oss genom att anv\u00e4nda informationen nedan. Du har f\u00f6ljande r\u00e4ttigheter:<\/p><ul>\n                <li>Du har r\u00e4tt att f\u00e5 veta varf\u00f6r dina personuppgifter beh\u00f6vs, vad som kommer att h\u00e4nda med dem och hur l\u00e4nge de kommer att sparas.<\/li>\n                <li>Tillg\u00e5ngsr\u00e4tt: Du har r\u00e4tt att f\u00e5 tillg\u00e5ng till dina personuppgifter som vi k\u00e4nner till.<\/li>\n                <li>R\u00e4tt till r\u00e4ttelse: Du har r\u00e4tt att komplettera, korrigera, f\u00e5 dina personuppgifter raderade eller blockerade n\u00e4r du vill.<\/li>\n                <li>Om du ger oss ditt samtycke till att behandla dina uppgifter har du r\u00e4tt att \u00e5terkalla detta samtycke och f\u00e5 dina personuppgifter raderade.<\/li>\n                <li>R\u00e4tt att inv\u00e4nda: Du har r\u00e4tt att inv\u00e4nda mot behandlingen av dina personuppgifter. Vi tar h\u00e4nsyn till din inv\u00e4ndning om det inte finns lagliga sk\u00e4l som v\u00e4ger tyngre f\u00f6r att forts\u00e4tta behandlingen.<\/li>\n            <\/ul><p>Se till att du alltid tydligt anger vem du \u00e4r, s\u00e5 att vi kan vara s\u00e4kra p\u00e5 att vi inte \u00e4ndrar eller raderar uppgifter om fel person.<\/p><h2>10. Inl\u00e4mning av klagom\u00e5l<\/h2>Om du inte \u00e4r n\u00f6jd med det s\u00e4tt p\u00e5 vilket vi hanterar (ett klagom\u00e5l om) behandlingen av dina personuppgifter har du r\u00e4tt att l\u00e4mna in ett klagom\u00e5l till Information Regulator South Africa:<br \/>P.O Box 31533,\n\t\t\t\t\t\t<br \/>Braamfontein,\n\t\t\t\t\t\t<br \/>Johannesburg,\n\t\t\t\t\t\t<br \/>2017\n\t\t\t\t\t\t<br \/>E-postadress f\u00f6r klagom\u00e5l:complaints.IR@justice.gov.za<h2>11. Under\u00e5riga<\/h2><p>V\u00e5r webbplats \u00e4r inte utformad f\u00f6r att locka barn och det \u00e4r inte v\u00e5r avsikt att samla in personuppgifter fr\u00e5n barn som inte har uppn\u00e5tt \u00e5ldern f\u00f6r samtycke i det land d\u00e4r de bor. Vi ber d\u00e4rf\u00f6r att barn under myndighets\u00e5ldern inte l\u00e4mnar n\u00e5gra personuppgifter till oss.<\/p><h2>12. Kontaktuppgifter<\/h2><p>JFY Internationell<br \/>\n        JFY International GmbH<br \/>\nSchulze-Delitzsch-Stra\u00dfe 41<br \/>\n70565 Stuttgart<br \/>\n        Tyskland<br \/>\n        Webbplats: <a href=\"https:\/\/www.jfy-international.com\/sv\">https:\/\/www.jfy-international.com\/sv<\/a> <br \/>\n        E-post: <span class=\"cmplz-obfuscate\">f\u00f6rs\u00e4ljning@<span class=\"cmplz-fmail-domain\">ex.com<\/span>jf&#121;&#045;in&#116;er&#110;a&#116;io&#110;&#097;&#108;&#046;co&#109;<\/span> <br \/>\n        Telefonnummer: 0049 7156 303 30576<\/p><p>Vi har utsett en kontaktperson f\u00f6r organisationens policyer och praxis och till vilken klagom\u00e5l eller f\u00f6rfr\u00e5gningar kan vidarebefordras:<br \/>Dominic Gastes<br \/>info@jfy-international.com<\/p><\/div>","protected":false},"excerpt":{"rendered":"","protected":false},"author":2,"featured_media":0,"parent":0,"menu_order":0,"comment_status":"closed","ping_status":"closed","template":"","meta":{"_acf_changed":false,"content-type":"","footnotes":""},"class_list":["post-16737","page","type-page","status-publish","hentry"],"acf":[],"yoast_head":"<!-- This site is optimized with the Yoast SEO plugin v27.4 - https:\/\/yoast.com\/product\/yoast-seo-wordpress\/ -->\n<title>Privacy Statement (ZA) - JFY International<\/title>\n<meta name=\"robots\" content=\"index, follow, max-snippet:-1, max-image-preview:large, max-video-preview:-1\" \/>\n<link rel=\"canonical\" href=\"https:\/\/www.jfy-international.com\/sv\/privacy-statement-za\/\" \/>\n<meta property=\"og:locale\" content=\"sv_SE\" \/>\n<meta property=\"og:type\" content=\"article\" \/>\n<meta property=\"og:title\" content=\"Privacy Statement (ZA) - JFY International\" \/>\n<meta property=\"og:url\" content=\"https:\/\/www.jfy-international.com\/sv\/privacy-statement-za\/\" \/>\n<meta property=\"og:site_name\" content=\"JFY International\" \/>\n<meta name=\"twitter:card\" content=\"summary_large_image\" \/>\n<script type=\"application\/ld+json\" class=\"yoast-schema-graph\">{\"@context\":\"https:\\\/\\\/schema.org\",\"@graph\":[{\"@type\":\"WebPage\",\"@id\":\"https:\\\/\\\/www.jfy-international.com\\\/privacy-statement-za\\\/\",\"url\":\"https:\\\/\\\/www.jfy-international.com\\\/privacy-statement-za\\\/\",\"name\":\"Privacy Statement (ZA) - JFY International\",\"isPartOf\":{\"@id\":\"http:\\\/\\\/xqcxryus.elementor.cloud\\\/en\\\/#website\"},\"datePublished\":\"2026-04-10T13:43:35+00:00\",\"breadcrumb\":{\"@id\":\"https:\\\/\\\/www.jfy-international.com\\\/privacy-statement-za\\\/#breadcrumb\"},\"inLanguage\":\"sv-SE\",\"potentialAction\":[{\"@type\":\"ReadAction\",\"target\":[\"https:\\\/\\\/www.jfy-international.com\\\/privacy-statement-za\\\/\"]}]},{\"@type\":\"BreadcrumbList\",\"@id\":\"https:\\\/\\\/www.jfy-international.com\\\/privacy-statement-za\\\/#breadcrumb\",\"itemListElement\":[{\"@type\":\"ListItem\",\"position\":1,\"name\":\"Home\",\"item\":\"https:\\\/\\\/www.jfy-international.com\\\/en\\\/\"},{\"@type\":\"ListItem\",\"position\":2,\"name\":\"Privacy Statement (ZA)\"}]},{\"@type\":\"WebSite\",\"@id\":\"http:\\\/\\\/xqcxryus.elementor.cloud\\\/en\\\/#website\",\"url\":\"http:\\\/\\\/xqcxryus.elementor.cloud\\\/en\\\/\",\"name\":\"JFY International\",\"description\":\"Machines like you\",\"publisher\":{\"@id\":\"http:\\\/\\\/xqcxryus.elementor.cloud\\\/en\\\/#organization\"},\"potentialAction\":[{\"@type\":\"SearchAction\",\"target\":{\"@type\":\"EntryPoint\",\"urlTemplate\":\"http:\\\/\\\/xqcxryus.elementor.cloud\\\/en\\\/?s={search_term_string}\"},\"query-input\":{\"@type\":\"PropertyValueSpecification\",\"valueRequired\":true,\"valueName\":\"search_term_string\"}}],\"inLanguage\":\"sv-SE\"},{\"@type\":\"Organization\",\"@id\":\"http:\\\/\\\/xqcxryus.elementor.cloud\\\/en\\\/#organization\",\"name\":\"JFY International\",\"url\":\"http:\\\/\\\/xqcxryus.elementor.cloud\\\/en\\\/\",\"logo\":{\"@type\":\"ImageObject\",\"inLanguage\":\"sv-SE\",\"@id\":\"http:\\\/\\\/xqcxryus.elementor.cloud\\\/en\\\/#\\\/schema\\\/logo\\\/image\\\/\",\"url\":\"https:\\\/\\\/www.jfy-international.com\\\/wp-content\\\/uploads\\\/2025\\\/01\\\/JFY.png\",\"contentUrl\":\"https:\\\/\\\/www.jfy-international.com\\\/wp-content\\\/uploads\\\/2025\\\/01\\\/JFY.png\",\"width\":1200,\"height\":450,\"caption\":\"JFY International\"},\"image\":{\"@id\":\"http:\\\/\\\/xqcxryus.elementor.cloud\\\/en\\\/#\\\/schema\\\/logo\\\/image\\\/\"},\"sameAs\":[\"https:\\\/\\\/www.linkedin.com\\\/company\\\/jfy-international\"]}]}<\/script>\n<!-- \/ Yoast SEO plugin. -->","yoast_head_json":{"title":"Privacy Statement (ZA) - JFY International","robots":{"index":"index","follow":"follow","max-snippet":"max-snippet:-1","max-image-preview":"max-image-preview:large","max-video-preview":"max-video-preview:-1"},"canonical":"https:\/\/www.jfy-international.com\/sv\/privacy-statement-za\/","og_locale":"sv_SE","og_type":"article","og_title":"Privacy Statement (ZA) - JFY International","og_url":"https:\/\/www.jfy-international.com\/sv\/privacy-statement-za\/","og_site_name":"JFY International","twitter_card":"summary_large_image","schema":{"@context":"https:\/\/schema.org","@graph":[{"@type":"WebPage","@id":"https:\/\/www.jfy-international.com\/privacy-statement-za\/","url":"https:\/\/www.jfy-international.com\/privacy-statement-za\/","name":"Privacy Statement (ZA) - JFY International","isPartOf":{"@id":"http:\/\/xqcxryus.elementor.cloud\/en\/#website"},"datePublished":"2026-04-10T13:43:35+00:00","breadcrumb":{"@id":"https:\/\/www.jfy-international.com\/privacy-statement-za\/#breadcrumb"},"inLanguage":"sv-SE","potentialAction":[{"@type":"ReadAction","target":["https:\/\/www.jfy-international.com\/privacy-statement-za\/"]}]},{"@type":"BreadcrumbList","@id":"https:\/\/www.jfy-international.com\/privacy-statement-za\/#breadcrumb","itemListElement":[{"@type":"ListItem","position":1,"name":"Home","item":"https:\/\/www.jfy-international.com\/en\/"},{"@type":"ListItem","position":2,"name":"Privacy Statement (ZA)"}]},{"@type":"WebSite","@id":"http:\/\/xqcxryus.elementor.cloud\/en\/#website","url":"http:\/\/xqcxryus.elementor.cloud\/en\/","name":"JFY Internationell","description":"Maskiner som du","publisher":{"@id":"http:\/\/xqcxryus.elementor.cloud\/en\/#organization"},"potentialAction":[{"@type":"SearchAction","target":{"@type":"EntryPoint","urlTemplate":"http:\/\/xqcxryus.elementor.cloud\/en\/?s={search_term_string}"},"query-input":{"@type":"PropertyValueSpecification","valueRequired":true,"valueName":"search_term_string"}}],"inLanguage":"sv-SE"},{"@type":"Organization","@id":"http:\/\/xqcxryus.elementor.cloud\/en\/#organization","name":"JFY Internationell","url":"http:\/\/xqcxryus.elementor.cloud\/en\/","logo":{"@type":"ImageObject","inLanguage":"sv-SE","@id":"http:\/\/xqcxryus.elementor.cloud\/en\/#\/schema\/logo\/image\/","url":"https:\/\/www.jfy-international.com\/wp-content\/uploads\/2025\/01\/JFY.png","contentUrl":"https:\/\/www.jfy-international.com\/wp-content\/uploads\/2025\/01\/JFY.png","width":1200,"height":450,"caption":"JFY International"},"image":{"@id":"http:\/\/xqcxryus.elementor.cloud\/en\/#\/schema\/logo\/image\/"},"sameAs":["https:\/\/www.linkedin.com\/company\/jfy-international"]}]}},"_links":{"self":[{"href":"https:\/\/www.jfy-international.com\/sv\/wp-json\/wp\/v2\/pages\/16737","targetHints":{"allow":["GET"]}}],"collection":[{"href":"https:\/\/www.jfy-international.com\/sv\/wp-json\/wp\/v2\/pages"}],"about":[{"href":"https:\/\/www.jfy-international.com\/sv\/wp-json\/wp\/v2\/types\/page"}],"author":[{"embeddable":true,"href":"https:\/\/www.jfy-international.com\/sv\/wp-json\/wp\/v2\/users\/2"}],"replies":[{"embeddable":true,"href":"https:\/\/www.jfy-international.com\/sv\/wp-json\/wp\/v2\/comments?post=16737"}],"version-history":[{"count":0,"href":"https:\/\/www.jfy-international.com\/sv\/wp-json\/wp\/v2\/pages\/16737\/revisions"}],"wp:attachment":[{"href":"https:\/\/www.jfy-international.com\/sv\/wp-json\/wp\/v2\/media?parent=16737"}],"curies":[{"name":"wp","href":"https:\/\/api.w.org\/{rel}","templated":true}]}}